{"id":738113,"date":"2025-08-27T23:42:57","date_gmt":"2025-08-27T20:42:57","guid":{"rendered":"https:\/\/roveyayinevi.com.tr\/index.php\/urun\/berke-bu-ne-ofke\/"},"modified":"2026-04-16T02:47:52","modified_gmt":"2026-04-15T23:47:52","slug":"berke-bu-ne-ofke","status":"publish","type":"product","link":"https:\/\/roveyayinevi.com.tr\/index.php\/urun\/berke-bu-ne-ofke\/","title":{"rendered":"Berke, Bu Ne \u00d6fke?"},"content":{"rendered":"<p>Berke \u00e7ok \u00f6fkeli. Neden mi? \u00c7\u00fcnk\u00fc itfaiye arabas\u0131 bozuldu. Berke o kadar k\u0131zd\u0131 ki itfaiye arabas\u0131na bir tekme att\u0131. Ama \u00f6fkeyle yapt\u0131\u011f\u0131 bu hareket onu yat\u0131\u015ft\u0131rmad\u0131. Sonra oyuncak timsah\u0131n\u0131 kapt\u0131\u011f\u0131 gibi en yak\u0131n arkada\u015f\u0131 olan kedisi F\u0131nd\u0131k\u2019a f\u0131rlatt\u0131. Neyse ki F\u0131nd\u0131k tam zaman\u0131nda ka\u00e7t\u0131. Berke korkmu\u015ftu. Bozulan itfaiye arabas\u0131n\u0131n bir \u00f6nemi kalmam\u0131\u015ft\u0131 art\u0131k. \u0130nsan en yak\u0131n arkada\u015f\u0131na b\u00f6yle davran\u0131r m\u0131 hi\u00e7? Bakal\u0131m Berke \u00f6fkesiyle nas\u0131l ba\u015f edecek? <\/p>\n","protected":false},"excerpt":{"rendered":"<p>Berke \u00e7ok \u00f6fkeli. Neden mi? \u00c7\u00fcnk\u00fc itfaiye arabas\u0131 bozuldu. Berke o kadar k\u0131zd\u0131 ki itfaiye arabas\u0131na bir tekme att\u0131. Ama \u00f6fkeyle yapt\u0131\u011f\u0131 bu hareket onu yat\u0131\u015ft\u0131rmad\u0131.<span class=\"excerpt-hellip\"> [\u2026]<\/span><\/p>\n","protected":false},"featured_media":0,"template":"","meta":{"_monsterinsights_skip_tracking":false,"_monsterinsights_sitenote_active":false,"_monsterinsights_sitenote_note":"","_monsterinsights_sitenote_category":0},"product_brand":[],"product_cat":[12274,12284],"product_tag":[],"class_list":{"0":"post-738113","1":"product","2":"type-product","3":"status-publish","5":"product_cat-cocuk-ve-genclik-kitaplari","6":"product_cat-hikayeler","7":"pa_cilt-ciltsiz","8":"pa_tur-kitap","9":"pa_yayinevi-yapi-kredi-yayinlari","10":"pa_yazar-peter-wicke-edith-schreiber-wicke","12":"first","13":"instock","14":"sale","15":"shipping-taxable","16":"purchasable","17":"product-type-simple"},"_links":{"self":[{"href":"https:\/\/roveyayinevi.com.tr\/index.php\/wp-json\/wp\/v2\/product\/738113","targetHints":{"allow":["GET"]}}],"collection":[{"href":"https:\/\/roveyayinevi.com.tr\/index.php\/wp-json\/wp\/v2\/product"}],"about":[{"href":"https:\/\/roveyayinevi.com.tr\/index.php\/wp-json\/wp\/v2\/types\/product"}],"wp:attachment":[{"href":"https:\/\/roveyayinevi.com.tr\/index.php\/wp-json\/wp\/v2\/media?parent=738113"}],"wp:term":[{"taxonomy":"product_brand","embeddable":true,"href":"https:\/\/roveyayinevi.com.tr\/index.php\/wp-json\/wp\/v2\/product_brand?post=738113"},{"taxonomy":"product_cat","embeddable":true,"href":"https:\/\/roveyayinevi.com.tr\/index.php\/wp-json\/wp\/v2\/product_cat?post=738113"},{"taxonomy":"product_tag","embeddable":true,"href":"https:\/\/roveyayinevi.com.tr\/index.php\/wp-json\/wp\/v2\/product_tag?post=738113"}],"curies":[{"name":"wp","href":"https:\/\/api.w.org\/{rel}","templated":true}]}}