{"id":738111,"date":"2025-08-27T23:42:54","date_gmt":"2025-08-27T20:42:54","guid":{"rendered":"https:\/\/roveyayinevi.com.tr\/index.php\/urun\/bremen-mizikacilari-6\/"},"modified":"2026-04-08T02:56:12","modified_gmt":"2026-04-07T23:56:12","slug":"bremen-mizikacilari-6","status":"publish","type":"product","link":"https:\/\/roveyayinevi.com.tr\/index.php\/urun\/bremen-mizikacilari-6\/","title":{"rendered":"Bremen M\u0131z\u0131kac\u0131lar\u0131"},"content":{"rendered":"<p>Arkada\u015flar! Bir Olal\u0131m\u2026 19. y\u00fczy\u0131ldan bug\u00fcne masallar\u0131yla \u00e7ocuklar\u0131 derinden etkileyen Grimm Karde\u015fler\u2019den bir ba\u015fka efsanevi masal: Bremen M\u0131z\u0131kac\u0131lar\u0131\u2026 Yap\u0131 Kredi Yay\u0131nlar\u0131 daha \u00f6nce Grimm Karde\u015fler\u2019in \u201cKurt ile Yedi Ke\u00e7i Yavrusu\u201d ve \u201cRapunzel\u201d adl\u0131 masallar\u0131n\u0131 resimli yeni bask\u0131lar\u0131yla yay\u0131mlam\u0131\u015ft\u0131. \u015eimdi s\u0131rada bir ba\u015fka efsanevi masal var: \u201cBremen M\u0131z\u0131kac\u0131lar\u0131\u201d\u2026 K\u00e2muran \u015eipal\u2019in \u00e7evirisi, Se\u00e7il \u00c7okan\u2019\u0131n resimleriyle\u2026 Sahipleri taraf\u0131ndan k\u00f6t\u00fc davran\u0131lan hayvanlar, canlar\u0131n\u0131 kurtarmak i\u00e7in yollara d\u00fc\u015ferse ve yollar\u0131 birbiriyle kesi\u015firse ne olur? Grimm Karde\u015fler\u2019in unutulmaz masal\u0131 \u201cBremen M\u0131z\u0131kac\u0131lar\u0131\u201d ezilen, d\u00f6v\u00fclen, a\u015fa\u011f\u0131lanan bir e\u015fe\u011fin, k\u00f6pe\u011fin, kedinin ve horozun g\u00fc\u00e7lerini birle\u015ftirdiklerinde hayatlar\u0131n\u0131n nas\u0131l de\u011fi\u015fti\u011fini anlat\u0131yor. <\/p>\n","protected":false},"excerpt":{"rendered":"<p>Arkada\u015flar! Bir Olal\u0131m\u2026 19. y\u00fczy\u0131ldan bug\u00fcne masallar\u0131yla \u00e7ocuklar\u0131 derinden etkileyen Grimm Karde\u015fler\u2019den bir ba\u015fka efsanevi masal: Bremen M\u0131z\u0131kac\u0131lar\u0131\u2026 Yap\u0131 Kredi Yay\u0131nlar\u0131 daha \u00f6nce Grimm Karde\u015fler\u2019in \u201cKurt<span class=\"excerpt-hellip\"> [\u2026]<\/span><\/p>\n","protected":false},"featured_media":0,"template":"","meta":{"_monsterinsights_skip_tracking":false,"_monsterinsights_sitenote_active":false,"_monsterinsights_sitenote_note":"","_monsterinsights_sitenote_category":0},"product_brand":[],"product_cat":[12274,12284],"product_tag":[],"class_list":{"0":"post-738111","1":"product","2":"type-product","3":"status-publish","5":"product_cat-cocuk-ve-genclik-kitaplari","6":"product_cat-hikayeler","7":"pa_cilt-ciltsiz","8":"pa_tur-kitap","9":"pa_yayinevi-yapi-kredi-yayinlari","10":"pa_yazar-grimm-kardesler","12":"first","13":"instock","14":"sale","15":"shipping-taxable","16":"purchasable","17":"product-type-simple"},"_links":{"self":[{"href":"https:\/\/roveyayinevi.com.tr\/index.php\/wp-json\/wp\/v2\/product\/738111","targetHints":{"allow":["GET"]}}],"collection":[{"href":"https:\/\/roveyayinevi.com.tr\/index.php\/wp-json\/wp\/v2\/product"}],"about":[{"href":"https:\/\/roveyayinevi.com.tr\/index.php\/wp-json\/wp\/v2\/types\/product"}],"wp:attachment":[{"href":"https:\/\/roveyayinevi.com.tr\/index.php\/wp-json\/wp\/v2\/media?parent=738111"}],"wp:term":[{"taxonomy":"product_brand","embeddable":true,"href":"https:\/\/roveyayinevi.com.tr\/index.php\/wp-json\/wp\/v2\/product_brand?post=738111"},{"taxonomy":"product_cat","embeddable":true,"href":"https:\/\/roveyayinevi.com.tr\/index.php\/wp-json\/wp\/v2\/product_cat?post=738111"},{"taxonomy":"product_tag","embeddable":true,"href":"https:\/\/roveyayinevi.com.tr\/index.php\/wp-json\/wp\/v2\/product_tag?post=738111"}],"curies":[{"name":"wp","href":"https:\/\/api.w.org\/{rel}","templated":true}]}}