{"id":738110,"date":"2025-08-27T23:42:53","date_gmt":"2025-08-27T20:42:53","guid":{"rendered":"https:\/\/roveyayinevi.com.tr\/index.php\/urun\/beklenmedik-misafir\/"},"modified":"2026-04-16T02:47:52","modified_gmt":"2026-04-15T23:47:52","slug":"beklenmedik-misafir","status":"publish","type":"product","link":"https:\/\/roveyayinevi.com.tr\/index.php\/urun\/beklenmedik-misafir\/","title":{"rendered":"Beklenmedik Misafir"},"content":{"rendered":"<p>Leo orman\u0131n k\u0131y\u0131s\u0131nda, ah\u015fap bir evde ya\u015f\u0131yordu. Onu \u00e7ok seven bir sahibi vard\u0131 ama oyun oynayabilece\u011fi tek bir arkada\u015f\u0131 bile yoktu. Kedici\u011fin can\u0131 \u00e7ok s\u0131k\u0131l\u0131yordu ta ki bir g\u00fcn ceviz a\u011fac\u0131n\u0131n alt\u0131nda dald\u0131\u011f\u0131 uykudan uyanana kadar. Karlarla kapl\u0131 \u0131\u015f\u0131l \u0131\u015f\u0131l bir ormandan s\u0131ms\u0131cac\u0131k bir dostluk hik\u00e2yesi\u2026 <\/p>\n","protected":false},"excerpt":{"rendered":"<p>Leo orman\u0131n k\u0131y\u0131s\u0131nda, ah\u015fap bir evde ya\u015f\u0131yordu. Onu \u00e7ok seven bir sahibi vard\u0131 ama oyun oynayabilece\u011fi tek bir arkada\u015f\u0131 bile yoktu. Kedici\u011fin can\u0131 \u00e7ok s\u0131k\u0131l\u0131yordu ta<span class=\"excerpt-hellip\"> [\u2026]<\/span><\/p>\n","protected":false},"featured_media":0,"template":"","meta":{"_monsterinsights_skip_tracking":false,"_monsterinsights_sitenote_active":false,"_monsterinsights_sitenote_note":"","_monsterinsights_sitenote_category":0},"product_brand":[],"product_cat":[12274,12284],"product_tag":[],"class_list":{"0":"post-738110","1":"product","2":"type-product","3":"status-publish","5":"product_cat-cocuk-ve-genclik-kitaplari","6":"product_cat-hikayeler","7":"pa_cilt-ciltsiz","8":"pa_tur-kitap","9":"pa_yayinevi-yapi-kredi-yayinlari","10":"pa_yazar-feridun-oral","12":"first","13":"instock","14":"sale","15":"shipping-taxable","16":"purchasable","17":"product-type-simple"},"_links":{"self":[{"href":"https:\/\/roveyayinevi.com.tr\/index.php\/wp-json\/wp\/v2\/product\/738110","targetHints":{"allow":["GET"]}}],"collection":[{"href":"https:\/\/roveyayinevi.com.tr\/index.php\/wp-json\/wp\/v2\/product"}],"about":[{"href":"https:\/\/roveyayinevi.com.tr\/index.php\/wp-json\/wp\/v2\/types\/product"}],"wp:attachment":[{"href":"https:\/\/roveyayinevi.com.tr\/index.php\/wp-json\/wp\/v2\/media?parent=738110"}],"wp:term":[{"taxonomy":"product_brand","embeddable":true,"href":"https:\/\/roveyayinevi.com.tr\/index.php\/wp-json\/wp\/v2\/product_brand?post=738110"},{"taxonomy":"product_cat","embeddable":true,"href":"https:\/\/roveyayinevi.com.tr\/index.php\/wp-json\/wp\/v2\/product_cat?post=738110"},{"taxonomy":"product_tag","embeddable":true,"href":"https:\/\/roveyayinevi.com.tr\/index.php\/wp-json\/wp\/v2\/product_tag?post=738110"}],"curies":[{"name":"wp","href":"https:\/\/api.w.org\/{rel}","templated":true}]}}