{"id":738108,"date":"2025-08-27T23:42:51","date_gmt":"2025-08-27T20:42:51","guid":{"rendered":"https:\/\/roveyayinevi.com.tr\/index.php\/urun\/dunya-uzerine-kucuk-bir-kitap\/"},"modified":"2026-04-16T02:47:52","modified_gmt":"2026-04-15T23:47:52","slug":"dunya-uzerine-kucuk-bir-kitap","status":"publish","type":"product","link":"https:\/\/roveyayinevi.com.tr\/index.php\/urun\/dunya-uzerine-kucuk-bir-kitap\/","title":{"rendered":"D\u00fcnya \u00dczerine K\u00fc\u00e7\u00fck Bir Kitap"},"content":{"rendered":"<p>\u201cD\u00fcnyam\u0131za sayg\u0131 duymak gibi \u00e7ok \u00f6nemli de\u011ferler \u00fczerine \u00f6zel olarak haz\u0131rlanm\u0131\u015f bu k\u00fc\u00e7\u00fck kitab\u0131 elinizden b\u0131rakamayacaks\u0131n\u0131z. \u00c7\u00fcnk\u00fc okumak, b\u00fcy\u00fcmemize ve bize yuva olan d\u00fcnyam\u0131z\u0131 ke\u015ffetmemize yard\u0131mc\u0131 olur, size Geronimo s\u00f6z\u00fc.\u201d   Geronimo Stilton.   Hafta sonunu yemye\u015fil do\u011fada muhte\u015fem a\u011fa\u00e7lar, hayvanlar, renkler ve sesler aras\u0131nda ge\u00e7irme fikri kula\u011fa ne g\u00fczel geliyor de\u011fil mi? Ailemle birlikte Do\u011fal Beyaz Denizkabu\u011fu Yata\u011f\u0131\u2019n\u0131 ke\u015ffetmek i\u00e7in macera dolu bir yolculu\u011fa \u00e7\u0131kt\u0131k. Do\u011fam\u0131z\u0131 koruman\u0131n ilk ad\u0131m\u0131 bize yuva olan gezegenimizi tan\u0131makla ba\u015fl\u0131yor. Gelin bu maceraya siz de kat\u0131l\u0131n! <\/p>\n","protected":false},"excerpt":{"rendered":"<p>\u201cD\u00fcnyam\u0131za sayg\u0131 duymak gibi \u00e7ok \u00f6nemli de\u011ferler \u00fczerine \u00f6zel olarak haz\u0131rlanm\u0131\u015f bu k\u00fc\u00e7\u00fck kitab\u0131 elinizden b\u0131rakamayacaks\u0131n\u0131z. \u00c7\u00fcnk\u00fc okumak, b\u00fcy\u00fcmemize ve bize yuva olan d\u00fcnyam\u0131z\u0131 ke\u015ffetmemize yard\u0131mc\u0131<span class=\"excerpt-hellip\"> [\u2026]<\/span><\/p>\n","protected":false},"featured_media":0,"template":"","meta":{"_monsterinsights_skip_tracking":false,"_monsterinsights_sitenote_active":false,"_monsterinsights_sitenote_note":"","_monsterinsights_sitenote_category":0},"product_brand":[],"product_cat":[12274,12284],"product_tag":[],"class_list":{"0":"post-738108","1":"product","2":"type-product","3":"status-publish","5":"product_cat-cocuk-ve-genclik-kitaplari","6":"product_cat-hikayeler","7":"pa_cilt-ciltsiz","8":"pa_tur-kitap","9":"pa_yayinevi-yapi-kredi-yayinlari","10":"pa_yazar-geronimo-stilton","12":"first","13":"instock","14":"sale","15":"shipping-taxable","16":"purchasable","17":"product-type-simple"},"_links":{"self":[{"href":"https:\/\/roveyayinevi.com.tr\/index.php\/wp-json\/wp\/v2\/product\/738108","targetHints":{"allow":["GET"]}}],"collection":[{"href":"https:\/\/roveyayinevi.com.tr\/index.php\/wp-json\/wp\/v2\/product"}],"about":[{"href":"https:\/\/roveyayinevi.com.tr\/index.php\/wp-json\/wp\/v2\/types\/product"}],"wp:attachment":[{"href":"https:\/\/roveyayinevi.com.tr\/index.php\/wp-json\/wp\/v2\/media?parent=738108"}],"wp:term":[{"taxonomy":"product_brand","embeddable":true,"href":"https:\/\/roveyayinevi.com.tr\/index.php\/wp-json\/wp\/v2\/product_brand?post=738108"},{"taxonomy":"product_cat","embeddable":true,"href":"https:\/\/roveyayinevi.com.tr\/index.php\/wp-json\/wp\/v2\/product_cat?post=738108"},{"taxonomy":"product_tag","embeddable":true,"href":"https:\/\/roveyayinevi.com.tr\/index.php\/wp-json\/wp\/v2\/product_tag?post=738108"}],"curies":[{"name":"wp","href":"https:\/\/api.w.org\/{rel}","templated":true}]}}