{"id":738107,"date":"2025-08-27T23:42:49","date_gmt":"2025-08-27T20:42:49","guid":{"rendered":"https:\/\/roveyayinevi.com.tr\/index.php\/urun\/gun-olur\/"},"modified":"2026-04-16T02:47:52","modified_gmt":"2026-04-15T23:47:52","slug":"gun-olur","status":"publish","type":"product","link":"https:\/\/roveyayinevi.com.tr\/index.php\/urun\/gun-olur\/","title":{"rendered":"G\u00fcn Olur"},"content":{"rendered":"<p>Orhan Veli soka\u011f\u0131n, denizin, do\u011fan\u0131n, g\u00fcnl\u00fck hayat\u0131n seslerini \u015fiirlerinde ya\u015fatan, her okurun ya\u015fama sevinci buldu\u011fu, edebiyat\u0131m\u0131z\u0131n \u00f6nemli \u015fairlerinden biri. \u015eairin sevilen \u015fiirlerinden bir se\u00e7kiyi Ay\u015fe \u0130nan\u2019\u0131n resimleriyle bulu\u015fturan G\u00fcn Olur\u2019u, Filiz \u00d6zdem yay\u0131na haz\u0131rlad\u0131.   G\u00fcn Olur, G\u00fcn olur, al\u0131r ba\u015f\u0131m\u0131 giderim, Denizden yeni \u00e7\u0131km\u0131\u015f a\u011flar\u0131n kokusunda \u015eu ada senin, bu ada benim, Yelkovan ku\u015flar\u0131n\u0131n pe\u015fi s\u0131ra. <\/p>\n","protected":false},"excerpt":{"rendered":"<p>Orhan Veli soka\u011f\u0131n, denizin, do\u011fan\u0131n, g\u00fcnl\u00fck hayat\u0131n seslerini \u015fiirlerinde ya\u015fatan, her okurun ya\u015fama sevinci buldu\u011fu, edebiyat\u0131m\u0131z\u0131n \u00f6nemli \u015fairlerinden biri. \u015eairin sevilen \u015fiirlerinden bir se\u00e7kiyi Ay\u015fe \u0130nan\u2019\u0131n<span class=\"excerpt-hellip\"> [\u2026]<\/span><\/p>\n","protected":false},"featured_media":0,"template":"","meta":{"_monsterinsights_skip_tracking":false,"_monsterinsights_sitenote_active":false,"_monsterinsights_sitenote_note":"","_monsterinsights_sitenote_category":0},"product_brand":[],"product_cat":[12275,12274],"product_tag":[],"class_list":{"0":"post-738107","1":"product","2":"type-product","3":"status-publish","5":"product_cat-6-12-yas-kitaplari","6":"product_cat-cocuk-ve-genclik-kitaplari","7":"pa_cilt-ciltsiz","8":"pa_tur-kitap","9":"pa_yayinevi-yapi-kredi-yayinlari","10":"pa_yazar-orhan-veli-kanik","12":"first","13":"instock","14":"sale","15":"shipping-taxable","16":"purchasable","17":"product-type-simple"},"_links":{"self":[{"href":"https:\/\/roveyayinevi.com.tr\/index.php\/wp-json\/wp\/v2\/product\/738107","targetHints":{"allow":["GET"]}}],"collection":[{"href":"https:\/\/roveyayinevi.com.tr\/index.php\/wp-json\/wp\/v2\/product"}],"about":[{"href":"https:\/\/roveyayinevi.com.tr\/index.php\/wp-json\/wp\/v2\/types\/product"}],"wp:attachment":[{"href":"https:\/\/roveyayinevi.com.tr\/index.php\/wp-json\/wp\/v2\/media?parent=738107"}],"wp:term":[{"taxonomy":"product_brand","embeddable":true,"href":"https:\/\/roveyayinevi.com.tr\/index.php\/wp-json\/wp\/v2\/product_brand?post=738107"},{"taxonomy":"product_cat","embeddable":true,"href":"https:\/\/roveyayinevi.com.tr\/index.php\/wp-json\/wp\/v2\/product_cat?post=738107"},{"taxonomy":"product_tag","embeddable":true,"href":"https:\/\/roveyayinevi.com.tr\/index.php\/wp-json\/wp\/v2\/product_tag?post=738107"}],"curies":[{"name":"wp","href":"https:\/\/api.w.org\/{rel}","templated":true}]}}