{"id":738106,"date":"2025-08-27T23:42:48","date_gmt":"2025-08-27T20:42:48","guid":{"rendered":"https:\/\/roveyayinevi.com.tr\/index.php\/urun\/ekrem-alican-gunlukler-1954-1956\/"},"modified":"2026-04-16T02:47:52","modified_gmt":"2026-04-15T23:47:52","slug":"ekrem-alican-gunlukler-1954-1956","status":"publish","type":"product","link":"https:\/\/roveyayinevi.com.tr\/index.php\/urun\/ekrem-alican-gunlukler-1954-1956\/","title":{"rendered":"Ekrem Alican G\u00fcnl\u00fckler 1954 \u2013 1956"},"content":{"rendered":"<p>Bu kitap Ekrem Alican\u2019\u0131n 1954-1956 y\u0131llar\u0131 aras\u0131nda tuttu\u011fu g\u00fcnl\u00fcklerden olu\u015fmaktad\u0131r. Politikaya Demokrat Parti saflar\u0131nda ba\u015flayan, Menderes\u2019in bask\u0131c\u0131 politikalar\u0131na kar\u015f\u0131 \u00e7\u0131karak DP\u2019den ayr\u0131l\u0131p H\u00fcrriyet Partisi\u2019ni ve daha sonra Yeni T\u00fcrkiye Partisi\u2019ni kurup Maliye Bakanl\u0131\u011f\u0131, Ba\u015fbakanl\u0131k Yard\u0131mc\u0131l\u0131\u011f\u0131 yapan Alican \u00e7ok partili T\u00fcrk siyasi hayat\u0131n\u0131n ilgin\u00e7 ki\u015filerinden biridir. Asker\u00ee darbeler, darbe giri\u015fimleri, se\u00e7im ittifaklar\u0131, koalisyonlarla dolu \u00e7alkant\u0131l\u0131 bir d\u00f6nemde siyaset yapm\u0131\u015f ilkeli bir siyaset\u00e7inin her ne pahas\u0131na olursa olsun inand\u0131\u011f\u0131 fikirlerden taviz vermeden nas\u0131l m\u00fccadele etti\u011fini bu g\u00fcnl\u00fckte okuyacaks\u0131n\u0131z.   Y\u00fcz y\u0131ldan fazla bir zamandan beri memleketimizde devam edegelen h\u00fcrriyet m\u00fccadelesinin bazen siyasi ve tarih\u00ee \u015fartlar\u0131n elveri\u015fsizli\u011fi, bazen de lider mevkiinde olanlar\u0131n davaya sadakatsizlikleri y\u00fcz\u00fcnden h\u00e2l\u00e2 ba\u015far\u0131ya ula\u015fmam\u0131\u015f olmas\u0131 cidden elem vericidir. Yak\u0131n tarihimizin tecr\u00fcbeleri, milletimizin demokrasiye lay\u0131k oldu\u011funu ve bu rejimin gerektirdi\u011fi olgunlu\u011fa sahip bulundu\u011funu ispat etti\u011fi h\u00e2lde rejim Bat\u0131l\u0131 manas\u0131nda esaslar\u0131n\u0131 kavramam\u0131\u015f ve davaya y\u00fcrekten inanmam\u0131\u015f insanlar taraf\u0131ndan bir defa daha tereddiye u\u011frat\u0131lm\u0131\u015ft\u0131r. Son DP tecr\u00fcbesi bunun hazin ve ac\u0131 bir misali olmu\u015ftur. Her \u015feyden evvel bir zihniyet ve terbiye meselesi olan demokratik ruhun keyfili\u011fe ve iktidar h\u0131rs\u0131na kurban edilmi\u015f olmas\u0131, memleketimizi siyasi, idari, i\u00e7timai ve iktisadi sahalarda gerekli inki\u015faflardan mahrum b\u0131rakm\u0131\u015ft\u0131r. Her sahada b\u00fcy\u00fck bir s\u00fcratle geli\u015fen muas\u0131r milletler aras\u0131nda yer alman\u0131n, mill\u00ee bekam\u0131z\u0131 temin etmenin ve Bat\u0131 medeniyeti seviyesine y\u00fckselmenin tek yolu, Bat\u0131l\u0131 manas\u0131nda demokrasiyi b\u00fct\u00fcn inki\u015faflar\u0131yla ger\u00e7ekle\u015ftirmektir.   Bat\u0131l\u0131 manada demokrasiden, amme i\u015flerinin g\u00f6r\u00fclmesine, b\u00fct\u00fcn vatanda\u015flar\u0131n i\u015ftiraki ve bu i\u015flerin tam bir m\u00fcnaka\u015fa, m\u00fczakere ve murakabe serbestisi i\u00e7inde y\u00fcr\u00fct\u00fclmesi, hakikatin, namusun, fazilet ve vatanperverli\u011fin hi\u00e7bir kimsenin inhisar\u0131nda bulunmamas\u0131 hususlar\u0131 anla\u015f\u0131l\u0131r. Demokratik rejim, hareket noktas\u0131nda insan\u0131n bizatihi bir de\u011fer oldu\u011funu kabul etti\u011fi gibi gayesi itibar\u0131yla da ferde kendini \u00e7evreleyen cemiyet i\u00e7inde azami h\u00fcrriyet, refah, saadet ve geli\u015fme imk\u00e2nlar\u0131n\u0131n sa\u011flanmas\u0131n\u0131 hedef tutar. Bu bak\u0131mdan insan hak ve h\u00fcrriyetleri demokratik rejimin temellerini te\u015fkil ederler. Demokrat Parti sevk ve idaresinin demokratik rejimin geli\u015fmesini sa\u011flayacak asgari bir zihniyete sahip olmay\u0131\u015f\u0131, program ve t\u00fcz\u00fc\u011f\u00fcndeki ana prensip ve hedeflere bilhassa son y\u0131llarda ayk\u0131r\u0131 bir yol tutmu\u015f olmas\u0131 y\u00fcz\u00fcnden art\u0131k bu partide arad\u0131\u011f\u0131m\u0131z\u0131 milletle beraber bulamaz olduk. Ta 1946 y\u0131l\u0131ndan beri kurulu\u015funa her birimizin emek ve program\u0131na fikir kat\u0131p g\u00f6n\u00fcl verdi\u011fimiz fakat siyasi faaliyetimiz i\u00e7in zaruri olan demokratik havan\u0131n bozulmu\u015f olmas\u0131ndan dolay\u0131 DP\u2019den ayr\u0131lmak zorunda b\u0131rak\u0131ld\u0131k. \u0130\u015fte bu y\u00fczdendir ki millet\u00e7e izhar edilen arzuyu g\u00f6z \u00f6n\u00fcnde tutarak yeni bir parti kurmak l\u00fczum ve zaruretini duyduk. Kuraca\u011f\u0131m\u0131z partinin ad\u0131 \u201cH\u00fcrriyet Partisi\u201d olacakt\u0131r. <\/p>\n","protected":false},"excerpt":{"rendered":"<p>Bu kitap Ekrem Alican\u2019\u0131n 1954-1956 y\u0131llar\u0131 aras\u0131nda tuttu\u011fu g\u00fcnl\u00fcklerden olu\u015fmaktad\u0131r. Politikaya Demokrat Parti saflar\u0131nda ba\u015flayan, Menderes\u2019in bask\u0131c\u0131 politikalar\u0131na kar\u015f\u0131 \u00e7\u0131karak DP\u2019den ayr\u0131l\u0131p H\u00fcrriyet Partisi\u2019ni ve daha<span class=\"excerpt-hellip\"> [\u2026]<\/span><\/p>\n","protected":false},"featured_media":0,"template":"","meta":{"_monsterinsights_skip_tracking":false,"_monsterinsights_sitenote_active":false,"_monsterinsights_sitenote_note":"","_monsterinsights_sitenote_category":0},"product_brand":[],"product_cat":[13701,12291],"product_tag":[],"class_list":{"0":"post-738106","1":"product","2":"type-product","3":"status-publish","5":"product_cat-ani-mektup-gunluk","6":"product_cat-edebiyat","7":"pa_cilt-ciltsiz","8":"pa_tur-kitap","9":"pa_yayinevi-yapi-kredi-yayinlari","10":"pa_yazar-ekrem-alican","12":"first","13":"instock","14":"sale","15":"shipping-taxable","16":"purchasable","17":"product-type-simple"},"_links":{"self":[{"href":"https:\/\/roveyayinevi.com.tr\/index.php\/wp-json\/wp\/v2\/product\/738106","targetHints":{"allow":["GET"]}}],"collection":[{"href":"https:\/\/roveyayinevi.com.tr\/index.php\/wp-json\/wp\/v2\/product"}],"about":[{"href":"https:\/\/roveyayinevi.com.tr\/index.php\/wp-json\/wp\/v2\/types\/product"}],"wp:attachment":[{"href":"https:\/\/roveyayinevi.com.tr\/index.php\/wp-json\/wp\/v2\/media?parent=738106"}],"wp:term":[{"taxonomy":"product_brand","embeddable":true,"href":"https:\/\/roveyayinevi.com.tr\/index.php\/wp-json\/wp\/v2\/product_brand?post=738106"},{"taxonomy":"product_cat","embeddable":true,"href":"https:\/\/roveyayinevi.com.tr\/index.php\/wp-json\/wp\/v2\/product_cat?post=738106"},{"taxonomy":"product_tag","embeddable":true,"href":"https:\/\/roveyayinevi.com.tr\/index.php\/wp-json\/wp\/v2\/product_tag?post=738106"}],"curies":[{"name":"wp","href":"https:\/\/api.w.org\/{rel}","templated":true}]}}