{"id":738105,"date":"2025-08-27T23:42:47","date_gmt":"2025-08-27T20:42:47","guid":{"rendered":"https:\/\/roveyayinevi.com.tr\/index.php\/urun\/av-donusleri\/"},"modified":"2026-04-16T02:47:52","modified_gmt":"2026-04-15T23:47:52","slug":"av-donusleri","status":"publish","type":"product","link":"https:\/\/roveyayinevi.com.tr\/index.php\/urun\/av-donusleri\/","title":{"rendered":"Av D\u00f6n\u00fc\u015fleri"},"content":{"rendered":"<p>Faruk Duman, Av D\u00f6n\u00fc\u015fleri\u2019nde iyi bildi\u011fi hayatlar\u0131n, mevsimlerini ge\u00e7irdi\u011fi co\u011frafyan\u0131n, i\u00e7inden geldi\u011fi \u00e7evrenin ve i\u00e7ine i\u015flemi\u015f zamanlar\u0131n \u00f6yk\u00fclerini yaz\u0131yor. \u201cPancar Vagonlar\u0131\u201d, \u201cAtlar Sab\u0131rs\u0131z\u0131\u201d, \u201cAv D\u00f6n\u00fc\u015fleri\u201d ve \u201cYengecin G\u00fcnl\u00fc\u011f\u00fc\u201d \u00f6yk\u00fclerindeki yal\u0131nl\u0131k, anlat\u0131m renklili\u011fi, inand\u0131r\u0131c\u0131l\u0131k ve tutarl\u0131l\u0131kla \u00e7\u0131tay\u0131 y\u00fckseltiyor.   Faruk Duman edebiyat\u0131n\u0131n iyice belirdi\u011fi, y\u00fckte hafif pahada a\u011f\u0131r Av D\u00f6n\u00fc\u015fleri Sait Faik Hik\u00e2ye Arma\u011fan\u0131 ile \u00f6d\u00fcllendirilmi\u015fti.   \u201cEn \u00e7ok, sessizli\u011fi kalm\u0131\u015f hat\u0131r\u0131mda \u015fimdi. Olgunlu\u011fu, g\u00fcl\u00fcmseyi\u015fi. Kendi sa\u00e7lar\u0131n\u0131 izleyi\u015fi, uzun uzun. Ya\u015f\u0131tlar\u0131nda g\u00f6r\u00fclemeyecek durgunlu\u011fu, g\u00fcndelik isteklerden el \u00e7ekmi\u015fli\u011fi. Nas\u0131l sessizce g\u00fcl\u00fcmserdi her s\u00f6ylenene. G\u00f6zlerini \u00e7evirir, usulca yan\u0131t verirdi. Yaz g\u00fcn\u00fcyse r\u00fczg\u00e2r al\u0131p giderdi bu yan\u0131t\u0131 zaten. K\u0131\u015fsa, i\u00e7eride, u\u011fultuya kar\u0131\u015f\u0131p yok olurdu. Beni sevmi\u015f miydi?\u201d <\/p>\n","protected":false},"excerpt":{"rendered":"<p>Faruk Duman, Av D\u00f6n\u00fc\u015fleri\u2019nde iyi bildi\u011fi hayatlar\u0131n, mevsimlerini ge\u00e7irdi\u011fi co\u011frafyan\u0131n, i\u00e7inden geldi\u011fi \u00e7evrenin ve i\u00e7ine i\u015flemi\u015f zamanlar\u0131n \u00f6yk\u00fclerini yaz\u0131yor. \u201cPancar Vagonlar\u0131\u201d, \u201cAtlar Sab\u0131rs\u0131z\u0131\u201d, \u201cAv D\u00f6n\u00fc\u015fleri\u201d ve<span class=\"excerpt-hellip\"> [\u2026]<\/span><\/p>\n","protected":false},"featured_media":0,"template":"","meta":{"_monsterinsights_skip_tracking":false,"_monsterinsights_sitenote_active":false,"_monsterinsights_sitenote_note":"","_monsterinsights_sitenote_category":0},"product_brand":[],"product_cat":[12291,12711],"product_tag":[],"class_list":{"0":"post-738105","1":"product","2":"type-product","3":"status-publish","5":"product_cat-edebiyat","6":"product_cat-roman-oyku","7":"pa_cilt-ciltsiz","8":"pa_tur-kitap","9":"pa_yayinevi-yapi-kredi-yayinlari","10":"pa_yazar-faruk-duman","12":"first","13":"instock","14":"sale","15":"shipping-taxable","16":"purchasable","17":"product-type-simple"},"_links":{"self":[{"href":"https:\/\/roveyayinevi.com.tr\/index.php\/wp-json\/wp\/v2\/product\/738105","targetHints":{"allow":["GET"]}}],"collection":[{"href":"https:\/\/roveyayinevi.com.tr\/index.php\/wp-json\/wp\/v2\/product"}],"about":[{"href":"https:\/\/roveyayinevi.com.tr\/index.php\/wp-json\/wp\/v2\/types\/product"}],"wp:attachment":[{"href":"https:\/\/roveyayinevi.com.tr\/index.php\/wp-json\/wp\/v2\/media?parent=738105"}],"wp:term":[{"taxonomy":"product_brand","embeddable":true,"href":"https:\/\/roveyayinevi.com.tr\/index.php\/wp-json\/wp\/v2\/product_brand?post=738105"},{"taxonomy":"product_cat","embeddable":true,"href":"https:\/\/roveyayinevi.com.tr\/index.php\/wp-json\/wp\/v2\/product_cat?post=738105"},{"taxonomy":"product_tag","embeddable":true,"href":"https:\/\/roveyayinevi.com.tr\/index.php\/wp-json\/wp\/v2\/product_tag?post=738105"}],"curies":[{"name":"wp","href":"https:\/\/api.w.org\/{rel}","templated":true}]}}