{"id":738103,"date":"2025-08-27T23:42:44","date_gmt":"2025-08-27T20:42:44","guid":{"rendered":"https:\/\/roveyayinevi.com.tr\/index.php\/urun\/korkma-guzel-ruyalar-da-var\/"},"modified":"2026-04-16T02:47:52","modified_gmt":"2026-04-15T23:47:52","slug":"korkma-guzel-ruyalar-da-var","status":"publish","type":"product","link":"https:\/\/roveyayinevi.com.tr\/index.php\/urun\/korkma-guzel-ruyalar-da-var\/","title":{"rendered":"Korkma, G\u00fczel R\u00fcyalar Da Var"},"content":{"rendered":"<p>Korkma, G\u00fczel R\u00fcyalar da Var ad\u0131 alt\u0131nda bir araya getirdi\u011fi on alt\u0131 \u00f6yk\u00fcs\u00fcnde Mehmet Can \u015ea\u015fmaz b\u00fcy\u00fcyen yaln\u0131zl\u0131klar\u0131, s\u00fcregiden yoksunluklar\u0131, bitmeyen sevgi aray\u0131\u015flar\u0131n\u0131, aranan onurlu ya\u015famlar\u0131, eksilen adalet ve merhamet duygusunu derinden derine i\u00e7imize i\u015fliyor.   Korkma, G\u00fczel R\u00fcyalar da Var \u00f6yk\u00fcy\u00fc \u00f6yk\u00fc yapan incelikleri, farkl\u0131 anlat\u0131m bi\u00e7imlerini, \u00e7arp\u0131c\u0131 etki yaratmay\u0131 ba\u015farm\u0131\u015f bir yazar\u0131n verimleriyle y\u00fckl\u00fc.   \u201cKimi zaman roman\u0131m\u0131n okunmayan y\u00fczlerce dosyadan biri oldu\u011funu d\u00fc\u015f\u00fcn\u00fcyorum. Ama bunca k\u00f6hne yazar nas\u0131l kitap yay\u0131mlat\u0131yor, anlam\u0131yorum. Sanki onlar edit\u00f6rlerle e\u015f dost, \u0130stanbul\u2019da birbirini ar\u0131yor, Beyo\u011flu\u2019na i\u00e7meye gidiyorlar da ben ta\u015frada toku\u015fturulmayan bir kadeh yaln\u0131zl\u0131\u011f\u0131nday\u0131m.\u201d   1985 y\u0131l\u0131nda Edirne\u2019de do\u011fan Mehmet Can \u015ea\u015fmaz Adam \u00d6yk\u00fc, Notos, Sanat Cephesi, Galapera \u00d6yk\u00fc, K\u00fcl \u00d6yk\u00fc, Tigris, Bajar, L\u00e2l K\u00fclt\u00fcr Sanat, Mavi Melek dergilerinde yay\u0131mlad\u0131\u011f\u0131 \u00f6yk\u00fcleri, \u00c7e\u015fitli Yaln\u0131zl\u0131k S\u00f6ylentileri (2008) adl\u0131 \u00f6yk\u00fc kitab\u0131 ve G\u00fczey (2014) adl\u0131 roman\u0131yla tan\u0131n\u0131yor. <\/p>\n","protected":false},"excerpt":{"rendered":"<p>Korkma, G\u00fczel R\u00fcyalar da Var ad\u0131 alt\u0131nda bir araya getirdi\u011fi on alt\u0131 \u00f6yk\u00fcs\u00fcnde Mehmet Can \u015ea\u015fmaz b\u00fcy\u00fcyen yaln\u0131zl\u0131klar\u0131, s\u00fcregiden yoksunluklar\u0131, bitmeyen sevgi aray\u0131\u015flar\u0131n\u0131, aranan onurlu ya\u015famlar\u0131,<span class=\"excerpt-hellip\"> [\u2026]<\/span><\/p>\n","protected":false},"featured_media":0,"template":"","meta":{"_monsterinsights_skip_tracking":false,"_monsterinsights_sitenote_active":false,"_monsterinsights_sitenote_note":"","_monsterinsights_sitenote_category":0},"product_brand":[],"product_cat":[12291,12711],"product_tag":[],"class_list":{"0":"post-738103","1":"product","2":"type-product","3":"status-publish","5":"product_cat-edebiyat","6":"product_cat-roman-oyku","7":"pa_cilt-ciltsiz","8":"pa_tur-kitap","9":"pa_yayinevi-yapi-kredi-yayinlari","10":"pa_yazar-mehmet-can-sasmaz","12":"first","13":"instock","14":"sale","15":"shipping-taxable","16":"purchasable","17":"product-type-simple"},"_links":{"self":[{"href":"https:\/\/roveyayinevi.com.tr\/index.php\/wp-json\/wp\/v2\/product\/738103","targetHints":{"allow":["GET"]}}],"collection":[{"href":"https:\/\/roveyayinevi.com.tr\/index.php\/wp-json\/wp\/v2\/product"}],"about":[{"href":"https:\/\/roveyayinevi.com.tr\/index.php\/wp-json\/wp\/v2\/types\/product"}],"wp:attachment":[{"href":"https:\/\/roveyayinevi.com.tr\/index.php\/wp-json\/wp\/v2\/media?parent=738103"}],"wp:term":[{"taxonomy":"product_brand","embeddable":true,"href":"https:\/\/roveyayinevi.com.tr\/index.php\/wp-json\/wp\/v2\/product_brand?post=738103"},{"taxonomy":"product_cat","embeddable":true,"href":"https:\/\/roveyayinevi.com.tr\/index.php\/wp-json\/wp\/v2\/product_cat?post=738103"},{"taxonomy":"product_tag","embeddable":true,"href":"https:\/\/roveyayinevi.com.tr\/index.php\/wp-json\/wp\/v2\/product_tag?post=738103"}],"curies":[{"name":"wp","href":"https:\/\/api.w.org\/{rel}","templated":true}]}}