{"id":738102,"date":"2025-08-27T23:42:43","date_gmt":"2025-08-27T20:42:43","guid":{"rendered":"https:\/\/roveyayinevi.com.tr\/index.php\/urun\/kuzey-ve-guney-bez-cilt\/"},"modified":"2026-04-16T02:47:51","modified_gmt":"2026-04-15T23:47:51","slug":"kuzey-ve-guney-bez-cilt","status":"publish","type":"product","link":"https:\/\/roveyayinevi.com.tr\/index.php\/urun\/kuzey-ve-guney-bez-cilt\/","title":{"rendered":"Kuzey ve G\u00fcney (Bez Cilt)"},"content":{"rendered":"<p>Margaret Hale, babas\u0131 Kilise\u2019yle ters d\u00fc\u015f\u00fcp g\u00f6revinden ayr\u0131l\u0131nca, ailesiyle birlikte g\u00fcneydeki rahat evlerini geride b\u0131rak\u0131p \u0130ngiltere&#8217;nin kuzeyindeki Milton\u2019a ta\u015f\u0131n\u0131r. Memleketine taban tabana z\u0131t bu sanayi kasabas\u0131nda mutsuz bir hayata ba\u015flayan Margaret zamanla fabrika i\u015f\u00e7ilerinin yoksullu\u011funa ve \u0131st\u0131rab\u0131na tan\u0131k olduk\u00e7a i\u00e7inde tutkulu bir sosyal adalet duygusu geli\u015fir. Kendi \u00e7abalar\u0131yla zengin olup s\u0131n\u0131f atlam\u0131\u015f fabrikat\u00f6r John Thornton\u2019\u0131n \u00e7al\u0131\u015fanlar\u0131na muamelelerini sert bir \u015fekilde ele\u015ftirir ama onun \u0131srarl\u0131 ilgisine kar\u015f\u0131 koyarken yo\u011funla\u015fan hislerini dizginlemekte zorlan\u0131r. A\u015fk\u0131n \u00e7ekim g\u00fcc\u00fc, kuzey ve g\u00fcney kadar birbirinden farkl\u0131 bu iki insan\u0131 ne kadar yak\u0131nla\u015ft\u0131rabilecektir?   Elizabeth Gaskell\u2019\u0131n edebiyat d\u00fcnyas\u0131n\u0131n en g\u00fc\u00e7l\u00fc kad\u0131n karakterlerinden birini yaratt\u0131\u011f\u0131 ve 19. y\u00fczy\u0131l \u0130ngiltere\u2019sinin toplumsal manzaras\u0131n\u0131 resmetti\u011fi ba\u015fyap\u0131t\u0131n\u0131 U\u011fur Mehter\u2019in \u00f6zenli \u00e7evirisiyle sunuyoruz.   Kullan\u0131lacak Reklam Mecralar\u0131: Bu kitab\u0131n hedef kitleye tan\u0131t\u0131m\u0131n\u0131 yay\u0131nevimize ait sosyal medya hesaplar\u0131 \u00fczerinden yapmay\u0131 planl\u0131yoruz.     <\/p>\n","protected":false},"excerpt":{"rendered":"<p>Margaret Hale, babas\u0131 Kilise\u2019yle ters d\u00fc\u015f\u00fcp g\u00f6revinden ayr\u0131l\u0131nca, ailesiyle birlikte g\u00fcneydeki rahat evlerini geride b\u0131rak\u0131p \u0130ngiltere&#8217;nin kuzeyindeki Milton\u2019a ta\u015f\u0131n\u0131r. Memleketine taban tabana z\u0131t bu sanayi kasabas\u0131nda<span class=\"excerpt-hellip\"> [\u2026]<\/span><\/p>\n","protected":false},"featured_media":0,"template":"","meta":{"_monsterinsights_skip_tracking":false,"_monsterinsights_sitenote_active":false,"_monsterinsights_sitenote_note":"","_monsterinsights_sitenote_category":0},"product_brand":[],"product_cat":[12291,12711],"product_tag":[],"class_list":{"0":"post-738102","1":"product","2":"type-product","3":"status-publish","5":"product_cat-edebiyat","6":"product_cat-roman-oyku","7":"pa_cilt-ciltli","8":"pa_tur-kitap","9":"pa_yayinevi-koridor-yayincilik","10":"pa_yazar-elizabeth-gaskell","12":"first","13":"instock","14":"sale","15":"shipping-taxable","16":"purchasable","17":"product-type-simple"},"_links":{"self":[{"href":"https:\/\/roveyayinevi.com.tr\/index.php\/wp-json\/wp\/v2\/product\/738102","targetHints":{"allow":["GET"]}}],"collection":[{"href":"https:\/\/roveyayinevi.com.tr\/index.php\/wp-json\/wp\/v2\/product"}],"about":[{"href":"https:\/\/roveyayinevi.com.tr\/index.php\/wp-json\/wp\/v2\/types\/product"}],"wp:attachment":[{"href":"https:\/\/roveyayinevi.com.tr\/index.php\/wp-json\/wp\/v2\/media?parent=738102"}],"wp:term":[{"taxonomy":"product_brand","embeddable":true,"href":"https:\/\/roveyayinevi.com.tr\/index.php\/wp-json\/wp\/v2\/product_brand?post=738102"},{"taxonomy":"product_cat","embeddable":true,"href":"https:\/\/roveyayinevi.com.tr\/index.php\/wp-json\/wp\/v2\/product_cat?post=738102"},{"taxonomy":"product_tag","embeddable":true,"href":"https:\/\/roveyayinevi.com.tr\/index.php\/wp-json\/wp\/v2\/product_tag?post=738102"}],"curies":[{"name":"wp","href":"https:\/\/api.w.org\/{rel}","templated":true}]}}