{"id":738101,"date":"2025-08-27T23:42:41","date_gmt":"2025-08-27T20:42:41","guid":{"rendered":"https:\/\/roveyayinevi.com.tr\/index.php\/urun\/burada-ne-isim-var\/"},"modified":"2026-04-08T02:56:11","modified_gmt":"2026-04-07T23:56:11","slug":"burada-ne-isim-var","status":"publish","type":"product","link":"https:\/\/roveyayinevi.com.tr\/index.php\/urun\/burada-ne-isim-var\/","title":{"rendered":"Burada Ne \u0130\u015fim Var?"},"content":{"rendered":"<p>Sevgili Ulusal D\u00fcnyaya Gelme Bakanl\u0131\u011f\u0131, Dokuz y\u0131l \u00f6nce, \u015fehre \u00e7ok uzaktaki Heraklia Yaban Hayat\u0131 Koruma ve Bak\u0131m Merkezi\u2019nde do\u011fdum. Annemle babam, uzun y\u0131llard\u0131r bu merkezin veterineri. Biliyorum, ba\u015fvuru i\u00e7in dokuz y\u0131l kadar ge\u00e7 kald\u0131m. Ama \u00e7evremde d\u00f6nen oyunlar\u0131 yeni fark ediyorum. Filmlerde, do\u011fada b\u00fcy\u00fcyen \u00e7ocuklar\u0131n \u00e7ok mutlu olduklar\u0131n\u0131 ve k\u0131rlarda hayvanlarla ne\u015fe i\u00e7inde ko\u015fturduklar\u0131n\u0131 g\u00f6rm\u00fc\u015fs\u00fcn\u00fczd\u00fcr. Burada ya\u015fayan hayvanlar\u0131n son zamanlarda benimle bir derdi var sanki! Demem o ki, do\u011fum dosyam\u0131n incelenmesini, m\u00fcmk\u00fcnse ayn\u0131 aileyle ba\u015fka bir yerde yeniden d\u00fcnyaya gelmeyi istiyorum. Gere\u011finin yap\u0131lmas\u0131n\u0131 sayg\u0131lar\u0131mla arz ederim. Burcu \u00c7etin Burcu, hayvanlarla i\u00e7 i\u00e7e ya\u015famaktan mutlu de\u011fildir. \u00c7\u00fcnk\u00fc bayku\u015flar durmaks\u0131z\u0131n \u00f6tmekte, ke\u00e7iler do\u011fum g\u00fcn\u00fc partisini mahvetmekte, lemurlar \u00fczerine t\u0131rmanmaktad\u0131r. Burcu\u2019nun tek iste\u011fi \u201cnormal\u201d bir evde ya\u015famakt\u0131r ve bunun i\u00e7in var olan ya da olmayan bakanl\u0131klara mektuplar yazmaktad\u0131r. Bir g\u00fcn yunus park\u0131na giden Burcu, baz\u0131 hayvanlar\u0131n da t\u0131pk\u0131 kendisi gibi bulundu\u011fu yerden mutlu olmad\u0131\u011f\u0131n\u0131 fark eder. Bu fark\u0131ndal\u0131k onun hayvanlara ve ya\u015fad\u0131\u011f\u0131 yere dair bak\u0131\u015f\u0131n\u0131 de\u011fi\u015ftirecektir. \u00dcstelik, yunuslar\u0131n \u00f6zg\u00fcrl\u00fc\u011f\u00fc i\u00e7in bir plan\u0131 da vard\u0131r!<\/p>\n","protected":false},"excerpt":{"rendered":"<p>Sevgili Ulusal D\u00fcnyaya Gelme Bakanl\u0131\u011f\u0131, Dokuz y\u0131l \u00f6nce, \u015fehre \u00e7ok uzaktaki Heraklia Yaban Hayat\u0131 Koruma ve Bak\u0131m Merkezi\u2019nde do\u011fdum. Annemle babam, uzun y\u0131llard\u0131r bu merkezin veterineri.<span class=\"excerpt-hellip\"> [\u2026]<\/span><\/p>\n","protected":false},"featured_media":0,"template":"","meta":{"_monsterinsights_skip_tracking":false,"_monsterinsights_sitenote_active":false,"_monsterinsights_sitenote_note":"","_monsterinsights_sitenote_category":0},"product_brand":[],"product_cat":[12274,12284],"product_tag":[],"class_list":{"0":"post-738101","1":"product","2":"type-product","3":"status-publish","5":"product_cat-cocuk-ve-genclik-kitaplari","6":"product_cat-hikayeler","7":"pa_cilt-ciltsiz","8":"pa_tur-kitap","9":"pa_yayinevi-kirmizi-kedi-yayinevi","10":"pa_yazar-isinsu-ermis","12":"first","13":"instock","14":"sale","15":"shipping-taxable","16":"purchasable","17":"product-type-simple"},"_links":{"self":[{"href":"https:\/\/roveyayinevi.com.tr\/index.php\/wp-json\/wp\/v2\/product\/738101","targetHints":{"allow":["GET"]}}],"collection":[{"href":"https:\/\/roveyayinevi.com.tr\/index.php\/wp-json\/wp\/v2\/product"}],"about":[{"href":"https:\/\/roveyayinevi.com.tr\/index.php\/wp-json\/wp\/v2\/types\/product"}],"wp:attachment":[{"href":"https:\/\/roveyayinevi.com.tr\/index.php\/wp-json\/wp\/v2\/media?parent=738101"}],"wp:term":[{"taxonomy":"product_brand","embeddable":true,"href":"https:\/\/roveyayinevi.com.tr\/index.php\/wp-json\/wp\/v2\/product_brand?post=738101"},{"taxonomy":"product_cat","embeddable":true,"href":"https:\/\/roveyayinevi.com.tr\/index.php\/wp-json\/wp\/v2\/product_cat?post=738101"},{"taxonomy":"product_tag","embeddable":true,"href":"https:\/\/roveyayinevi.com.tr\/index.php\/wp-json\/wp\/v2\/product_tag?post=738101"}],"curies":[{"name":"wp","href":"https:\/\/api.w.org\/{rel}","templated":true}]}}