{"id":738099,"date":"2025-08-27T23:42:39","date_gmt":"2025-08-27T20:42:39","guid":{"rendered":"https:\/\/roveyayinevi.com.tr\/index.php\/urun\/benim-kahramanim-turk-halkidir\/"},"modified":"2026-04-16T02:47:51","modified_gmt":"2026-04-15T23:47:51","slug":"benim-kahramanim-turk-halkidir","status":"publish","type":"product","link":"https:\/\/roveyayinevi.com.tr\/index.php\/urun\/benim-kahramanim-turk-halkidir\/","title":{"rendered":"Benim Kahraman\u0131m T\u00fcrk Halk\u0131d\u0131r"},"content":{"rendered":"<p>T\u00fcrkiye\u2019de birden fazla neslin idollerinden biri C\u00fcneyt Ark\u0131n: Bizans tekfurunun oyunlar\u0131n\u0131 tek ba\u015f\u0131na bozan Kara Murat, bozuk d\u00fczene isyan eden Vatanda\u015f R\u0131za, onlarca filmin unutulmaz j\u00f6n\u00fc, \u00f6l\u00fcms\u00fcz a\u015fk sahnelerinin can al\u0131c\u0131 bak\u0131\u015flar\u0131, d\u00fcnyay\u0131 kurtaran adam&#8230; \u00c7obanl\u0131ktan doktorlu\u011fa, akt\u00f6rl\u00fckten yap\u0131mc\u0131l\u0131\u011fa, Eski\u015fehir\u2019in u\u00e7suz bucaks\u0131z bozk\u0131r\u0131ndan Ye\u015fil\u00e7am\u2019\u0131n zirvesine seyreden bir hayat onunki. Ve bu hayat\u0131n i\u00e7inden kesitler sunuyor Benim Kahraman\u0131m T\u00fcrk Halk\u0131d\u0131r. Usta akt\u00f6r, \u00e7ocuklu\u011fundan ba\u015flayarak \u00f6l\u00fcmden d\u00f6nd\u00fc\u011f\u00fc g\u00fcnlere kadar hayat\u0131ndan anlar\u0131, an\u0131lar\u0131 bir araya getiriyor. Zaman zaman nemli g\u00f6zlerle zaman zaman g\u00fclerek okuyaca\u011f\u0131n\u0131z an\u0131larda samimiyetini asla elden b\u0131rakm\u0131yor. Babas\u0131yla koyun g\u00fctt\u00fc\u011f\u00fc y\u0131llar\u0131, \u0130ran \u015eah\u0131\u2019n\u0131n davetinde ya\u015fad\u0131klar\u0131n\u0131, doktorluk g\u00fcnlerindeki tan\u0131kl\u0131klar\u0131n\u0131 ve elbette Ye\u015fil\u00e7am y\u0131llar\u0131n\u0131 kendi penceresinden anlat\u0131yor.<\/p>\n","protected":false},"excerpt":{"rendered":"<p>T\u00fcrkiye\u2019de birden fazla neslin idollerinden biri C\u00fcneyt Ark\u0131n: Bizans tekfurunun oyunlar\u0131n\u0131 tek ba\u015f\u0131na bozan Kara Murat, bozuk d\u00fczene isyan eden Vatanda\u015f R\u0131za, onlarca filmin unutulmaz j\u00f6n\u00fc,<span class=\"excerpt-hellip\"> [\u2026]<\/span><\/p>\n","protected":false},"featured_media":0,"template":"","meta":{"_monsterinsights_skip_tracking":false,"_monsterinsights_sitenote_active":false,"_monsterinsights_sitenote_note":"","_monsterinsights_sitenote_category":0},"product_brand":[],"product_cat":[13701,12291],"product_tag":[],"class_list":{"0":"post-738099","1":"product","2":"type-product","3":"status-publish","5":"product_cat-ani-mektup-gunluk","6":"product_cat-edebiyat","7":"pa_cilt-ciltsiz","8":"pa_tur-kitap","9":"pa_yayinevi-kirmizi-kedi-yayinevi","10":"pa_yazar-cuneyt-arkin","12":"first","13":"instock","14":"sale","15":"shipping-taxable","16":"purchasable","17":"product-type-simple"},"_links":{"self":[{"href":"https:\/\/roveyayinevi.com.tr\/index.php\/wp-json\/wp\/v2\/product\/738099","targetHints":{"allow":["GET"]}}],"collection":[{"href":"https:\/\/roveyayinevi.com.tr\/index.php\/wp-json\/wp\/v2\/product"}],"about":[{"href":"https:\/\/roveyayinevi.com.tr\/index.php\/wp-json\/wp\/v2\/types\/product"}],"wp:attachment":[{"href":"https:\/\/roveyayinevi.com.tr\/index.php\/wp-json\/wp\/v2\/media?parent=738099"}],"wp:term":[{"taxonomy":"product_brand","embeddable":true,"href":"https:\/\/roveyayinevi.com.tr\/index.php\/wp-json\/wp\/v2\/product_brand?post=738099"},{"taxonomy":"product_cat","embeddable":true,"href":"https:\/\/roveyayinevi.com.tr\/index.php\/wp-json\/wp\/v2\/product_cat?post=738099"},{"taxonomy":"product_tag","embeddable":true,"href":"https:\/\/roveyayinevi.com.tr\/index.php\/wp-json\/wp\/v2\/product_tag?post=738099"}],"curies":[{"name":"wp","href":"https:\/\/api.w.org\/{rel}","templated":true}]}}