{"id":738097,"date":"2025-08-27T23:42:35","date_gmt":"2025-08-27T20:42:35","guid":{"rendered":"https:\/\/roveyayinevi.com.tr\/index.php\/urun\/bilme-cesareti\/"},"modified":"2026-04-16T02:47:51","modified_gmt":"2026-04-15T23:47:51","slug":"bilme-cesareti","status":"publish","type":"product","link":"https:\/\/roveyayinevi.com.tr\/index.php\/urun\/bilme-cesareti\/","title":{"rendered":"Bilme Cesareti"},"content":{"rendered":"<p>Times UK Y\u0131l\u0131n En \u0130yi Bilim Kurgu Roman\u0131 \u2013 2021   \u201cB\u00fcy\u00fcleyici bir gerilim roman\u0131.\u201d The Guardian   \u201cE\u011flenceli, ak\u0131llara durgunluk veren bir kitap.\u201d Financial Times   \u201cKeskin zek\u00e2l\u0131 bir bilim kurgu, kurumsal bir k\u00e2bus. Bilme Cesareti, adeta Willy Loman ile Matrix&#8217;in kar\u015f\u0131la\u015fmas\u0131. \u00d6l\u00fcme mahk\u00fbm bir anti-kahraman\u0131n dokunakl\u0131 komedisinde ortaya \u00e7\u0131kan h\u00fcz\u00fcnl\u00fc, zaman\u0131 b\u00fcken, galaktik bir zihin b\u00fck\u00fcc\u00fc.\u201d Daniel Kraus Bu ak\u0131l almaz ve duygusal gerilim roman\u0131, \u00f6l\u00fcm zaman\u0131n\u0131n tam olarak belirlenebildi\u011fi bir d\u00fcnyada ge\u00e7iyor \u2013tabii ki \u00fccreti kar\u015f\u0131l\u0131\u011f\u0131nda.   Anlat\u0131c\u0131m\u0131z Bilme Cesareti \u015firketinin en yetenekli sat\u0131c\u0131s\u0131d\u0131r. \u015eirket, insanlar\u0131n \u00f6l\u00fcm zaman\u0131n\u0131 saniyesine kadar tahmin edilmesini sa\u011flayan bir teknoloji geli\u015ftirmi\u015ftir. E\u015finden ayr\u0131lan, o\u011fullar\u0131na yabanc\u0131la\u015fan ve be\u015f paras\u0131z kalan kahraman\u0131m\u0131z kendi \u00f6l\u00fcm zaman\u0131n\u0131 hesaplayarak \u015firketin en b\u00fcy\u00fck kural\u0131n\u0131 ihlal eder. Sorun \u015fudur ki, hesaplamalar\u0131na g\u00f6re yirmi \u00fc\u00e7 dakika \u00f6nce \u00f6lm\u00fc\u015ft\u00fcr.   Tahminini do\u011frulayabilecek tek ki\u015fi Julia&#8217;d\u0131r; Bilme Cesareti \u015firketinde y\u00fckselirken ayr\u0131ld\u0131\u011f\u0131 hayat\u0131n\u0131n a\u015fk\u0131. Julia&#8217;y\u0131 g\u00f6rmek i\u00e7in \u00fclkenin \u00f6b\u00fcr ucuna giderken ge\u00e7mi\u015fiyle, yapt\u0131\u011f\u0131 se\u00e7imlerle ve \u00e7al\u0131\u015ft\u0131\u011f\u0131 \u015firket hakk\u0131ndaki korkun\u00e7 ger\u00e7eklerle y\u00fczle\u015fmek zorundad\u0131r.   \u00c7\u0131lg\u0131nca h\u0131rsl\u0131 ve son derece s\u00fcr\u00fckleyici olan bu d\u00fc\u015f\u00fcnd\u00fcr\u00fcc\u00fc gerilim roman\u0131, bilginin y\u0131k\u0131c\u0131 g\u00fcc\u00fcn\u00fc ke\u015ffediyor. Roman sars\u0131c\u0131 sonuna do\u011fru ilerlerken ger\u00e7eklik, mit ve komplo aras\u0131ndaki s\u0131n\u0131rlar\u0131 da y\u0131k\u0131yor. <\/p>\n","protected":false},"excerpt":{"rendered":"<p>Times UK Y\u0131l\u0131n En \u0130yi Bilim Kurgu Roman\u0131 \u2013 2021 \u201cB\u00fcy\u00fcleyici bir gerilim roman\u0131.\u201d The Guardian \u201cE\u011flenceli, ak\u0131llara durgunluk veren bir kitap.\u201d Financial Times \u201cKeskin zek\u00e2l\u0131<span class=\"excerpt-hellip\"> [\u2026]<\/span><\/p>\n","protected":false},"featured_media":0,"template":"","meta":{"_monsterinsights_skip_tracking":false,"_monsterinsights_sitenote_active":false,"_monsterinsights_sitenote_note":"","_monsterinsights_sitenote_category":0},"product_brand":[],"product_cat":[12540,12291],"product_tag":[],"class_list":{"0":"post-738097","1":"product","2":"type-product","3":"status-publish","5":"product_cat-bilim-kurgu","6":"product_cat-edebiyat","7":"pa_cilt-ciltsiz","8":"pa_tur-kitap","9":"pa_yayinevi-theseus-yayinevi","10":"pa_yazar-james-kennedy","12":"first","13":"instock","14":"sale","15":"shipping-taxable","16":"purchasable","17":"product-type-simple"},"_links":{"self":[{"href":"https:\/\/roveyayinevi.com.tr\/index.php\/wp-json\/wp\/v2\/product\/738097","targetHints":{"allow":["GET"]}}],"collection":[{"href":"https:\/\/roveyayinevi.com.tr\/index.php\/wp-json\/wp\/v2\/product"}],"about":[{"href":"https:\/\/roveyayinevi.com.tr\/index.php\/wp-json\/wp\/v2\/types\/product"}],"wp:attachment":[{"href":"https:\/\/roveyayinevi.com.tr\/index.php\/wp-json\/wp\/v2\/media?parent=738097"}],"wp:term":[{"taxonomy":"product_brand","embeddable":true,"href":"https:\/\/roveyayinevi.com.tr\/index.php\/wp-json\/wp\/v2\/product_brand?post=738097"},{"taxonomy":"product_cat","embeddable":true,"href":"https:\/\/roveyayinevi.com.tr\/index.php\/wp-json\/wp\/v2\/product_cat?post=738097"},{"taxonomy":"product_tag","embeddable":true,"href":"https:\/\/roveyayinevi.com.tr\/index.php\/wp-json\/wp\/v2\/product_tag?post=738097"}],"curies":[{"name":"wp","href":"https:\/\/api.w.org\/{rel}","templated":true}]}}