{"id":738090,"date":"2025-08-27T23:42:27","date_gmt":"2025-08-27T20:42:27","guid":{"rendered":"https:\/\/roveyayinevi.com.tr\/index.php\/urun\/hayatini-tersine-cevir\/"},"modified":"2025-09-22T13:56:28","modified_gmt":"2025-09-22T10:56:28","slug":"hayatini-tersine-cevir","status":"publish","type":"product","link":"https:\/\/roveyayinevi.com.tr\/index.php\/urun\/hayatini-tersine-cevir\/","title":{"rendered":"Hayat\u0131n\u0131 Tersine \u00c7evir"},"content":{"rendered":"<p>Para m\u0131 sa\u011fl\u0131k m\u0131? Size milyon de\u011ferinde bir soru: Neden birini se\u00e7mek zorunday\u0131z?   \u00c7e\u015fme\u2019de bir yazl\u0131k sahibi olmak ister misiniz? Peki ya Lamborghini\u2019ye binmek? Kendi i\u015finizi kurmak keyifli olmaz m\u0131? K\u0131sacas\u0131; hayat\u0131n\u0131z\u0131 tersine \u00e7evirmek ister misiniz? Kendinize inan\u0131n. Kendinizle y\u00fczle\u015fin. Hayat\u0131n\u0131 Tersine \u00c7evir hayallerinize kavu\u015fman\u0131z\u0131 sa\u011flayacak y\u00f6ntemler ile s\u0131n\u0131rs\u0131z potansiyelinizi ortaya \u00e7\u0131karabilmeniz i\u00e7in yap\u0131lmas\u0131 gerekenleri anlat\u0131yor. Yazar \u00d6nder Mumcuo\u011flu pratik, kolay ve kan\u0131tlanm\u0131\u015f metotlar sayesinde bilin\u00e7alt\u0131n\u0131z\u0131 yeniden \u015fekillendiriyor. Siz de kendinizin fark\u0131na var\u0131n ve hayat\u0131n\u0131z\u0131 tersine \u00e7evirin. <\/p>\n","protected":false},"excerpt":{"rendered":"<p>Para m\u0131 sa\u011fl\u0131k m\u0131? Size milyon de\u011ferinde bir soru: Neden birini se\u00e7mek zorunday\u0131z? \u00c7e\u015fme\u2019de bir yazl\u0131k sahibi olmak ister misiniz? Peki ya Lamborghini\u2019ye binmek? Kendi i\u015finizi<span class=\"excerpt-hellip\"> [\u2026]<\/span><\/p>\n","protected":false},"featured_media":0,"template":"","meta":{"_monsterinsights_skip_tracking":false,"_monsterinsights_sitenote_active":false,"_monsterinsights_sitenote_note":"","_monsterinsights_sitenote_category":0},"product_brand":[],"product_cat":[12364,12376],"product_tag":[],"class_list":{"0":"post-738090","1":"product","2":"type-product","3":"status-publish","5":"product_cat-genel-konular","6":"product_cat-kisisel-gelisim","7":"pa_cilt-ciltsiz","8":"pa_tur-kitap","9":"pa_yayinevi-nemesis-kitap","10":"pa_yazar-onder-mumcuoglu","12":"first","13":"instock","14":"sale","15":"shipping-taxable","16":"purchasable","17":"product-type-simple"},"_links":{"self":[{"href":"https:\/\/roveyayinevi.com.tr\/index.php\/wp-json\/wp\/v2\/product\/738090","targetHints":{"allow":["GET"]}}],"collection":[{"href":"https:\/\/roveyayinevi.com.tr\/index.php\/wp-json\/wp\/v2\/product"}],"about":[{"href":"https:\/\/roveyayinevi.com.tr\/index.php\/wp-json\/wp\/v2\/types\/product"}],"wp:attachment":[{"href":"https:\/\/roveyayinevi.com.tr\/index.php\/wp-json\/wp\/v2\/media?parent=738090"}],"wp:term":[{"taxonomy":"product_brand","embeddable":true,"href":"https:\/\/roveyayinevi.com.tr\/index.php\/wp-json\/wp\/v2\/product_brand?post=738090"},{"taxonomy":"product_cat","embeddable":true,"href":"https:\/\/roveyayinevi.com.tr\/index.php\/wp-json\/wp\/v2\/product_cat?post=738090"},{"taxonomy":"product_tag","embeddable":true,"href":"https:\/\/roveyayinevi.com.tr\/index.php\/wp-json\/wp\/v2\/product_tag?post=738090"}],"curies":[{"name":"wp","href":"https:\/\/api.w.org\/{rel}","templated":true}]}}