{"id":738087,"date":"2025-08-27T23:42:22","date_gmt":"2025-08-27T20:42:22","guid":{"rendered":"https:\/\/roveyayinevi.com.tr\/index.php\/urun\/hayatta-kal-3\/"},"modified":"2026-04-16T02:47:51","modified_gmt":"2026-04-15T23:47:51","slug":"hayatta-kal-3","status":"publish","type":"product","link":"https:\/\/roveyayinevi.com.tr\/index.php\/urun\/hayatta-kal-3\/","title":{"rendered":"Hayatta Kal 3"},"content":{"rendered":"<p>Sizi yolunuzdan al\u0131koyan \u015fey, deniz f\u0131rt\u0131nal\u0131 diye sefere \u00e7\u0131kman\u0131za engel olmak isteyenlerin i\u00e7inizde ye\u015fertti\u011fi \u00f6zg\u00fcvensizlik ve ba\u015faramama hissidir. Tam da burada yap\u0131lmas\u0131 gereken ise t\u00fcm kap\u0131lar\u0131n\u0131z\u0131 kapatt\u0131ktan sonra, o f\u0131rt\u0131naya dayanacak gemiyi in\u015fa ederek yollara d\u00fc\u015fmeyi d\u00fc\u015flemekten vazge\u00e7memektir.&#8221;<\/p>\n","protected":false},"excerpt":{"rendered":"<p>Sizi yolunuzdan al\u0131koyan \u015fey, deniz f\u0131rt\u0131nal\u0131 diye sefere \u00e7\u0131kman\u0131za engel olmak isteyenlerin i\u00e7inizde ye\u015fertti\u011fi \u00f6zg\u00fcvensizlik ve ba\u015faramama hissidir. Tam da burada yap\u0131lmas\u0131 gereken ise t\u00fcm kap\u0131lar\u0131n\u0131z\u0131<span class=\"excerpt-hellip\"> [\u2026]<\/span><\/p>\n","protected":false},"featured_media":0,"template":"","meta":{"_monsterinsights_skip_tracking":false,"_monsterinsights_sitenote_active":false,"_monsterinsights_sitenote_note":"","_monsterinsights_sitenote_category":0},"product_brand":[],"product_cat":[12291,12711],"product_tag":[],"class_list":{"0":"post-738087","1":"product","2":"type-product","3":"status-publish","5":"product_cat-edebiyat","6":"product_cat-roman-oyku","7":"pa_cilt-ciltsiz","8":"pa_tur-kitap","9":"pa_yayinevi-luna-yayinlari","10":"pa_yazar-gizem-erturhan-orman","12":"first","13":"instock","14":"sale","15":"shipping-taxable","16":"purchasable","17":"product-type-simple"},"_links":{"self":[{"href":"https:\/\/roveyayinevi.com.tr\/index.php\/wp-json\/wp\/v2\/product\/738087","targetHints":{"allow":["GET"]}}],"collection":[{"href":"https:\/\/roveyayinevi.com.tr\/index.php\/wp-json\/wp\/v2\/product"}],"about":[{"href":"https:\/\/roveyayinevi.com.tr\/index.php\/wp-json\/wp\/v2\/types\/product"}],"wp:attachment":[{"href":"https:\/\/roveyayinevi.com.tr\/index.php\/wp-json\/wp\/v2\/media?parent=738087"}],"wp:term":[{"taxonomy":"product_brand","embeddable":true,"href":"https:\/\/roveyayinevi.com.tr\/index.php\/wp-json\/wp\/v2\/product_brand?post=738087"},{"taxonomy":"product_cat","embeddable":true,"href":"https:\/\/roveyayinevi.com.tr\/index.php\/wp-json\/wp\/v2\/product_cat?post=738087"},{"taxonomy":"product_tag","embeddable":true,"href":"https:\/\/roveyayinevi.com.tr\/index.php\/wp-json\/wp\/v2\/product_tag?post=738087"}],"curies":[{"name":"wp","href":"https:\/\/api.w.org\/{rel}","templated":true}]}}