{"id":738084,"date":"2025-08-27T23:42:18","date_gmt":"2025-08-27T20:42:18","guid":{"rendered":"https:\/\/roveyayinevi.com.tr\/index.php\/urun\/hukuk-felsefesi-5\/"},"modified":"2026-04-16T02:47:51","modified_gmt":"2026-04-15T23:47:51","slug":"hukuk-felsefesi-5","status":"publish","type":"product","link":"https:\/\/roveyayinevi.com.tr\/index.php\/urun\/hukuk-felsefesi-5\/","title":{"rendered":"Hukuk Felsefesi"},"content":{"rendered":"<p>Mark Tebbit\u2019in bu eseri, hukuk felsefesiyle ilgilenenler i\u00e7in ideal bir ba\u015flang\u0131\u00e7 kitab\u0131d\u0131r. Yazar, bu \u00e7al\u0131\u015fmas\u0131nda hukuk felsefesinin temel kavramlar\u0131n\u0131, temalar\u0131n\u0131 ve teorilerini a\u00e7\u0131k bir dille ele almaktad\u0131r; bunu yaparken okurun hukuk felsefesine ili\u015fkin bir bilgiye sahip olmad\u0131\u011f\u0131n\u0131 farz etmektedir. Elinizdeki eser, hukuk felsefesinin tart\u0131\u015fmaya konu olan sorun alanlar\u0131nda kar\u015f\u0131la\u015f\u0131lan soyut kavram, tema ve teorileri al\u0131\u015f\u0131lmad\u0131k bir \u015fekilde \u00f6rnekler \u00fczerinden somutla\u015ft\u0131rarak kolay anla\u015f\u0131l\u0131r hale getirmektedir. Bu kitap, hukuk felsefesine ilgi duyanlar i\u00e7in vazge\u00e7ilmez bir rehberdir. <\/p>\n","protected":false},"excerpt":{"rendered":"<p>Mark Tebbit\u2019in bu eseri, hukuk felsefesiyle ilgilenenler i\u00e7in ideal bir ba\u015flang\u0131\u00e7 kitab\u0131d\u0131r. Yazar, bu \u00e7al\u0131\u015fmas\u0131nda hukuk felsefesinin temel kavramlar\u0131n\u0131, temalar\u0131n\u0131 ve teorilerini a\u00e7\u0131k bir dille ele<span class=\"excerpt-hellip\"> [\u2026]<\/span><\/p>\n","protected":false},"featured_media":0,"template":"","meta":{"_monsterinsights_skip_tracking":false,"_monsterinsights_sitenote_active":false,"_monsterinsights_sitenote_note":"","_monsterinsights_sitenote_category":0},"product_brand":[],"product_cat":[12388,13555],"product_tag":[],"class_list":{"0":"post-738084","1":"product","2":"type-product","3":"status-publish","5":"product_cat-felsefe","6":"product_cat-genel-felsefe","7":"pa_cilt-ciltsiz","8":"pa_tur-kitap","9":"pa_yayinevi-vulgus-yayinlari","10":"pa_yazar-mark-tebbit","12":"first","13":"instock","14":"sale","15":"shipping-taxable","16":"purchasable","17":"product-type-simple"},"_links":{"self":[{"href":"https:\/\/roveyayinevi.com.tr\/index.php\/wp-json\/wp\/v2\/product\/738084","targetHints":{"allow":["GET"]}}],"collection":[{"href":"https:\/\/roveyayinevi.com.tr\/index.php\/wp-json\/wp\/v2\/product"}],"about":[{"href":"https:\/\/roveyayinevi.com.tr\/index.php\/wp-json\/wp\/v2\/types\/product"}],"wp:attachment":[{"href":"https:\/\/roveyayinevi.com.tr\/index.php\/wp-json\/wp\/v2\/media?parent=738084"}],"wp:term":[{"taxonomy":"product_brand","embeddable":true,"href":"https:\/\/roveyayinevi.com.tr\/index.php\/wp-json\/wp\/v2\/product_brand?post=738084"},{"taxonomy":"product_cat","embeddable":true,"href":"https:\/\/roveyayinevi.com.tr\/index.php\/wp-json\/wp\/v2\/product_cat?post=738084"},{"taxonomy":"product_tag","embeddable":true,"href":"https:\/\/roveyayinevi.com.tr\/index.php\/wp-json\/wp\/v2\/product_tag?post=738084"}],"curies":[{"name":"wp","href":"https:\/\/api.w.org\/{rel}","templated":true}]}}