{"id":738083,"date":"2025-08-27T23:42:17","date_gmt":"2025-08-27T20:42:17","guid":{"rendered":"https:\/\/roveyayinevi.com.tr\/index.php\/urun\/aralikli-oruc-rehberi-oruc-tut-yemek-ye-tekrarla\/"},"modified":"2026-04-16T02:47:51","modified_gmt":"2026-04-15T23:47:51","slug":"aralikli-oruc-rehberi-oruc-tut-yemek-ye-tekrarla","status":"publish","type":"product","link":"https:\/\/roveyayinevi.com.tr\/index.php\/urun\/aralikli-oruc-rehberi-oruc-tut-yemek-ye-tekrarla\/","title":{"rendered":"Aral\u0131kl\u0131 Oru\u00e7 Rehberi- Oru\u00e7 Tut. Yemek Ye. Tekrarla"},"content":{"rendered":"<p>Kalori saymaktan, yiyecekleri diyetinizden \u00e7\u0131karmaktan veya g\u00fcn boyu ne yiyece\u011finizi d\u00fc\u015f\u00fcnmekten b\u0131kt\u0131n\u0131z m\u0131? E\u011fer \u00f6yleyse aral\u0131kl\u0131 orucu ya\u015fam \u015fekliniz haline getirmek sizin i\u00e7in cevap olabilir. Aral\u0131kl\u0131 oru\u00e7 protokolleri birbirinden farkl\u0131 olsa da, pek \u00e7ok ara\u015ft\u0131rma aral\u0131kl\u0131 orucun sa\u011fl\u0131\u011f\u0131n\u0131za olan faydalar\u0131n\u0131n alt\u0131n\u0131 \u00e7iziyor. Ko\u015fullar\u0131n\u0131z veya program\u0131n\u0131z ne olursa olsun, bu protokolleri ya\u015fam bi\u00e7iminize uygulayabilirsiniz. Bu sayede ya\u011f yakan s\u00fcperg\u00fcc\u00fcn\u00fcz\u00fc ate\u015fler, \u201cdiyet beyni\u201dnden sonsuza kadar kurtulursunuz. Bir diyet de\u011fil, ya\u015fam tarz\u0131 olarak aral\u0131kl\u0131 oru\u00e7 yaln\u0131zca belinizi inceltmekle kalmaz, kan \u015fekeri seviyenizi dengede tutar, inflamasyonu azalt\u0131r ve kalp sa\u011fl\u0131\u011f\u0131n\u0131z\u0131 korur.Aral\u0131kl\u0131 Oru\u00e7 Rehberi: Oru\u00e7 Tut. Yemek Ye. Tekrarla. aral\u0131kl\u0131 oru\u00e7 hakk\u0131nda bilmeniz gereken her \u015feyi \u015feyi en basit haliyle anlat\u0131yor. Yeni ba\u015flayanlar i\u00e7in 28 G\u00fcnl\u00fck H\u0131zl\u0131 Ba\u015flang\u0131\u00e7 plan\u0131n\u0131 kullanabilir ya da daha \u00f6nce uygulad\u0131\u011f\u0131n\u0131z aral\u0131kl\u0131 oru\u00e7 protokollerini g\u00fc\u00e7lendirebilir ve yan etkisi kilo kayb\u0131 olan bir sa\u011fl\u0131k plan\u0131 olarak aral\u0131kl\u0131 oru\u00e7 \u00fczerine yap\u0131lm\u0131\u015f son \u00e7al\u0131\u015fmalara dair bilgileri okuyabilirsiniz. H\u00e2l\u00e2 akl\u0131n\u0131za tak\u0131lan sorular m\u0131 var? Aral\u0131kl\u0131 oru\u00e7 hakk\u0131nda s\u0131k\u00e7a sorulan sorulara verilmi\u015f kapsaml\u0131 yan\u0131tlar\u0131 SSS b\u00f6l\u00fcm\u00fcnde bulabilirsiniz.&#8221;Hem aral\u0131kl\u0131 orucun arkas\u0131ndaki bilimi hem de aral\u0131kl\u0131 oru\u00e7 ya\u015fam tarz\u0131n\u0131 pratik ve kolay hale getiren y\u00f6ntem ve pu\u0308f noktalar\u0131 anlatan olduk\u00e7a bilgilendirici bir rehber. Ne bekliyorsunuz? Sa\u011fl\u0131k devrimine siz de kat\u0131l\u0131n!&#8221;\u2014Julie Sandell, Aile Hekimi<\/p>\n","protected":false},"excerpt":{"rendered":"<p>Kalori saymaktan, yiyecekleri diyetinizden \u00e7\u0131karmaktan veya g\u00fcn boyu ne yiyece\u011finizi d\u00fc\u015f\u00fcnmekten b\u0131kt\u0131n\u0131z m\u0131? E\u011fer \u00f6yleyse aral\u0131kl\u0131 orucu ya\u015fam \u015fekliniz haline getirmek sizin i\u00e7in cevap olabilir. Aral\u0131kl\u0131<span class=\"excerpt-hellip\"> [\u2026]<\/span><\/p>\n","protected":false},"featured_media":0,"template":"","meta":{"_monsterinsights_skip_tracking":false,"_monsterinsights_sitenote_active":false,"_monsterinsights_sitenote_note":"","_monsterinsights_sitenote_category":0},"product_brand":[],"product_cat":[13402,13365],"product_tag":[],"class_list":{"0":"post-738083","1":"product","2":"type-product","3":"status-publish","5":"product_cat-beslenme-ve-diyet","6":"product_cat-saglik","7":"pa_cilt-ciltsiz","8":"pa_tur-kitap","9":"pa_yayinevi-nova-kitap","10":"pa_yazar-gin-stephens","12":"first","13":"instock","14":"sale","15":"shipping-taxable","16":"purchasable","17":"product-type-simple"},"_links":{"self":[{"href":"https:\/\/roveyayinevi.com.tr\/index.php\/wp-json\/wp\/v2\/product\/738083","targetHints":{"allow":["GET"]}}],"collection":[{"href":"https:\/\/roveyayinevi.com.tr\/index.php\/wp-json\/wp\/v2\/product"}],"about":[{"href":"https:\/\/roveyayinevi.com.tr\/index.php\/wp-json\/wp\/v2\/types\/product"}],"wp:attachment":[{"href":"https:\/\/roveyayinevi.com.tr\/index.php\/wp-json\/wp\/v2\/media?parent=738083"}],"wp:term":[{"taxonomy":"product_brand","embeddable":true,"href":"https:\/\/roveyayinevi.com.tr\/index.php\/wp-json\/wp\/v2\/product_brand?post=738083"},{"taxonomy":"product_cat","embeddable":true,"href":"https:\/\/roveyayinevi.com.tr\/index.php\/wp-json\/wp\/v2\/product_cat?post=738083"},{"taxonomy":"product_tag","embeddable":true,"href":"https:\/\/roveyayinevi.com.tr\/index.php\/wp-json\/wp\/v2\/product_tag?post=738083"}],"curies":[{"name":"wp","href":"https:\/\/api.w.org\/{rel}","templated":true}]}}