{"id":738082,"date":"2025-08-27T23:42:16","date_gmt":"2025-08-27T20:42:16","guid":{"rendered":"https:\/\/roveyayinevi.com.tr\/index.php\/urun\/notralizor\/"},"modified":"2026-04-16T02:47:51","modified_gmt":"2026-04-15T23:47:51","slug":"notralizor","status":"publish","type":"product","link":"https:\/\/roveyayinevi.com.tr\/index.php\/urun\/notralizor\/","title":{"rendered":"N\u00f6traliz\u00f6r"},"content":{"rendered":"<p>Mars\u2019ta ilk insan kolonisinin kurulmas\u0131ndan, yani Mars takviminin ba\u015flang\u0131c\u0131ndan beri 106 Mars senesi ge\u00e7mi\u015fti. Al\u00e7ak binalar\u0131n aras\u0131ndan kubbesiz g\u00f6\u011f\u00fc masmavi uzanan, insanlar\u0131n a\u00e7\u0131k havada koruyucu giysiler olmadan dola\u015ft\u0131klar\u0131 o gezegen art\u0131k bir r\u00fcyadan ibaretti. D\u00fcnya n\u00fcfusu bir salg\u0131n hastal\u0131k y\u00fcz\u00fcnden yok olmu\u015ftu. En az\u0131ndan, halk b\u00f6yle biliyordu.O r\u00fcya gezegene geri d\u00f6n\u00fc\u015f m\u00fcmk\u00fcn olmasa da, Khan yeni ve daha g\u00fczel bir hayata ba\u015flama umudunun bir ba\u015fka yolunu bulacakt\u0131; mutlaka ama mutlaka N\u00f6traliz\u00f6r\u2019e ula\u015facakt\u0131!N\u00f6traliz\u00f6r, ilk olarak 2010 y\u0131l\u0131nda yay\u0131mland\u0131 ancak elinizdeki N\u00f6traliz\u00f6r, o N\u00f6traliz\u00f6r de\u011fil art\u0131k! Geni\u015fledi, g\u00fcncellendi, t\u0131pk\u0131 roman\u0131n kahraman\u0131 Khan gibi de\u011fi\u015fti, d\u00f6n\u00fc\u015f\u00fcm ge\u00e7irdi.\u201cEtraf\u0131na bakars\u0131n ve her \u015fey normaldir. Ama sanki odada seninle birlikte bir ba\u015fkas\u0131 varm\u0131\u015f gibi gelir&#8230; Havada s\u00fcz\u00fclen, insan olmayan bir \u015fey. Odaya bak\u0131narak onu arars\u0131n. Sonra birden sanki gizlenmekten vazge\u00e7er ve bir karalt\u0131 g\u00f6r\u00fcrs\u00fcn\u2026 O netle\u015ftik\u00e7e, ger\u00e7eklik kazand\u0131k\u00e7a di\u011fer her \u015fey bulan\u0131kla\u015fmaya, r\u00fcya gibi g\u00f6r\u00fcnmeye ba\u015flar. O giderek b\u00fcy\u00fcyen karanl\u0131k, uzay\u0131n bo\u015flu\u011funa a\u00e7\u0131lan kara bir \u0131\u015f\u0131k gibidir. Bir ge\u00e7it. Varl\u0131\u011f\u0131 o kadar ger\u00e7ek h\u00e2le gelir ki d\u00fcnyan\u0131n geri kalan\u0131 silikle\u015fir.\u201d<\/p>\n","protected":false},"excerpt":{"rendered":"<p>Mars\u2019ta ilk insan kolonisinin kurulmas\u0131ndan, yani Mars takviminin ba\u015flang\u0131c\u0131ndan beri 106 Mars senesi ge\u00e7mi\u015fti. Al\u00e7ak binalar\u0131n aras\u0131ndan kubbesiz g\u00f6\u011f\u00fc masmavi uzanan, insanlar\u0131n a\u00e7\u0131k havada koruyucu giysiler<span class=\"excerpt-hellip\"> [\u2026]<\/span><\/p>\n","protected":false},"featured_media":0,"template":"","meta":{"_monsterinsights_skip_tracking":false,"_monsterinsights_sitenote_active":false,"_monsterinsights_sitenote_note":"","_monsterinsights_sitenote_category":0},"product_brand":[],"product_cat":[12540,12291],"product_tag":[],"class_list":{"0":"post-738082","1":"product","2":"type-product","3":"status-publish","5":"product_cat-bilim-kurgu","6":"product_cat-edebiyat","7":"pa_cilt-ciltsiz","8":"pa_tur-kitap","9":"pa_yayinevi-ithaki-yayinlari","10":"pa_yazar-dost-korpe","12":"first","13":"instock","14":"sale","15":"shipping-taxable","16":"purchasable","17":"product-type-simple"},"_links":{"self":[{"href":"https:\/\/roveyayinevi.com.tr\/index.php\/wp-json\/wp\/v2\/product\/738082","targetHints":{"allow":["GET"]}}],"collection":[{"href":"https:\/\/roveyayinevi.com.tr\/index.php\/wp-json\/wp\/v2\/product"}],"about":[{"href":"https:\/\/roveyayinevi.com.tr\/index.php\/wp-json\/wp\/v2\/types\/product"}],"wp:attachment":[{"href":"https:\/\/roveyayinevi.com.tr\/index.php\/wp-json\/wp\/v2\/media?parent=738082"}],"wp:term":[{"taxonomy":"product_brand","embeddable":true,"href":"https:\/\/roveyayinevi.com.tr\/index.php\/wp-json\/wp\/v2\/product_brand?post=738082"},{"taxonomy":"product_cat","embeddable":true,"href":"https:\/\/roveyayinevi.com.tr\/index.php\/wp-json\/wp\/v2\/product_cat?post=738082"},{"taxonomy":"product_tag","embeddable":true,"href":"https:\/\/roveyayinevi.com.tr\/index.php\/wp-json\/wp\/v2\/product_tag?post=738082"}],"curies":[{"name":"wp","href":"https:\/\/api.w.org\/{rel}","templated":true}]}}