{"id":738081,"date":"2025-08-27T23:42:15","date_gmt":"2025-08-27T20:42:15","guid":{"rendered":"https:\/\/roveyayinevi.com.tr\/index.php\/urun\/sogutler\/"},"modified":"2026-04-16T02:47:50","modified_gmt":"2026-04-15T23:47:50","slug":"sogutler","status":"publish","type":"product","link":"https:\/\/roveyayinevi.com.tr\/index.php\/urun\/sogutler\/","title":{"rendered":"S\u00f6\u011f\u00fctler"},"content":{"rendered":"<p>\u201cBu \u00f6yk\u00fc netlikten ka\u00e7\u0131n\u0131yor, g\u00f6sterirmi\u015f gibi yap\u0131p g\u00f6stermiyor, bizi i\u00e7ine \u00e7ekiyor ve pek de a\u00e7\u0131klanmayan bir \u015feyle korkutuyor.\u201d \u2013Michael DirdaTuhaf kurgu ve hayalet hik\u00e2yesi t\u00fcrlerinde \u00e7\u0131\u011f\u0131r a\u00e7an Algernon Blackwood, insan\u0131n duygular\u0131 ve mant\u0131\u011f\u0131 aras\u0131ndaki gerilimi kurcalayan, do\u011fa\u00fcst\u00fc ile do\u011fal olan aras\u0131ndaki alacakaranl\u0131k co\u011frafyay\u0131 ke\u015ffe \u00e7\u0131kan \u00f6nc\u00fc bir yazar. Ba\u015fyap\u0131tlar\u0131ndan biri olan S\u00f6\u011f\u00fctler ise H. P. Lovecraft\u2019a g\u00f6re t\u00fcm zamanlar\u0131n en iyi tuhaf \u00f6yk\u00fcs\u00fc.Tuna Nehri\u2019nde yolculuk yapan iki arkada\u015f, kanolar\u0131yla s\u00fcratle ilerlerken kendilerini \u00e2deta ba\u015fka bir d\u00fcnyan\u0131n e\u015fi\u011finde, s\u00f6\u011f\u00fctlerin \u0131ss\u0131z diyar\u0131nda bulur. Bu viran b\u00f6lgede uygarl\u0131\u011fa dair tek bir i\u015faret yoktur. \u0130nsanl\u0131\u011f\u0131n d\u00fcnyas\u0131ndan uzakta olma hissi, tabiat\u0131n orta yerinde olman\u0131n cazibesi ikisini de b\u00fcy\u00fcler ama bu diyar\u0131n tekinsiz y\u00fcz\u00fc yava\u015f yava\u015f kendini g\u00f6stermeye ba\u015flayacak, deh\u015fet, hu\u015fu ve hayret birle\u015ferek benzersiz bir korkuyu do\u011furacakt\u0131r.S\u00f6\u011f\u00fctler bize kar\u015f\u0131.<\/p>\n","protected":false},"excerpt":{"rendered":"<p>\u201cBu \u00f6yk\u00fc netlikten ka\u00e7\u0131n\u0131yor, g\u00f6sterirmi\u015f gibi yap\u0131p g\u00f6stermiyor, bizi i\u00e7ine \u00e7ekiyor ve pek de a\u00e7\u0131klanmayan bir \u015feyle korkutuyor.\u201d \u2013Michael DirdaTuhaf kurgu ve hayalet hik\u00e2yesi t\u00fcrlerinde \u00e7\u0131\u011f\u0131r<span class=\"excerpt-hellip\"> [\u2026]<\/span><\/p>\n","protected":false},"featured_media":0,"template":"","meta":{"_monsterinsights_skip_tracking":false,"_monsterinsights_sitenote_active":false,"_monsterinsights_sitenote_note":"","_monsterinsights_sitenote_category":0},"product_brand":[],"product_cat":[12291,17033],"product_tag":[],"class_list":{"0":"post-738081","1":"product","2":"type-product","3":"status-publish","5":"product_cat-edebiyat","6":"product_cat-korku-gerilim","7":"pa_cilt-ciltsiz","8":"pa_tur-kitap","9":"pa_yayinevi-ithaki-yayinlari","10":"pa_yazar-algernon-blackwood","12":"first","13":"instock","14":"sale","15":"shipping-taxable","16":"purchasable","17":"product-type-simple"},"_links":{"self":[{"href":"https:\/\/roveyayinevi.com.tr\/index.php\/wp-json\/wp\/v2\/product\/738081","targetHints":{"allow":["GET"]}}],"collection":[{"href":"https:\/\/roveyayinevi.com.tr\/index.php\/wp-json\/wp\/v2\/product"}],"about":[{"href":"https:\/\/roveyayinevi.com.tr\/index.php\/wp-json\/wp\/v2\/types\/product"}],"wp:attachment":[{"href":"https:\/\/roveyayinevi.com.tr\/index.php\/wp-json\/wp\/v2\/media?parent=738081"}],"wp:term":[{"taxonomy":"product_brand","embeddable":true,"href":"https:\/\/roveyayinevi.com.tr\/index.php\/wp-json\/wp\/v2\/product_brand?post=738081"},{"taxonomy":"product_cat","embeddable":true,"href":"https:\/\/roveyayinevi.com.tr\/index.php\/wp-json\/wp\/v2\/product_cat?post=738081"},{"taxonomy":"product_tag","embeddable":true,"href":"https:\/\/roveyayinevi.com.tr\/index.php\/wp-json\/wp\/v2\/product_tag?post=738081"}],"curies":[{"name":"wp","href":"https:\/\/api.w.org\/{rel}","templated":true}]}}