{"id":738080,"date":"2025-08-27T23:42:14","date_gmt":"2025-08-27T20:42:14","guid":{"rendered":"https:\/\/roveyayinevi.com.tr\/index.php\/urun\/deli-ve-dahi-ingilizcenin-en-kapsamli-ilk-sozlugunun-hazirlanisinin-cilgin-hikayesi\/"},"modified":"2026-04-16T02:47:50","modified_gmt":"2026-04-15T23:47:50","slug":"deli-ve-dahi-ingilizcenin-en-kapsamli-ilk-sozlugunun-hazirlanisinin-cilgin-hikayesi","status":"publish","type":"product","link":"https:\/\/roveyayinevi.com.tr\/index.php\/urun\/deli-ve-dahi-ingilizcenin-en-kapsamli-ilk-sozlugunun-hazirlanisinin-cilgin-hikayesi\/","title":{"rendered":"Deli ve Dahi- \u0130ngilizcenin En Kapsaml\u0131 \u0130lk S\u00f6zl\u00fc\u011f\u00fcn\u00fcn Haz\u0131rlan\u0131\u015f\u0131n\u0131n \u00c7\u0131lg\u0131n Hikayesi"},"content":{"rendered":"<p>Ge\u00e7mi\u015fi Cinayet, \u015eizofreni Ve Sava\u015fla Y\u00fckl\u00fc Bir S\u00f6zl\u00fc\u011f\u00fcn TarihiOxford \u0130ngilizce S\u00f6zl\u00fc\u011f\u00fc\u2019n\u00fcn ba\u015fedit\u00f6r\u00fc Dr. James Murray\u2019nin \u00f6nderli\u011findeki komite belirli kelimeler i\u00e7in al\u0131nt\u0131 ve tan\u0131m toplarken zaman i\u00e7inde \u00e7al\u0131\u015fma y\u00f6ntemi ve \u015fevkiyle bir g\u00f6n\u00fcll\u00fc okur \u00f6ne \u00e7\u0131kt\u0131. On binden fazla tan\u0131ma katk\u0131da bulunan ve \u00e7al\u0131\u015fmalar\u0131n ilk y\u0131llar\u0131nda gizemini koruyan bu okur bir Amerikan \u0130\u00e7 Sava\u015f\u0131 gazisi olan, emekli cerrah Dr. W. C. Minor\u2019d\u0131 ve i\u015fledi\u011fi bir cinayet sebebiyle uzun zamand\u0131r ak\u0131l hastanesinde yatmaktayd\u0131.S\u00f6zl\u00fc\u011f\u00fcn haz\u0131rl\u0131klar\u0131 1857\u2019de ba\u015flam\u0131\u015ft\u0131 ve o g\u00fcne kadar giri\u015filen en iddial\u0131 \u00e7al\u0131\u015fmayd\u0131, tamamland\u0131\u011f\u0131nda \u0130ngilizcenin en kapsaml\u0131 ilk s\u00f6zl\u00fc\u011f\u00fc olacakt\u0131. Simon Winchester\u2019\u0131n titiz ara\u015ft\u0131rmalar sonucunda kaleme ald\u0131\u011f\u0131 Deli ve D\u00e2hi, i\u015fte bu devrimci eserin haz\u0131rlan\u0131\u015f\u0131na b\u00fcy\u00fck katk\u0131larda bulunan, \u00e7o\u011fu y\u00f6nden bamba\u015fka ama kelimelere adanm\u0131\u015fl\u0131\u011f\u0131yla hayli birbirine benzer iki adam\u0131n, Dr. James Murray ile Dr. W. C. Minor\u2019\u0131n eksantrik hik\u00e2yesini ve s\u00f6zl\u00fck\u00e7\u00fcl\u00fc\u011f\u00fcn me\u015fakkatli d\u00fcnyas\u0131n\u0131 g\u00f6zler \u00f6n\u00fcne seriyor.\u201cDeli ve D\u00e2hi, hem b\u00fcy\u00fcleyici hem de dokunakl\u0131 bir kitap, imk\u00e2ns\u0131zm\u0131\u015f gibi g\u00f6r\u00fcnen bir olay\u0131, Oxford \u0130ngilizce S\u00f6zl\u00fc\u011f\u00fc\u2019ne sanr\u0131larla bo\u011fu\u015fan, hastaneye kapat\u0131lm\u0131\u015f bir \u2018ak\u0131l hastas\u0131n\u0131n\u2019 yapt\u0131\u011f\u0131 b\u00fcy\u00fck katk\u0131lar\u0131 ve s\u00f6zl\u00fc\u011f\u00fcn edit\u00f6r\u00fc ile geli\u015fen dostlu\u011funu muhte\u015fem bir \u015fekilde yap\u0131 ta\u015flar\u0131na ay\u0131r\u0131yor.\u201d \u2013Oliver Sacks<\/p>\n","protected":false},"excerpt":{"rendered":"<p>Ge\u00e7mi\u015fi Cinayet, \u015eizofreni Ve Sava\u015fla Y\u00fckl\u00fc Bir S\u00f6zl\u00fc\u011f\u00fcn TarihiOxford \u0130ngilizce S\u00f6zl\u00fc\u011f\u00fc\u2019n\u00fcn ba\u015fedit\u00f6r\u00fc Dr. James Murray\u2019nin \u00f6nderli\u011findeki komite belirli kelimeler i\u00e7in al\u0131nt\u0131 ve tan\u0131m toplarken zaman i\u00e7inde<span class=\"excerpt-hellip\"> [\u2026]<\/span><\/p>\n","protected":false},"featured_media":0,"template":"","meta":{"_monsterinsights_skip_tracking":false,"_monsterinsights_sitenote_active":false,"_monsterinsights_sitenote_note":"","_monsterinsights_sitenote_category":0},"product_brand":[],"product_cat":[12291,12745],"product_tag":[],"class_list":{"0":"post-738080","1":"product","2":"type-product","3":"status-publish","5":"product_cat-edebiyat","6":"product_cat-tarihi-roman","7":"pa_cilt-ciltsiz","8":"pa_tur-kitap","9":"pa_yayinevi-ithaki-yayinlari","10":"pa_yazar-simon-winchester","12":"first","13":"instock","14":"sale","15":"shipping-taxable","16":"purchasable","17":"product-type-simple"},"_links":{"self":[{"href":"https:\/\/roveyayinevi.com.tr\/index.php\/wp-json\/wp\/v2\/product\/738080","targetHints":{"allow":["GET"]}}],"collection":[{"href":"https:\/\/roveyayinevi.com.tr\/index.php\/wp-json\/wp\/v2\/product"}],"about":[{"href":"https:\/\/roveyayinevi.com.tr\/index.php\/wp-json\/wp\/v2\/types\/product"}],"wp:attachment":[{"href":"https:\/\/roveyayinevi.com.tr\/index.php\/wp-json\/wp\/v2\/media?parent=738080"}],"wp:term":[{"taxonomy":"product_brand","embeddable":true,"href":"https:\/\/roveyayinevi.com.tr\/index.php\/wp-json\/wp\/v2\/product_brand?post=738080"},{"taxonomy":"product_cat","embeddable":true,"href":"https:\/\/roveyayinevi.com.tr\/index.php\/wp-json\/wp\/v2\/product_cat?post=738080"},{"taxonomy":"product_tag","embeddable":true,"href":"https:\/\/roveyayinevi.com.tr\/index.php\/wp-json\/wp\/v2\/product_tag?post=738080"}],"curies":[{"name":"wp","href":"https:\/\/api.w.org\/{rel}","templated":true}]}}