{"id":738077,"date":"2025-08-27T23:42:10","date_gmt":"2025-08-27T20:42:10","guid":{"rendered":"https:\/\/roveyayinevi.com.tr\/index.php\/urun\/ciftlik\/"},"modified":"2026-04-16T02:47:50","modified_gmt":"2026-04-15T23:47:50","slug":"ciftlik","status":"publish","type":"product","link":"https:\/\/roveyayinevi.com.tr\/index.php\/urun\/ciftlik\/","title":{"rendered":"\u00c7iftlik"},"content":{"rendered":"<p>\u201cHem sert hem de dokunakl\u0131, doludizgin bir roman.\u201d \u2013Madeline Miller, Ben, Kirke\u2019nin yazar\u0131\u201cO kadar ger\u00e7ek\u00e7i ki t\u00fcyler \u00fcrpertiyor.\u201d \u2013Sophie Mackintosh, Su K\u00fcr\u00fc\u2019n\u00fcn yazar\u0131Hudson Vadisi\u2019nde t\u00fcm imk\u00e2nlara sahip, ihti\u015faml\u0131 bir inziva yeri bulunur: organik yemekler, \u00f6zel spor e\u011fitmenleri, g\u00fcnl\u00fck masajlar \u2013 hepsi de \u00fccretsiz. Asl\u0131na bak\u0131l\u0131rsa bu l\u00fcks yerde birka\u00e7 mevsim ge\u00e7irirseniz, akl\u0131n\u0131za hayalinize s\u0131\u011fmayacak kadar b\u00fcy\u00fck bir \u00f6deme bile al\u0131yorsunuz. Peki kar\u015f\u0131l\u0131\u011f\u0131nda? Dokuz ay boyunca \u00c7iftlik\u2019e aitsiniz. Araziden ayr\u0131lman\u0131z yasak; her bir hareketiniz g\u00f6zetim alt\u0131nda. Kendinizi ola\u011fan\u00fcst\u00fc varl\u0131kl\u0131 m\u00fc\u015fterileriniz i\u00e7in kusursuz bebe\u011fi \u00fcretmenin yorucu g\u00f6revine adad\u0131\u011f\u0131n\u0131zda, eski hayat\u0131n\u0131z size unutulmaya y\u00fcz tutmu\u015f bir r\u00fcya gibi gelecek.Filipinler\u2019den gelen bir g\u00f6\u00e7men ve ayn\u0131 zamanda maddi s\u0131k\u0131nt\u0131lar \u00e7eken bek\u00e2r bir anne olan Jane, \u00c7iftlik\u2019teki son derece rekabet\u00e7i ta\u015f\u0131y\u0131c\u0131 annelik se\u00e7imi s\u00fcrecini ge\u00e7ti\u011fi i\u00e7in \u00e7ok heyecanl\u0131yd\u0131. Fakat \u015fimdi hamile, k\u0131r\u0131lgan ve kendi k\u0131z\u0131n\u0131n iyili\u011fi i\u00e7in endi\u015feye kap\u0131lm\u0131\u015f olan Jane d\u0131\u015far\u0131daki hayat\u0131na d\u00f6nmek i\u00e7in can atmaktayd\u0131. Ancak \u00c7iftlik\u2019ten ayr\u0131lmas\u0131 m\u00fcmk\u00fcn de\u011fildi, yoksa do\u011fumda alaca\u011f\u0131 ve hayat\u0131n\u0131 de\u011fi\u015ftirecek \u00f6demeyi kaybedecek hatta daha b\u00fcy\u00fck bir tehlikeyle kar\u015f\u0131 kar\u015f\u0131ya kalacakt\u0131.H\u00fcz\u00fcnl\u00fc, s\u00fcr\u00fckleyici ve etkileyici \u00c7iftlik annelik, para ve erdem hakk\u0131ndaki d\u00fc\u015f\u00fcncelerimizi en u\u00e7 noktalara kadar iterek kad\u0131nlar\u0131n kendilerinin ve sevdiklerinin gelece\u011fini sa\u011flama almak i\u00e7in g\u00f6zden \u00e7\u0131karabilecekleri hakk\u0131nda kritik sorular soruyor.<\/p>\n","protected":false},"excerpt":{"rendered":"<p>\u201cHem sert hem de dokunakl\u0131, doludizgin bir roman.\u201d \u2013Madeline Miller, Ben, Kirke\u2019nin yazar\u0131\u201cO kadar ger\u00e7ek\u00e7i ki t\u00fcyler \u00fcrpertiyor.\u201d \u2013Sophie Mackintosh, Su K\u00fcr\u00fc\u2019n\u00fcn yazar\u0131Hudson Vadisi\u2019nde t\u00fcm imk\u00e2nlara<span class=\"excerpt-hellip\"> [\u2026]<\/span><\/p>\n","protected":false},"featured_media":0,"template":"","meta":{"_monsterinsights_skip_tracking":false,"_monsterinsights_sitenote_active":false,"_monsterinsights_sitenote_note":"","_monsterinsights_sitenote_category":0},"product_brand":[],"product_cat":[12540,12291],"product_tag":[],"class_list":{"0":"post-738077","1":"product","2":"type-product","3":"status-publish","5":"product_cat-bilim-kurgu","6":"product_cat-edebiyat","7":"pa_cilt-ciltsiz","8":"pa_tur-kitap","9":"pa_yayinevi-ithaki-yayinlari","10":"pa_yazar-joanne-ramos","12":"first","13":"instock","14":"sale","15":"shipping-taxable","16":"purchasable","17":"product-type-simple"},"_links":{"self":[{"href":"https:\/\/roveyayinevi.com.tr\/index.php\/wp-json\/wp\/v2\/product\/738077","targetHints":{"allow":["GET"]}}],"collection":[{"href":"https:\/\/roveyayinevi.com.tr\/index.php\/wp-json\/wp\/v2\/product"}],"about":[{"href":"https:\/\/roveyayinevi.com.tr\/index.php\/wp-json\/wp\/v2\/types\/product"}],"wp:attachment":[{"href":"https:\/\/roveyayinevi.com.tr\/index.php\/wp-json\/wp\/v2\/media?parent=738077"}],"wp:term":[{"taxonomy":"product_brand","embeddable":true,"href":"https:\/\/roveyayinevi.com.tr\/index.php\/wp-json\/wp\/v2\/product_brand?post=738077"},{"taxonomy":"product_cat","embeddable":true,"href":"https:\/\/roveyayinevi.com.tr\/index.php\/wp-json\/wp\/v2\/product_cat?post=738077"},{"taxonomy":"product_tag","embeddable":true,"href":"https:\/\/roveyayinevi.com.tr\/index.php\/wp-json\/wp\/v2\/product_tag?post=738077"}],"curies":[{"name":"wp","href":"https:\/\/api.w.org\/{rel}","templated":true}]}}