{"id":738074,"date":"2025-08-27T23:42:06","date_gmt":"2025-08-27T20:42:06","guid":{"rendered":"https:\/\/roveyayinevi.com.tr\/index.php\/urun\/yurtseverlik-askerlik-ve-itaatsizlik-uzerine\/"},"modified":"2026-04-16T02:47:50","modified_gmt":"2026-04-15T23:47:50","slug":"yurtseverlik-askerlik-ve-itaatsizlik-uzerine","status":"publish","type":"product","link":"https:\/\/roveyayinevi.com.tr\/index.php\/urun\/yurtseverlik-askerlik-ve-itaatsizlik-uzerine\/","title":{"rendered":"Yurtseverlik, Askerlik Ve \u0130taatsizlik \u00dczerine"},"content":{"rendered":"<p>Tolstoy\u2019un s\u00f6m\u00fcr\u00fc, zenginlik, sava\u015f, askerlik, bar\u0131\u015f, yurtseverlik vs. meselelerini tart\u0131\u015fan \u00e7e\u015fitli yaz\u0131lar\u0131 ve mektuplar\u0131n\u0131 i\u00e7eren bu derleme; ayn\u0131 zamanda Tolstoy\u2019un romanlar\u0131n\u0131n arka plan\u0131na dair verileri de sunmaktad\u0131r bize. Tolstoy\u2019un insanl\u0131\u011f\u0131n gelece\u011fini tehdit eden sistemin ve y\u00f6netimlerin yaratt\u0131\u011f\u0131 felaketlere; zenginler taraf\u0131ndan s\u00f6m\u00fcr\u00fcy\u00fc ve kendi zenginliklerini korumak i\u00e7in kurulan askeri g\u00fc\u00e7lere; bu g\u00fc\u00e7leri finanse edebilmek i\u00e7in kimlerden hangi \u015fekillerde toplanan vergilere kadar bir\u00e7ok konudaki yaz\u0131lar\u0131 ve mektuplar\u0131, bug\u00fcn de ge\u00e7erlili\u011fini korumaktad\u0131r. <\/p>\n","protected":false},"excerpt":{"rendered":"<p>Tolstoy\u2019un s\u00f6m\u00fcr\u00fc, zenginlik, sava\u015f, askerlik, bar\u0131\u015f, yurtseverlik vs. meselelerini tart\u0131\u015fan \u00e7e\u015fitli yaz\u0131lar\u0131 ve mektuplar\u0131n\u0131 i\u00e7eren bu derleme; ayn\u0131 zamanda Tolstoy\u2019un romanlar\u0131n\u0131n arka plan\u0131na dair verileri de<span class=\"excerpt-hellip\"> [\u2026]<\/span><\/p>\n","protected":false},"featured_media":0,"template":"","meta":{"_monsterinsights_skip_tracking":false,"_monsterinsights_sitenote_active":false,"_monsterinsights_sitenote_note":"","_monsterinsights_sitenote_category":0},"product_brand":[],"product_cat":[27157,12291],"product_tag":[],"class_list":{"0":"post-738074","1":"product","2":"type-product","3":"status-publish","5":"product_cat-derleme","6":"product_cat-edebiyat","7":"pa_cilt-ciltsiz","8":"pa_tur-kitap","9":"pa_yayinevi-toz-yayinlari","10":"pa_yazar-lev-nikolayevic-tolstoy","12":"first","13":"instock","14":"sale","15":"shipping-taxable","16":"purchasable","17":"product-type-simple"},"_links":{"self":[{"href":"https:\/\/roveyayinevi.com.tr\/index.php\/wp-json\/wp\/v2\/product\/738074","targetHints":{"allow":["GET"]}}],"collection":[{"href":"https:\/\/roveyayinevi.com.tr\/index.php\/wp-json\/wp\/v2\/product"}],"about":[{"href":"https:\/\/roveyayinevi.com.tr\/index.php\/wp-json\/wp\/v2\/types\/product"}],"wp:attachment":[{"href":"https:\/\/roveyayinevi.com.tr\/index.php\/wp-json\/wp\/v2\/media?parent=738074"}],"wp:term":[{"taxonomy":"product_brand","embeddable":true,"href":"https:\/\/roveyayinevi.com.tr\/index.php\/wp-json\/wp\/v2\/product_brand?post=738074"},{"taxonomy":"product_cat","embeddable":true,"href":"https:\/\/roveyayinevi.com.tr\/index.php\/wp-json\/wp\/v2\/product_cat?post=738074"},{"taxonomy":"product_tag","embeddable":true,"href":"https:\/\/roveyayinevi.com.tr\/index.php\/wp-json\/wp\/v2\/product_tag?post=738074"}],"curies":[{"name":"wp","href":"https:\/\/api.w.org\/{rel}","templated":true}]}}