{"id":738071,"date":"2025-08-27T23:42:01","date_gmt":"2025-08-27T20:42:01","guid":{"rendered":"https:\/\/roveyayinevi.com.tr\/index.php\/urun\/deniz-kaplumbagasi\/"},"modified":"2026-04-08T02:56:11","modified_gmt":"2026-04-07T23:56:11","slug":"deniz-kaplumbagasi","status":"publish","type":"product","link":"https:\/\/roveyayinevi.com.tr\/index.php\/urun\/deniz-kaplumbagasi\/","title":{"rendered":"Deniz Kaplumba\u011fas\u0131"},"content":{"rendered":"<p>\u201cD\u00fcnyada \u00e7\u00f6z\u00fclmesi gereken bir s\u00fcr\u00fc sorun varken insanlar bu duruma nas\u0131l kulak t\u0131kay\u0131p, g\u00f6z yumabiliyorlar?\u201d diye d\u00fc\u015f\u00fcnd\u00fc Deniz.   Okyanuslar \u0131s\u0131n\u0131yor, buzullar eriyor, canl\u0131lar do\u011fal ya\u015fam alanlar\u0131nda yok ediliyor. Kim taraf\u0131ndan peki? Tabii ki yeti\u015fkinler\u2026Onlar\u0131n paray\u0131 kutsalla\u015ft\u0131r\u0131p do\u011fay\u0131 \u00e7\u00f6pe \u00e7evirmelerinden ve her \u015feyi metala\u015ft\u0131rmas\u0131ndan.   \u0130nsanl\u0131\u011f\u0131n inan\u0131lmaz unutkanl\u0131\u011f\u0131 kar\u015f\u0131s\u0131nda hayrete d\u00fc\u015fen \u00fc\u00e7 yak\u0131n arkada\u015f, iki kaplumba\u011fa ve bir robot d\u00fcnyay\u0131 iyile\u015ftirme yolunda macera dolu bir yola \u00e7\u0131k\u0131yor.   \u0130lk i\u015fleri, kumsal\u0131n ortas\u0131na yap\u0131lan \u201cK\u00f6m\u00fcr Santralinin\u201d, nesli t\u00fckenmekte olan deniz kaplumba\u011falar\u0131 i\u00e7in ne kadar tehlikeli oldu\u011funu t\u00fcm d\u00fcnyaya g\u00f6stermek.   Ama bu macerac\u0131 grubun en \u00f6nemli g\u00f6revi, d\u00fcnyay\u0131 herkes i\u00e7in daha iyi ve ya\u015fanabilir bir h\u00e2le getirmek. Belki de hayal g\u00fc\u00e7lerini ve \u00e7ocukluk masumiyetlerini unutan yeti\u015fkinlere bunu hat\u0131rlatarak i\u015fe ba\u015flayabilirler.   \u201cPar\u0131ldayan y\u0131ld\u0131zlar\u0131n hat\u0131r\u0131na bir dilek diledim. Hi\u00e7bir kuvvet beni hayal kurmaktan usand\u0131rmas\u0131n.\u201d Selen Gezer   Aslen Tuncelili olan yazar 1996\u2019da \u0130stanbul Bah\u00e7elievler\u2019de do\u011fdu. Trakya \u00dcniversitesi Uluslararas\u0131 \u0130li\u015fkiler B\u00f6l\u00fcm\u00fcnden mezun oldu. \u00d6zel sekt\u00f6rde Dijital Pazarlama ve Sat\u0131n Alma Departman\u0131nda \u00e7al\u0131\u015f\u0131yor. Ayn\u0131 zamanda \u0130stanbul K\u00fclt\u00fcr \u00dcniversitesinde Uluslararas\u0131 \u0130li\u015fkiler y\u00fcksek lisans \u00f6\u011frencisi. Ak\u0131ll\u0131 toplum in\u015fas\u0131, s\u00fcrd\u00fcr\u00fclebilir kalk\u0131nma ve biyopolitika \u00fczerine tez \u00e7al\u0131\u015fmas\u0131 haz\u0131rl\u0131yor. \u0130ki tane bilim kurgu roman\u0131 ile birlikte bir\u00e7ok \u00f6yk\u00fcn\u00fcn yazar\u0131. \u0130yi seviyede \u0130ngilizce, orta seviyede Almanca biliyor. <\/p>\n","protected":false},"excerpt":{"rendered":"<p>\u201cD\u00fcnyada \u00e7\u00f6z\u00fclmesi gereken bir s\u00fcr\u00fc sorun varken insanlar bu duruma nas\u0131l kulak t\u0131kay\u0131p, g\u00f6z yumabiliyorlar?\u201d diye d\u00fc\u015f\u00fcnd\u00fc Deniz. Okyanuslar \u0131s\u0131n\u0131yor, buzullar eriyor, canl\u0131lar do\u011fal ya\u015fam alanlar\u0131nda<span class=\"excerpt-hellip\"> [\u2026]<\/span><\/p>\n","protected":false},"featured_media":0,"template":"","meta":{"_monsterinsights_skip_tracking":false,"_monsterinsights_sitenote_active":false,"_monsterinsights_sitenote_note":"","_monsterinsights_sitenote_category":0},"product_brand":[],"product_cat":[12291,12711],"product_tag":[],"class_list":{"0":"post-738071","1":"product","2":"type-product","3":"status-publish","5":"product_cat-edebiyat","6":"product_cat-roman-oyku","7":"pa_cilt-ciltsiz","8":"pa_tur-kitap","9":"pa_yayinevi-yeni-insan-yayinlari","10":"pa_yazar-selen-gezer","12":"first","13":"instock","14":"sale","15":"shipping-taxable","16":"purchasable","17":"product-type-simple"},"_links":{"self":[{"href":"https:\/\/roveyayinevi.com.tr\/index.php\/wp-json\/wp\/v2\/product\/738071","targetHints":{"allow":["GET"]}}],"collection":[{"href":"https:\/\/roveyayinevi.com.tr\/index.php\/wp-json\/wp\/v2\/product"}],"about":[{"href":"https:\/\/roveyayinevi.com.tr\/index.php\/wp-json\/wp\/v2\/types\/product"}],"wp:attachment":[{"href":"https:\/\/roveyayinevi.com.tr\/index.php\/wp-json\/wp\/v2\/media?parent=738071"}],"wp:term":[{"taxonomy":"product_brand","embeddable":true,"href":"https:\/\/roveyayinevi.com.tr\/index.php\/wp-json\/wp\/v2\/product_brand?post=738071"},{"taxonomy":"product_cat","embeddable":true,"href":"https:\/\/roveyayinevi.com.tr\/index.php\/wp-json\/wp\/v2\/product_cat?post=738071"},{"taxonomy":"product_tag","embeddable":true,"href":"https:\/\/roveyayinevi.com.tr\/index.php\/wp-json\/wp\/v2\/product_tag?post=738071"}],"curies":[{"name":"wp","href":"https:\/\/api.w.org\/{rel}","templated":true}]}}