{"id":738070,"date":"2025-08-27T23:42:00","date_gmt":"2025-08-27T20:42:00","guid":{"rendered":"https:\/\/roveyayinevi.com.tr\/index.php\/urun\/sessiz-yurekler\/"},"modified":"2026-04-16T02:47:50","modified_gmt":"2026-04-15T23:47:50","slug":"sessiz-yurekler","status":"publish","type":"product","link":"https:\/\/roveyayinevi.com.tr\/index.php\/urun\/sessiz-yurekler\/","title":{"rendered":"Sessiz Y\u00fcrekler"},"content":{"rendered":"<p>\u201cKhaled Hosseini hayranlar\u0131na \u015fiddetle tavsiye edilecek bir eser.\u201d-Library Journal Farkl\u0131 k\u00fclt\u00fcrlere ve d\u00fcnya g\u00f6r\u00fc\u015flerine sahip, biri Amerikal\u0131, iki g\u00fc\u00e7l\u00fc kad\u0131n&#8230; Ve bariz farkl\u0131l\u0131klar\u0131na ra\u011fmen birbirlerine nas\u0131l da benzediklerini ac\u0131 bir bi\u00e7imde ortaya koyan, her birinin portrelerinin ustal\u0131kla \u00e7izildi\u011fi, s\u00fcrprizlerle dolu sars\u0131c\u0131 bir hik\u00e2ye. Gwen Florio, okurlar\u0131na yaln\u0131zca madalyonun \u00f6teki y\u00fcz\u00fcn\u00fc g\u00f6stermekle kalm\u0131yor; 11 Eyl\u00fcl sonras\u0131nda Afganistan\u2019da ya\u015fananlar\u0131 da apa\u00e7\u0131k g\u00f6zler \u00f6n\u00fcne seriyor. Bir taraftan ko\u015fullar\u0131n hayli zor oldu\u011fu bir co\u011frafyada yollar\u0131 kesi\u015fen iki kad\u0131n\u0131n ya\u015fad\u0131klar\u0131n\u0131 anlat\u0131rken, di\u011fer taraftan da sald\u0131r\u0131lar\u0131n bedelini \u00f6deyen sivil halka i\u015faret ederek politik sorunlara da dikkat \u00e7ekiyor. \u201cPek \u00e7ok k\u00fclt\u00fcr\u00fcn kesi\u015fti\u011fi bir b\u00f6lgede ge\u00e7en, zengin, s\u00fcr\u00fckleyici ve ak\u0131llardan \u00e7\u0131kmayan bir \u00f6yk\u00fc. Herkesin okumas\u0131n\u0131 isteyece\u011finiz y\u00fcrek burkan bir kitap.\u2019\u2019-Jamie Ford<\/p>\n","protected":false},"excerpt":{"rendered":"<p>\u201cKhaled Hosseini hayranlar\u0131na \u015fiddetle tavsiye edilecek bir eser.\u201d-Library Journal Farkl\u0131 k\u00fclt\u00fcrlere ve d\u00fcnya g\u00f6r\u00fc\u015flerine sahip, biri Amerikal\u0131, iki g\u00fc\u00e7l\u00fc kad\u0131n&#8230; Ve bariz farkl\u0131l\u0131klar\u0131na ra\u011fmen birbirlerine nas\u0131l<span class=\"excerpt-hellip\"> [\u2026]<\/span><\/p>\n","protected":false},"featured_media":0,"template":"","meta":{"_monsterinsights_skip_tracking":false,"_monsterinsights_sitenote_active":false,"_monsterinsights_sitenote_note":"","_monsterinsights_sitenote_category":0},"product_brand":[],"product_cat":[12291,50487],"product_tag":[],"class_list":{"0":"post-738070","1":"product","2":"type-product","3":"status-publish","5":"product_cat-edebiyat","6":"product_cat-kurgu","7":"pa_cilt-ciltsiz","8":"pa_tur-kitap","9":"pa_yayinevi-epsilon-yayinlari","10":"pa_yazar-gwen-florio","12":"first","13":"instock","14":"sale","15":"shipping-taxable","16":"purchasable","17":"product-type-simple"},"_links":{"self":[{"href":"https:\/\/roveyayinevi.com.tr\/index.php\/wp-json\/wp\/v2\/product\/738070","targetHints":{"allow":["GET"]}}],"collection":[{"href":"https:\/\/roveyayinevi.com.tr\/index.php\/wp-json\/wp\/v2\/product"}],"about":[{"href":"https:\/\/roveyayinevi.com.tr\/index.php\/wp-json\/wp\/v2\/types\/product"}],"wp:attachment":[{"href":"https:\/\/roveyayinevi.com.tr\/index.php\/wp-json\/wp\/v2\/media?parent=738070"}],"wp:term":[{"taxonomy":"product_brand","embeddable":true,"href":"https:\/\/roveyayinevi.com.tr\/index.php\/wp-json\/wp\/v2\/product_brand?post=738070"},{"taxonomy":"product_cat","embeddable":true,"href":"https:\/\/roveyayinevi.com.tr\/index.php\/wp-json\/wp\/v2\/product_cat?post=738070"},{"taxonomy":"product_tag","embeddable":true,"href":"https:\/\/roveyayinevi.com.tr\/index.php\/wp-json\/wp\/v2\/product_tag?post=738070"}],"curies":[{"name":"wp","href":"https:\/\/api.w.org\/{rel}","templated":true}]}}