{"id":738069,"date":"2025-08-27T23:41:59","date_gmt":"2025-08-27T20:41:59","guid":{"rendered":"https:\/\/roveyayinevi.com.tr\/index.php\/urun\/krallarin-carpismasi-resimli-ozel-baski-ciltli\/"},"modified":"2026-04-16T02:47:50","modified_gmt":"2026-04-15T23:47:50","slug":"krallarin-carpismasi-resimli-ozel-baski-ciltli","status":"publish","type":"product","link":"https:\/\/roveyayinevi.com.tr\/index.php\/urun\/krallarin-carpismasi-resimli-ozel-baski-ciltli\/","title":{"rendered":"Krallar\u0131n \u00c7arp\u0131\u015fmas\u0131 &#8211; Resimli \u00d6zel Bask\u0131 (Ciltli)"},"content":{"rendered":"<p>George R. R. Martin&#8217;in klasikle\u015fen serisi Buz ve Ate\u015fin \u015eark\u0131s\u0131\u2019n\u0131n ikinci kitab\u0131 Krallar\u0131n \u00c7arp\u0131\u015fmas\u0131, Lauren K. Cannon&#8217;\u0131n b\u00fcy\u00fcleyici \u00e7izimleri ve Bernard Cornwell&#8217;in \u00f6ns\u00f6z\u00fcyle yeniden hayat buluyor. Serinin hayranlar\u0131 ve bu fantastik d\u00fcnyayla yeni tan\u0131\u015facak okurlar i\u00e7in ka\u00e7\u0131r\u0131lmamas\u0131 gereken bir deneyim.   &#8220;Duvara vuran g\u00f6lgedir,&#8221; diye m\u0131r\u0131ldand\u0131 Varys. &#8220;Ama g\u00f6lgeler \u00f6ld\u00fcrebilir. Ve bazen, k\u00fc\u00e7\u00fck bir adam\u0131n \u00e7ok b\u00fcy\u00fck bir g\u00f6lgesi olabilir.&#8221; <\/p>\n","protected":false},"excerpt":{"rendered":"<p>George R. R. Martin&#8217;in klasikle\u015fen serisi Buz ve Ate\u015fin \u015eark\u0131s\u0131\u2019n\u0131n ikinci kitab\u0131 Krallar\u0131n \u00c7arp\u0131\u015fmas\u0131, Lauren K. Cannon&#8217;\u0131n b\u00fcy\u00fcleyici \u00e7izimleri ve Bernard Cornwell&#8217;in \u00f6ns\u00f6z\u00fcyle yeniden hayat buluyor.<span class=\"excerpt-hellip\"> [\u2026]<\/span><\/p>\n","protected":false},"featured_media":0,"template":"","meta":{"_monsterinsights_skip_tracking":false,"_monsterinsights_sitenote_active":false,"_monsterinsights_sitenote_note":"","_monsterinsights_sitenote_category":0},"product_brand":[],"product_cat":[12291,50487],"product_tag":[],"class_list":{"0":"post-738069","1":"product","2":"type-product","3":"status-publish","5":"product_cat-edebiyat","6":"product_cat-kurgu","7":"pa_cilt-ciltli","8":"pa_tur-kitap","9":"pa_yayinevi-epsilon-yayinlari","10":"pa_yazar-george-r-r-martin","12":"first","13":"instock","14":"sale","15":"shipping-taxable","16":"purchasable","17":"product-type-simple"},"_links":{"self":[{"href":"https:\/\/roveyayinevi.com.tr\/index.php\/wp-json\/wp\/v2\/product\/738069","targetHints":{"allow":["GET"]}}],"collection":[{"href":"https:\/\/roveyayinevi.com.tr\/index.php\/wp-json\/wp\/v2\/product"}],"about":[{"href":"https:\/\/roveyayinevi.com.tr\/index.php\/wp-json\/wp\/v2\/types\/product"}],"wp:attachment":[{"href":"https:\/\/roveyayinevi.com.tr\/index.php\/wp-json\/wp\/v2\/media?parent=738069"}],"wp:term":[{"taxonomy":"product_brand","embeddable":true,"href":"https:\/\/roveyayinevi.com.tr\/index.php\/wp-json\/wp\/v2\/product_brand?post=738069"},{"taxonomy":"product_cat","embeddable":true,"href":"https:\/\/roveyayinevi.com.tr\/index.php\/wp-json\/wp\/v2\/product_cat?post=738069"},{"taxonomy":"product_tag","embeddable":true,"href":"https:\/\/roveyayinevi.com.tr\/index.php\/wp-json\/wp\/v2\/product_tag?post=738069"}],"curies":[{"name":"wp","href":"https:\/\/api.w.org\/{rel}","templated":true}]}}