{"id":738068,"date":"2025-08-27T23:41:57","date_gmt":"2025-08-27T20:41:57","guid":{"rendered":"https:\/\/roveyayinevi.com.tr\/index.php\/urun\/arkadas-kalalim-2\/"},"modified":"2026-04-16T02:47:50","modified_gmt":"2026-04-15T23:47:50","slug":"arkadas-kalalim-2","status":"publish","type":"product","link":"https:\/\/roveyayinevi.com.tr\/index.php\/urun\/arkadas-kalalim-2\/","title":{"rendered":"Arkada\u015f Kalal\u0131m"},"content":{"rendered":"<p>Hayat\u0131nda dramaya yer vermemekte kararl\u0131 olan Kristen, alayc\u0131l\u0131\u011f\u0131 ve dobral\u0131\u011f\u0131yla tan\u0131nan bir kad\u0131nd\u0131r. \u00c7ocu\u011fu olmayaca\u011f\u0131 ger\u00e7e\u011fini kabullenmeye \u00e7al\u0131\u015fmaktad\u0131r ve hayat\u0131n\u0131n bundan sonras\u0131n\u0131 baba olmak istemeyen bir erkekle ge\u00e7irmeyi d\u00fc\u015f\u00fcnmektedir. Ancak Kristen\u2019\u0131n t\u00fcm planlar\u0131 en yak\u0131n arkada\u015f\u0131 Sloan\u2019un d\u00fc\u011f\u00fcn\u00fcn\u00fc organize ederken Josh&#8217;la tan\u0131\u015fmas\u0131yla beklenmedik bir bi\u00e7imde de\u011fi\u015fecektir. Josh Kaliforniya\u2019ya yeni ta\u015f\u0131nm\u0131\u015f, alt\u0131 k\u0131z karde\u015fi sayesinde kad\u0131nlar hakk\u0131nda \u00e7ok \u015fey bilen, \u015fefkatli ve esprili bir adamd\u0131r. Kristen&#8217;la tan\u0131\u015ft\u0131klar\u0131nda aralar\u0131nda inan\u0131lmaz bir \u00e7ekim olur. Ne var ki Josh baba olmak istemektedir. Kristen ise kendisi hakk\u0131ndaki ger\u00e7e\u011fi ondan saklayarak aralar\u0131nda olanlar\u0131 arkada\u015fl\u0131\u011f\u0131n g\u00fcvenli b\u00f6lgesinde tutmaya kararl\u0131d\u0131r. Hayat\u0131n zorluklar\u0131 kar\u015f\u0131s\u0131nda birbirlerine tutunup umut bulan Kristen ile Josh\u2019un s\u0131rad\u0131\u015f\u0131 hik\u00e2yesi kalplerinizde \u00f6zel bir yer edinecek.  \u201cGoodreads Okur \u00d6d\u00fcl\u00fc Aday\u0131\u201d K\u0131vrak zek\u00e2n\u0131n, ince esprilerin ve duygusal yo\u011funlu\u011fun m\u00fckemmel bir birle\u015fimi. \u2013Kirkus Reviews En sevdi\u011finiz romantik komedi olmaya aday!\u2013 Popsugar<\/p>\n","protected":false},"excerpt":{"rendered":"<p>Hayat\u0131nda dramaya yer vermemekte kararl\u0131 olan Kristen, alayc\u0131l\u0131\u011f\u0131 ve dobral\u0131\u011f\u0131yla tan\u0131nan bir kad\u0131nd\u0131r. \u00c7ocu\u011fu olmayaca\u011f\u0131 ger\u00e7e\u011fini kabullenmeye \u00e7al\u0131\u015fmaktad\u0131r ve hayat\u0131n\u0131n bundan sonras\u0131n\u0131 baba olmak istemeyen bir<span class=\"excerpt-hellip\"> [\u2026]<\/span><\/p>\n","protected":false},"featured_media":0,"template":"","meta":{"_monsterinsights_skip_tracking":false,"_monsterinsights_sitenote_active":false,"_monsterinsights_sitenote_note":"","_monsterinsights_sitenote_category":0},"product_brand":[],"product_cat":[12291,50487],"product_tag":[],"class_list":{"0":"post-738068","1":"product","2":"type-product","3":"status-publish","5":"product_cat-edebiyat","6":"product_cat-kurgu","7":"pa_cilt-ciltsiz","8":"pa_tur-kitap","9":"pa_yayinevi-epsilon-yayinlari","10":"pa_yazar-abby-jimenez","12":"first","13":"instock","14":"sale","15":"shipping-taxable","16":"purchasable","17":"product-type-simple"},"_links":{"self":[{"href":"https:\/\/roveyayinevi.com.tr\/index.php\/wp-json\/wp\/v2\/product\/738068","targetHints":{"allow":["GET"]}}],"collection":[{"href":"https:\/\/roveyayinevi.com.tr\/index.php\/wp-json\/wp\/v2\/product"}],"about":[{"href":"https:\/\/roveyayinevi.com.tr\/index.php\/wp-json\/wp\/v2\/types\/product"}],"wp:attachment":[{"href":"https:\/\/roveyayinevi.com.tr\/index.php\/wp-json\/wp\/v2\/media?parent=738068"}],"wp:term":[{"taxonomy":"product_brand","embeddable":true,"href":"https:\/\/roveyayinevi.com.tr\/index.php\/wp-json\/wp\/v2\/product_brand?post=738068"},{"taxonomy":"product_cat","embeddable":true,"href":"https:\/\/roveyayinevi.com.tr\/index.php\/wp-json\/wp\/v2\/product_cat?post=738068"},{"taxonomy":"product_tag","embeddable":true,"href":"https:\/\/roveyayinevi.com.tr\/index.php\/wp-json\/wp\/v2\/product_tag?post=738068"}],"curies":[{"name":"wp","href":"https:\/\/api.w.org\/{rel}","templated":true}]}}