{"id":738067,"date":"2025-08-27T23:41:56","date_gmt":"2025-08-27T20:41:56","guid":{"rendered":"https:\/\/roveyayinevi.com.tr\/index.php\/urun\/captain-tsubasa-altin-ikili\/"},"modified":"2026-04-13T02:55:42","modified_gmt":"2026-04-12T23:55:42","slug":"captain-tsubasa-altin-ikili","status":"publish","type":"product","link":"https:\/\/roveyayinevi.com.tr\/index.php\/urun\/captain-tsubasa-altin-ikili\/","title":{"rendered":"Captain Tsubasa &#8211; Alt\u0131n \u0130kili"},"content":{"rendered":"<p>Yetenek, azim, geli\u015fim ve arkada\u015fl\u0131k: Efsane olmak kolay de\u011fil!   Ulusal Turnuva\u2019n\u0131n final a\u015famas\u0131 t\u00fcm oyuncular\u0131n m\u00fcthi\u015f heyecan\u0131yla ba\u015flar. Nankatsu tak\u0131m\u0131 ilk ma\u00e7\u0131n\u0131 Naniva kasabas\u0131n\u0131n tak\u0131m\u0131na kar\u015f\u0131 oynayacakt\u0131r. Vakabaya\u015fi,\u2019nin sakatl\u0131\u011f\u0131 s\u00fcrerken Naniva\u2019n\u0131n dev kalecisi Nakani\u015fi turnuva boyunca hi\u00e7 gol yememekte kararl\u0131d\u0131r. Gol kralll\u0131\u011f\u0131na ko\u015fan Tsubasa ise bu ma\u015fta mutlaka gol atmal\u0131d\u0131r. Yenilen tak\u0131m turnuvaya veda etmek zorundad\u0131r.   \u0130ki kusursuz futbolcu kar\u015f\u0131 kar\u015f\u0131ya geldi\u011finde kazanan\u0131 ne belirler? Tabii ki arkada\u015fl\u0131k! Tsubasa ma\u00e7\u0131 kazanmak i\u00e7in yeteneklerini sonuna kadar kullan\u0131rken yard\u0131m\u0131na arkada\u015f\u0131 Misaki yeti\u015fir. Tsubasa ve Misaki hem futbol yetenekleriyle e\u015fsiz bir uyum yakalar hem de dostluklar\u0131yla etkileyici bir dayan\u0131\u015fma \u00f6rne\u011fi g\u00f6sterir. \u0130\u015fte Alt\u0131n ikili! Peki, bu b\u00fcy\u00fck dostluk onlar\u0131 \u015fampiyonlu\u011fa, Tsubasa\u2019y\u0131 Brezilya\u2019ya ta\u015f\u0131yacak m\u0131?<\/p>\n","protected":false},"excerpt":{"rendered":"<p>Yetenek, azim, geli\u015fim ve arkada\u015fl\u0131k: Efsane olmak kolay de\u011fil! Ulusal Turnuva\u2019n\u0131n final a\u015famas\u0131 t\u00fcm oyuncular\u0131n m\u00fcthi\u015f heyecan\u0131yla ba\u015flar. Nankatsu tak\u0131m\u0131 ilk ma\u00e7\u0131n\u0131 Naniva kasabas\u0131n\u0131n tak\u0131m\u0131na kar\u015f\u0131<span class=\"excerpt-hellip\"> [\u2026]<\/span><\/p>\n","protected":false},"featured_media":0,"template":"","meta":{"_monsterinsights_skip_tracking":false,"_monsterinsights_sitenote_active":false,"_monsterinsights_sitenote_note":"","_monsterinsights_sitenote_category":0},"product_brand":[],"product_cat":[12274,12284],"product_tag":[],"class_list":{"0":"post-738067","1":"product","2":"type-product","3":"status-publish","5":"product_cat-cocuk-ve-genclik-kitaplari","6":"product_cat-hikayeler","7":"pa_cilt-ciltsiz","8":"pa_tur-kitap","9":"pa_yayinevi-epsilon-yayinlari","10":"pa_yazar-yoici-takahasi","12":"first","13":"instock","14":"sale","15":"shipping-taxable","16":"purchasable","17":"product-type-simple"},"_links":{"self":[{"href":"https:\/\/roveyayinevi.com.tr\/index.php\/wp-json\/wp\/v2\/product\/738067","targetHints":{"allow":["GET"]}}],"collection":[{"href":"https:\/\/roveyayinevi.com.tr\/index.php\/wp-json\/wp\/v2\/product"}],"about":[{"href":"https:\/\/roveyayinevi.com.tr\/index.php\/wp-json\/wp\/v2\/types\/product"}],"wp:attachment":[{"href":"https:\/\/roveyayinevi.com.tr\/index.php\/wp-json\/wp\/v2\/media?parent=738067"}],"wp:term":[{"taxonomy":"product_brand","embeddable":true,"href":"https:\/\/roveyayinevi.com.tr\/index.php\/wp-json\/wp\/v2\/product_brand?post=738067"},{"taxonomy":"product_cat","embeddable":true,"href":"https:\/\/roveyayinevi.com.tr\/index.php\/wp-json\/wp\/v2\/product_cat?post=738067"},{"taxonomy":"product_tag","embeddable":true,"href":"https:\/\/roveyayinevi.com.tr\/index.php\/wp-json\/wp\/v2\/product_tag?post=738067"}],"curies":[{"name":"wp","href":"https:\/\/api.w.org\/{rel}","templated":true}]}}