{"id":738064,"date":"2025-08-27T23:41:52","date_gmt":"2025-08-27T20:41:52","guid":{"rendered":"https:\/\/roveyayinevi.com.tr\/index.php\/urun\/biri-su-sayilari-toplasin\/"},"modified":"2026-04-03T02:53:20","modified_gmt":"2026-04-02T23:53:20","slug":"biri-su-sayilari-toplasin","status":"publish","type":"product","link":"https:\/\/roveyayinevi.com.tr\/index.php\/urun\/biri-su-sayilari-toplasin\/","title":{"rendered":"Biri \u015eu Say\u0131lar\u0131 Toplas\u0131n"},"content":{"rendered":"<p>\u00c7\u0131nar i\u00e7in matematik dersinden daha zor bir \u015fey varsa, o da g\u00fcne iki saatlik matematik dersiyle ba\u015flamak. Neyse ki onu her an mutlu edebilen bir u\u011fra\u015f\u0131s\u0131 var: Karikat\u00fcr \u00e7izmek. S\u00fcrekli yan\u0131nda ta\u015f\u0131d\u0131\u011f\u0131 karikat\u00fcr defterine herkes konu olabilir. B\u00fcnyamin \u00d6\u011fretmen bile. Elbette, haberi olmaks\u0131z\u0131n&#8230;   Peki ya bir g\u00fcn, bir matematik dersinde, o defter hi\u00e7 umulmad\u0131k ellere ge\u00e7erse?   Okul binas\u0131nda matrak bir matematik oyunu ba\u015flamak \u00fczere!   Burcu \u00dcnsal\u2019\u0131n e\u011flenceli, ak\u0131c\u0131 anlat\u0131m\u0131 ile Ezgi Kele\u015f\u2019in canl\u0131, k\u0131vrak desenleri grafik roman tad\u0131nda bir \u00f6yk\u00fcde bulu\u015fuyor! \u00c7\u0131nar ve arkada\u015flar\u0131 problemleri birlikte \u00e7\u00f6zerken hem aralar\u0131ndaki farkl\u0131l\u0131klar\u0131n olu\u015fturdu\u011fu b\u00fct\u00fcn\u00fc hem de yarat\u0131c\u0131 akl\u0131n nesilleri bir araya getirebilme g\u00fcc\u00fcn\u00fc fark ediyor.<\/p>\n","protected":false},"excerpt":{"rendered":"<p>\u00c7\u0131nar i\u00e7in matematik dersinden daha zor bir \u015fey varsa, o da g\u00fcne iki saatlik matematik dersiyle ba\u015flamak. Neyse ki onu her an mutlu edebilen bir u\u011fra\u015f\u0131s\u0131<span class=\"excerpt-hellip\"> [\u2026]<\/span><\/p>\n","protected":false},"featured_media":0,"template":"","meta":{"_monsterinsights_skip_tracking":false,"_monsterinsights_sitenote_active":false,"_monsterinsights_sitenote_note":"","_monsterinsights_sitenote_category":0},"product_brand":[],"product_cat":[12274,12284],"product_tag":[],"class_list":{"0":"post-738064","1":"product","2":"type-product","3":"status-publish","5":"product_cat-cocuk-ve-genclik-kitaplari","6":"product_cat-hikayeler","7":"pa_cilt-ciltsiz","8":"pa_tur-kitap","9":"pa_yayinevi-can-cocuk-yayinlari","10":"pa_yazar-burcu-unsal","12":"first","13":"instock","14":"sale","15":"shipping-taxable","16":"purchasable","17":"product-type-simple"},"_links":{"self":[{"href":"https:\/\/roveyayinevi.com.tr\/index.php\/wp-json\/wp\/v2\/product\/738064","targetHints":{"allow":["GET"]}}],"collection":[{"href":"https:\/\/roveyayinevi.com.tr\/index.php\/wp-json\/wp\/v2\/product"}],"about":[{"href":"https:\/\/roveyayinevi.com.tr\/index.php\/wp-json\/wp\/v2\/types\/product"}],"wp:attachment":[{"href":"https:\/\/roveyayinevi.com.tr\/index.php\/wp-json\/wp\/v2\/media?parent=738064"}],"wp:term":[{"taxonomy":"product_brand","embeddable":true,"href":"https:\/\/roveyayinevi.com.tr\/index.php\/wp-json\/wp\/v2\/product_brand?post=738064"},{"taxonomy":"product_cat","embeddable":true,"href":"https:\/\/roveyayinevi.com.tr\/index.php\/wp-json\/wp\/v2\/product_cat?post=738064"},{"taxonomy":"product_tag","embeddable":true,"href":"https:\/\/roveyayinevi.com.tr\/index.php\/wp-json\/wp\/v2\/product_tag?post=738064"}],"curies":[{"name":"wp","href":"https:\/\/api.w.org\/{rel}","templated":true}]}}