{"id":738059,"date":"2025-08-27T23:41:46","date_gmt":"2025-08-27T20:41:46","guid":{"rendered":"https:\/\/roveyayinevi.com.tr\/index.php\/urun\/hayata-nereden-bakmaliyiz\/"},"modified":"2026-04-16T02:47:49","modified_gmt":"2026-04-15T23:47:49","slug":"hayata-nereden-bakmaliyiz","status":"publish","type":"product","link":"https:\/\/roveyayinevi.com.tr\/index.php\/urun\/hayata-nereden-bakmaliyiz\/","title":{"rendered":"Hayata Nereden Bakmal\u0131y\u0131z?"},"content":{"rendered":"<p>Yas\u0327am koc\u0327lar\u0131, iletis\u0327im uzmanlar\u0131 ve pozitif psikoloji so\u0308zcu\u0308leri, topluma mutlulug\u0306un kendini gerc\u0327ekles\u0327tirme, maksimum potansiyele ulas\u0327ma gibi kavramlara bag\u0306l\u0131 oldug\u0306unu so\u0308ylu\u0308yor ve bireylere kis\u0327isel gelis\u0327imlerine odaklanma o\u0308g\u0306u\u0308du\u0308nde bulunuyorlar. Bu formu\u0308llerin is\u0327e yarad\u0131g\u0306\u0131n\u0131 so\u0308ylemek zor, zira hayat c\u0327og\u0306u kis\u0327i ic\u0327in ha\u0302la\u0302 bos\u0327 ve anlams\u0131z&#8230; Anlam\u0131n, mutluluk deneyimiyle ayn\u0131 s\u0327ey oldug\u0306unu du\u0308s\u0327u\u0308nme yan\u0131lg\u0131s\u0131na du\u0308s\u0327sek de, pek c\u0327ok kis\u0327i ic\u0327ten ic\u0327e bunun ne kadar bos\u0327 oldug\u0306unu seziyor. O\u0308yleyse anlam\u0131 o\u0308znel ya da ic\u0327sel olanda deg\u0306il de, toplumun parc\u0327as\u0131 olan hayatlar\u0131m\u0131z\u0131n olgular\u0131nda aramak daha dog\u0306ru bir yol olabilir mi? Hayatta neyin pes\u0327inden gitmeye deg\u0306er oldug\u0306una nas\u0131l karar verebiliriz? Maddiyat ve arac\u0327sallas\u0327t\u0131rma mant\u0131g\u0306\u0131 ilis\u0327kilerimizi nas\u0131l etkiliyor? Her durumda bunun bana ne faydas\u0131 var demek yerine, dikkatimizi kos\u0327ulsuz ve kars\u0327\u0131l\u0131ks\u0131z olarak ailemize, arkadas\u0327lar\u0131m\u0131za ve c\u0327evremize yo\u0308neltmek bize ne sag\u0306lar? I\u0307yilik, haysiyet, hakikat, o\u0308zgu\u0308rlu\u0308k, sevgi gibi temel felsefi kavramlar bugu\u0308n hayat\u0131m\u0131zda nas\u0131l bir yer tutuyor? Hayat\u0131 yas\u0327amak ile onu deneyimlemek aras\u0131nda nas\u0131l bir fark var? Kis\u0327isel Gelis\u0327im C\u0327\u0131lg\u0131nl\u0131\u011f\u0131nda Kendiniz Kalabilmek ile tan\u0131d\u0131g\u0306\u0131m\u0131z Svend Brinkmann, Hayata Nereden Bakmal\u0131y\u0131z? Yeni Bir Du\u0308nya I\u0307c\u0327in On Eski Fikir\u2019de benlig\u0306imize ve kis\u0327isel mutlulug\u0306umuza odaklanan hayat go\u0308ru\u0308s\u0327u\u0308ne tutunmak yerine, eski felsefecilere kulak vererek anlaml\u0131 bir hayat su\u0308rmenin yollar\u0131n\u0131 aras\u0327t\u0131r\u0131yor. Mutlulug\u0306un, benlig\u0306in o\u0308tesindeki insani esaslara bakabilme becerisi olmaks\u0131z\u0131n var olamayacag\u0306\u0131n\u0131 hat\u0131rlatan, kafa ac\u0327\u0131c\u0131 bir bas\u0327ucu kitab\u0131. <\/p>\n","protected":false},"excerpt":{"rendered":"<p>Yas\u0327am koc\u0327lar\u0131, iletis\u0327im uzmanlar\u0131 ve pozitif psikoloji so\u0308zcu\u0308leri, topluma mutlulug\u0306un kendini gerc\u0327ekles\u0327tirme, maksimum potansiyele ulas\u0327ma gibi kavramlara bag\u0306l\u0131 oldug\u0306unu so\u0308ylu\u0308yor ve bireylere kis\u0327isel gelis\u0327imlerine odaklanma o\u0308g\u0306u\u0308du\u0308nde<span class=\"excerpt-hellip\"> [\u2026]<\/span><\/p>\n","protected":false},"featured_media":0,"template":"","meta":{"_monsterinsights_skip_tracking":false,"_monsterinsights_sitenote_active":false,"_monsterinsights_sitenote_note":"","_monsterinsights_sitenote_category":0},"product_brand":[],"product_cat":[12358,12357],"product_tag":[],"class_list":{"0":"post-738059","1":"product","2":"type-product","3":"status-publish","5":"product_cat-genel-psikoloji","6":"product_cat-psikoloji","7":"pa_cilt-ciltsiz","8":"pa_tur-kitap","9":"pa_yayinevi-iletisim-yayinlari","10":"pa_yazar-svend-brinkmann","12":"first","13":"instock","14":"sale","15":"shipping-taxable","16":"purchasable","17":"product-type-simple"},"_links":{"self":[{"href":"https:\/\/roveyayinevi.com.tr\/index.php\/wp-json\/wp\/v2\/product\/738059","targetHints":{"allow":["GET"]}}],"collection":[{"href":"https:\/\/roveyayinevi.com.tr\/index.php\/wp-json\/wp\/v2\/product"}],"about":[{"href":"https:\/\/roveyayinevi.com.tr\/index.php\/wp-json\/wp\/v2\/types\/product"}],"wp:attachment":[{"href":"https:\/\/roveyayinevi.com.tr\/index.php\/wp-json\/wp\/v2\/media?parent=738059"}],"wp:term":[{"taxonomy":"product_brand","embeddable":true,"href":"https:\/\/roveyayinevi.com.tr\/index.php\/wp-json\/wp\/v2\/product_brand?post=738059"},{"taxonomy":"product_cat","embeddable":true,"href":"https:\/\/roveyayinevi.com.tr\/index.php\/wp-json\/wp\/v2\/product_cat?post=738059"},{"taxonomy":"product_tag","embeddable":true,"href":"https:\/\/roveyayinevi.com.tr\/index.php\/wp-json\/wp\/v2\/product_tag?post=738059"}],"curies":[{"name":"wp","href":"https:\/\/api.w.org\/{rel}","templated":true}]}}