{"id":738051,"date":"2025-08-27T23:41:37","date_gmt":"2025-08-27T20:41:37","guid":{"rendered":"https:\/\/roveyayinevi.com.tr\/index.php\/urun\/goc-4\/"},"modified":"2026-04-16T02:47:49","modified_gmt":"2026-04-15T23:47:49","slug":"goc-4","status":"publish","type":"product","link":"https:\/\/roveyayinevi.com.tr\/index.php\/urun\/goc-4\/","title":{"rendered":"G\u00f6\u00e7"},"content":{"rendered":"<p>\u201cG\u00f6\u00e7\u201d, insanca ya\u015faman\u0131n umuduyla iki d\u00fcnya aras\u0131ndaki s\u0131n\u0131r\u0131 ge\u00e7meye cesaret edebilen \u00fc\u00e7 gen\u00e7 kad\u0131n\u0131n hik\u00e2yesi.   Siyasi karga\u015fan\u0131n hayatlar\u0131n\u0131 parampar\u00e7a etti\u011fi \u00fc\u00e7 kad\u0131n\u0131n yolu, kendilerine son derece yabanc\u0131 olan bu topraklarda, T\u00fcrkiye\u2019de kesi\u015fiyor. Kendi \u00fclkelerinde \u00f6zg\u00fcrl\u00fc\u011f\u00fcn ve temel haklar\u0131n reva g\u00f6r\u00fclmedi\u011fi Mehve\u015f, Selma ve Zainab, kurtulu\u015fu b\u00fct\u00fcn ya\u015famlar\u0131n\u0131 arkalar\u0131nda b\u0131rakarak me\u00e7hule do\u011fru yola \u00e7\u0131kmakta buluyor.   Son y\u0131llarda g\u00fcndelik hayat\u0131m\u0131z\u0131n konusu h\u00e2line gelen \u201cg\u00f6\u00e7\u201d temas\u0131, eserin yap\u0131 ta\u015f\u0131. Roman, farkl\u0131 \u00fclkelerden ve k\u00fclt\u00fcrlerden ayn\u0131 nedenlerle yola \u00e7\u0131kan \u00fc\u00e7 karakterin ak\u0131betini anlat\u0131yor.   Metin Atamer   1942 y\u0131l\u0131nda \u00c7orum\u2019da do\u011fdu. \u0130lkokulu Ankara\u2019da, liseyi Talas ve Tarsus Amerikan Koleji ve Ankara Koleji\u2019nde okuyup, 1969 senesinde ODT\u00dc Fizik b\u00f6l\u00fcm\u00fcn\u00fc bitirdi. 1970 ve 1972 y\u0131l\u0131nda analitik cihazlar konusunda Almanya&#8217;da ve ABD\u2019de e\u011fitim g\u00f6rd\u00fc. 1969 senesinde \u00e7al\u0131\u015fmaya ba\u015flad\u0131\u011f\u0131 \u015firketler grubunda y\u00f6neticilik, y\u00f6netim kurulu \u00fcyeli\u011fi ve genel m\u00fcd\u00fcrl\u00fck yapt\u0131. 1990 senesinde Metkur, Hat ve Atamer adl\u0131 \u00fc\u00e7 yat\u0131r\u0131m ve d\u0131\u015f ticaret \u015firketi kuran Metin Atamer, \u0130svi\u00e7re\u2019de bulunan Interwind Ltd. adl\u0131 m\u00fchendislik \u015firketinin de kurucu orta\u011f\u0131 ve y\u00f6neticisidir. T\u00fcrkiye\u2019nin ilk \u201cYap-\u0130\u015flet-Devret\u201d olarak kurulan Ala\u00e7at\u0131 R\u00fczgar Enerji Santrali A.\u015e. projesinin kurucu orta\u011f\u0131d\u0131r. Projenin tek\u00e2m\u00fcl edilmesi ve yap\u0131m\u0131 s\u00fcrecinde \u00e7ok \u00e7e\u015fitli evreleri ya\u015fam\u0131\u015f, inan\u0131lmas\u0131 zor ko\u015fullar\u0131n \u015fahidi olmu\u015ftur. 1996 senesinde r\u00fczgar enerjisi alan\u0131nda faaliyet g\u00f6steren ve orta\u011f\u0131 oldu\u011fu Interwind, \u2018\u0130RES\u2019, Hat ve Atamer \u015firketleri T\u00fcrkiye\u2019nin \u00fc\u00e7\u00fcnc\u00fc 30.36 Megawatt r\u00fczgar santralini \u00c7anakkale\u2019de geli\u015ftirdi. Halen orta\u011f\u0131 oldu\u011fu \u00c7anakkale Anemon 30.36 Megawatt r\u00fczg\u00e2r enerji santrali projesini geli\u015ftirmi\u015f, santral 2006 senesinde devreye al\u0131nm\u0131\u015ft\u0131r. Hatay ilinde 26 MW\u2019l\u0131k ba\u015fka bir projenin geli\u015fmesinde \u00e7al\u0131\u015fm\u0131\u015ft\u0131r. 1998 Y\u0131l\u0131ndan beri RESYAD (R\u00fczg\u00e2r Enerji Santrallar\u0131 Yat\u0131r\u0131mc\u0131 \u0130\u015f Adamlar\u0131 Derne\u011fi) kurucu \u00fcyesidir ve ayn\u0131 derne\u011fin genel sekreterli\u011fini yapmaktad\u0131r. Metin Atamer\u2019in r\u00fczg\u00e2r enerjisi konusundaki baz\u0131 makale ve yaz\u0131lar\u0131 pek \u00e7ok yaz\u0131l\u0131 bas\u0131nda, k\u0131sa hik\u00e2yeleri ise B\u00fct\u00fcn D\u00fcnya adl\u0131 dergide yay\u0131nlanm\u0131\u015ft\u0131r. <\/p>\n","protected":false},"excerpt":{"rendered":"<p>\u201cG\u00f6\u00e7\u201d, insanca ya\u015faman\u0131n umuduyla iki d\u00fcnya aras\u0131ndaki s\u0131n\u0131r\u0131 ge\u00e7meye cesaret edebilen \u00fc\u00e7 gen\u00e7 kad\u0131n\u0131n hik\u00e2yesi. Siyasi karga\u015fan\u0131n hayatlar\u0131n\u0131 parampar\u00e7a etti\u011fi \u00fc\u00e7 kad\u0131n\u0131n yolu, kendilerine son derece<span class=\"excerpt-hellip\"> [\u2026]<\/span><\/p>\n","protected":false},"featured_media":0,"template":"","meta":{"_monsterinsights_skip_tracking":false,"_monsterinsights_sitenote_active":false,"_monsterinsights_sitenote_note":"","_monsterinsights_sitenote_category":0},"product_brand":[],"product_cat":[12291,12711],"product_tag":[],"class_list":{"0":"post-738051","1":"product","2":"type-product","3":"status-publish","5":"product_cat-edebiyat","6":"product_cat-roman-oyku","7":"pa_cilt-ciltsiz","8":"pa_tur-kitap","9":"pa_yayinevi-yeni-insan-yayinlari","10":"pa_yazar-metin-atamer","12":"first","13":"instock","14":"sale","15":"shipping-taxable","16":"purchasable","17":"product-type-simple"},"_links":{"self":[{"href":"https:\/\/roveyayinevi.com.tr\/index.php\/wp-json\/wp\/v2\/product\/738051","targetHints":{"allow":["GET"]}}],"collection":[{"href":"https:\/\/roveyayinevi.com.tr\/index.php\/wp-json\/wp\/v2\/product"}],"about":[{"href":"https:\/\/roveyayinevi.com.tr\/index.php\/wp-json\/wp\/v2\/types\/product"}],"wp:attachment":[{"href":"https:\/\/roveyayinevi.com.tr\/index.php\/wp-json\/wp\/v2\/media?parent=738051"}],"wp:term":[{"taxonomy":"product_brand","embeddable":true,"href":"https:\/\/roveyayinevi.com.tr\/index.php\/wp-json\/wp\/v2\/product_brand?post=738051"},{"taxonomy":"product_cat","embeddable":true,"href":"https:\/\/roveyayinevi.com.tr\/index.php\/wp-json\/wp\/v2\/product_cat?post=738051"},{"taxonomy":"product_tag","embeddable":true,"href":"https:\/\/roveyayinevi.com.tr\/index.php\/wp-json\/wp\/v2\/product_tag?post=738051"}],"curies":[{"name":"wp","href":"https:\/\/api.w.org\/{rel}","templated":true}]}}