{"id":738045,"date":"2025-08-27T23:41:31","date_gmt":"2025-08-27T20:41:31","guid":{"rendered":"https:\/\/roveyayinevi.com.tr\/index.php\/urun\/einsteinin-hayatini-nasil-kurtardim\/"},"modified":"2026-04-16T02:47:49","modified_gmt":"2026-04-15T23:47:49","slug":"einsteinin-hayatini-nasil-kurtardim","status":"publish","type":"product","link":"https:\/\/roveyayinevi.com.tr\/index.php\/urun\/einsteinin-hayatini-nasil-kurtardim\/","title":{"rendered":"Einstein&#8217;\u0131n Hayat\u0131n\u0131 Nas\u0131l Kurtard\u0131m?"},"content":{"rendered":"<p>8 \u015eubat 2020, Atlantik Okyanusu\u2019nda gece yar\u0131s\u0131ndan hemen \u00f6nce. Babas\u0131, 12. do\u011fum g\u00fcn\u00fc i\u00e7in Emily&#8217;yi New York&#8217;a bir tekne gezisine \u00e7\u0131kar\u0131r. B\u00fcy\u00fck bir heyecanla geziye ba\u015flayan Emily, kendini bir anda g\u00f6\u00e7men gemisinde bulur. Y\u0131l 1913&#8217;t\u00fcr! Babas\u0131 yan\u0131nda yoktur. Ancak bu ge\u00e7mi\u015fe yolculukta Emily tek de\u011fildir. 2016\u2019da farkl\u0131 ama\u00e7larla gemiye binen Lorenzo ve Malik de Emily\u2019yle ayn\u0131 kaderi payla\u015f\u0131r. Bu iki \u00e7ocuk, gemi New York\u2019a vard\u0131\u011f\u0131nda bir yang\u0131n \u00e7\u0131kaca\u011f\u0131n\u0131 s\u00f6yler. Kahramanlar\u0131m\u0131z bu felaketi engelleyip ya\u015fad\u0131klar\u0131 y\u0131la d\u00f6nmenin yolunu bulmak zorundalar. Ve bu konuda onlara yard\u0131mc\u0131 olabilecek tek bir ki\u015fi vard\u0131r: Albert Einstein!<\/p>\n","protected":false},"excerpt":{"rendered":"<p>8 \u015eubat 2020, Atlantik Okyanusu\u2019nda gece yar\u0131s\u0131ndan hemen \u00f6nce. Babas\u0131, 12. do\u011fum g\u00fcn\u00fc i\u00e7in Emily&#8217;yi New York&#8217;a bir tekne gezisine \u00e7\u0131kar\u0131r. B\u00fcy\u00fck bir heyecanla geziye ba\u015flayan<span class=\"excerpt-hellip\"> [\u2026]<\/span><\/p>\n","protected":false},"featured_media":0,"template":"","meta":{"_monsterinsights_skip_tracking":false,"_monsterinsights_sitenote_active":false,"_monsterinsights_sitenote_note":"","_monsterinsights_sitenote_category":0},"product_brand":[],"product_cat":[12274,12284],"product_tag":[],"class_list":{"0":"post-738045","1":"product","2":"type-product","3":"status-publish","5":"product_cat-cocuk-ve-genclik-kitaplari","6":"product_cat-hikayeler","7":"pa_cilt-ciltsiz","8":"pa_tur-kitap","9":"pa_yayinevi-genc-timas","10":"pa_yazar-cornelia-franz","12":"first","13":"instock","14":"sale","15":"shipping-taxable","16":"purchasable","17":"product-type-simple"},"_links":{"self":[{"href":"https:\/\/roveyayinevi.com.tr\/index.php\/wp-json\/wp\/v2\/product\/738045","targetHints":{"allow":["GET"]}}],"collection":[{"href":"https:\/\/roveyayinevi.com.tr\/index.php\/wp-json\/wp\/v2\/product"}],"about":[{"href":"https:\/\/roveyayinevi.com.tr\/index.php\/wp-json\/wp\/v2\/types\/product"}],"wp:attachment":[{"href":"https:\/\/roveyayinevi.com.tr\/index.php\/wp-json\/wp\/v2\/media?parent=738045"}],"wp:term":[{"taxonomy":"product_brand","embeddable":true,"href":"https:\/\/roveyayinevi.com.tr\/index.php\/wp-json\/wp\/v2\/product_brand?post=738045"},{"taxonomy":"product_cat","embeddable":true,"href":"https:\/\/roveyayinevi.com.tr\/index.php\/wp-json\/wp\/v2\/product_cat?post=738045"},{"taxonomy":"product_tag","embeddable":true,"href":"https:\/\/roveyayinevi.com.tr\/index.php\/wp-json\/wp\/v2\/product_tag?post=738045"}],"curies":[{"name":"wp","href":"https:\/\/api.w.org\/{rel}","templated":true}]}}