{"id":738041,"date":"2025-08-27T23:41:27","date_gmt":"2025-08-27T20:41:27","guid":{"rendered":"https:\/\/roveyayinevi.com.tr\/index.php\/urun\/diego-armando-maradona-o-bir-efsane\/"},"modified":"2026-04-16T02:47:49","modified_gmt":"2026-04-15T23:47:49","slug":"diego-armando-maradona-o-bir-efsane","status":"publish","type":"product","link":"https:\/\/roveyayinevi.com.tr\/index.php\/urun\/diego-armando-maradona-o-bir-efsane\/","title":{"rendered":"Diego Armando Maradona &#8211; O Bir Efsane"},"content":{"rendered":"<p>D\u00fcnya futbol tarihinin en b\u00fcy\u00fck y\u0131ld\u0131zlar\u0131ndan biri olan Diego Armando Maradona&#8217;n\u0131n hayat hik\u00e2yesiyle kar\u015f\u0131 kar\u015f\u0131yas\u0131n. 10 numaral\u0131 bu muhte\u015fem futbolcunun ba\u015far\u0131 dolu ya\u015fam\u0131 hi\u00e7 bu kadar e\u011flenceli anlat\u0131lmam\u0131\u015ft\u0131. \u0130\u015fte cevaplar\u0131n\u0131 bu harika kitapta bulaca\u011f\u0131n baz\u0131 sorular:* En ba\u015far\u0131l\u0131 y\u0131llar\u0131n\u0131 hangi tak\u0131mda ge\u00e7irdi?* Onu tarihe ge\u00e7iren gol hangisiydi?* Messi ile hangi benzerliklere sahipti?* Onun sayesinde hangi kural de\u011fi\u015fti?* Hangi \u00fclke taraftar\u0131 Maradona i\u00e7in Arjantin&#8217;i destekle\u015fmi\u015fti?* Kendisiyle kar\u015f\u0131la\u015ft\u0131r\u0131lan Brezilyal\u0131 y\u0131ld\u0131z Pele&#8217;yle nas\u0131l tan\u0131\u015ft\u0131?* Ad\u0131na hangi filmler ve belgeseller yap\u0131ld\u0131?* Karde\u015fine neden El Turco deniyordu?Haydi, efsane Maradona ile tan\u0131\u015fma vaktin geldi!<\/p>\n","protected":false},"excerpt":{"rendered":"<p>D\u00fcnya futbol tarihinin en b\u00fcy\u00fck y\u0131ld\u0131zlar\u0131ndan biri olan Diego Armando Maradona&#8217;n\u0131n hayat hik\u00e2yesiyle kar\u015f\u0131 kar\u015f\u0131yas\u0131n. 10 numaral\u0131 bu muhte\u015fem futbolcunun ba\u015far\u0131 dolu ya\u015fam\u0131 hi\u00e7 bu kadar<span class=\"excerpt-hellip\"> [\u2026]<\/span><\/p>\n","protected":false},"featured_media":0,"template":"","meta":{"_monsterinsights_skip_tracking":false,"_monsterinsights_sitenote_active":false,"_monsterinsights_sitenote_note":"","_monsterinsights_sitenote_category":0},"product_brand":[],"product_cat":[12274,12284],"product_tag":[],"class_list":{"0":"post-738041","1":"product","2":"type-product","3":"status-publish","5":"product_cat-cocuk-ve-genclik-kitaplari","6":"product_cat-hikayeler","7":"pa_cilt-ciltsiz","8":"pa_tur-kitap","9":"pa_yayinevi-eglenceli-bilgi-yayinlari","10":"pa_yazar-cagri-cobanoglu","12":"first","13":"instock","14":"sale","15":"shipping-taxable","16":"purchasable","17":"product-type-simple"},"_links":{"self":[{"href":"https:\/\/roveyayinevi.com.tr\/index.php\/wp-json\/wp\/v2\/product\/738041","targetHints":{"allow":["GET"]}}],"collection":[{"href":"https:\/\/roveyayinevi.com.tr\/index.php\/wp-json\/wp\/v2\/product"}],"about":[{"href":"https:\/\/roveyayinevi.com.tr\/index.php\/wp-json\/wp\/v2\/types\/product"}],"wp:attachment":[{"href":"https:\/\/roveyayinevi.com.tr\/index.php\/wp-json\/wp\/v2\/media?parent=738041"}],"wp:term":[{"taxonomy":"product_brand","embeddable":true,"href":"https:\/\/roveyayinevi.com.tr\/index.php\/wp-json\/wp\/v2\/product_brand?post=738041"},{"taxonomy":"product_cat","embeddable":true,"href":"https:\/\/roveyayinevi.com.tr\/index.php\/wp-json\/wp\/v2\/product_cat?post=738041"},{"taxonomy":"product_tag","embeddable":true,"href":"https:\/\/roveyayinevi.com.tr\/index.php\/wp-json\/wp\/v2\/product_tag?post=738041"}],"curies":[{"name":"wp","href":"https:\/\/api.w.org\/{rel}","templated":true}]}}