{"id":738040,"date":"2025-08-27T23:41:26","date_gmt":"2025-08-27T20:41:26","guid":{"rendered":"https:\/\/roveyayinevi.com.tr\/index.php\/urun\/okumak-nefes-almaktir\/"},"modified":"2026-02-02T02:52:43","modified_gmt":"2026-02-01T23:52:43","slug":"okumak-nefes-almaktir","status":"publish","type":"product","link":"https:\/\/roveyayinevi.com.tr\/index.php\/urun\/okumak-nefes-almaktir\/","title":{"rendered":"Okumak Nefes Almakt\u0131r"},"content":{"rendered":"<p>Dijital \u00e7a\u011fda etraf\u0131n e\u011flenceli, kolay ula\u015f\u0131l\u0131r ve pek de gayret gerektirmeyen bir\u00e7ok i\u00e7erikle sar\u0131l\u0131yken kitap okumak ak\u0131nt\u0131ya kar\u015f\u0131 k\u00fcrek \u00e7ekmek mi?\u0130nternette dizi izleyip vakit ge\u00e7irebilecekken neden kitap okuyas\u0131n ki?Peki, okumak sana ne kazand\u0131r\u0131r?Miha Kova\u010d okuman\u0131n psikoloji ve empatiyle ili\u015fkisi, kitap okunan ortamda b\u00fcy\u00fcmenin \u00f6nemi, yabanc\u0131 dilde okuman\u0131n faydalar\u0131 gibi pek \u00e7ok konu \u00fczerine sorular sorup yan\u0131t ar\u0131yor. Okuman\u0131n hayat\u0131m\u0131zdaki gereklili\u011fini on nedenle a\u00e7\u0131kl\u0131yor. Dijital \u00e7a\u011fda okumaya \u015f\u00fcpheyle yakla\u015f\u0131yor, hayat\u0131nda bu al\u0131\u015fkanl\u0131\u011fa pek yer vermiyor veya bu al\u0131\u015fkanl\u0131\u011f\u0131 kazanmak istiyor ama nereden ba\u015flayaca\u011f\u0131n\u0131 bilemiyorsan Okumak Nefes Almakt\u0131r, keyifli anlat\u0131m\u0131 ve renkli \u00e7izimleriyle sana yol g\u00f6sterecek e\u011flenceli bir rehber\u2026<\/p>\n","protected":false},"excerpt":{"rendered":"<p>Dijital \u00e7a\u011fda etraf\u0131n e\u011flenceli, kolay ula\u015f\u0131l\u0131r ve pek de gayret gerektirmeyen bir\u00e7ok i\u00e7erikle sar\u0131l\u0131yken kitap okumak ak\u0131nt\u0131ya kar\u015f\u0131 k\u00fcrek \u00e7ekmek mi?\u0130nternette dizi izleyip vakit ge\u00e7irebilecekken neden<span class=\"excerpt-hellip\"> [\u2026]<\/span><\/p>\n","protected":false},"featured_media":0,"template":"","meta":{"_monsterinsights_skip_tracking":false,"_monsterinsights_sitenote_active":false,"_monsterinsights_sitenote_note":"","_monsterinsights_sitenote_category":0},"product_brand":[],"product_cat":[12364,12376],"product_tag":[],"class_list":{"0":"post-738040","1":"product","2":"type-product","3":"status-publish","5":"product_cat-genel-konular","6":"product_cat-kisisel-gelisim","7":"pa_cilt-ciltsiz","8":"pa_tur-kitap","9":"pa_yayinevi-portakal-kitap","10":"pa_yazar-miha-kovac","12":"first","13":"instock","14":"sale","15":"shipping-taxable","16":"purchasable","17":"product-type-simple"},"_links":{"self":[{"href":"https:\/\/roveyayinevi.com.tr\/index.php\/wp-json\/wp\/v2\/product\/738040","targetHints":{"allow":["GET"]}}],"collection":[{"href":"https:\/\/roveyayinevi.com.tr\/index.php\/wp-json\/wp\/v2\/product"}],"about":[{"href":"https:\/\/roveyayinevi.com.tr\/index.php\/wp-json\/wp\/v2\/types\/product"}],"wp:attachment":[{"href":"https:\/\/roveyayinevi.com.tr\/index.php\/wp-json\/wp\/v2\/media?parent=738040"}],"wp:term":[{"taxonomy":"product_brand","embeddable":true,"href":"https:\/\/roveyayinevi.com.tr\/index.php\/wp-json\/wp\/v2\/product_brand?post=738040"},{"taxonomy":"product_cat","embeddable":true,"href":"https:\/\/roveyayinevi.com.tr\/index.php\/wp-json\/wp\/v2\/product_cat?post=738040"},{"taxonomy":"product_tag","embeddable":true,"href":"https:\/\/roveyayinevi.com.tr\/index.php\/wp-json\/wp\/v2\/product_tag?post=738040"}],"curies":[{"name":"wp","href":"https:\/\/api.w.org\/{rel}","templated":true}]}}