{"id":738039,"date":"2025-08-27T23:41:25","date_gmt":"2025-08-27T20:41:25","guid":{"rendered":"https:\/\/roveyayinevi.com.tr\/index.php\/urun\/velayet-muhru\/"},"modified":"2026-04-16T02:47:48","modified_gmt":"2026-04-15T23:47:48","slug":"velayet-muhru","status":"publish","type":"product","link":"https:\/\/roveyayinevi.com.tr\/index.php\/urun\/velayet-muhru\/","title":{"rendered":"Velayet M\u00fchr\u00fc"},"content":{"rendered":"<p>&#8220;\u0130sa, \u0130lyas, ldris ve H\u0131z\u0131r&#8217;dan (as) m\u00fcte\u015fekkil bu d\u00f6rt resulden biri Kutuptur. Kutup ise K\u00e2be&#8217;de bulunan Hacer\u00fc&#8217;l-Esved&#8217;in zaviyesine tek\u00e2b\u00fcl eden Beytullah\u2019\u0131n temel ta\u015flar\u0131ndan biridir. Di\u011fer ikisi ise imamlard\u0131r ve bunlar\u0131n idare etti\u011fi d\u00f6rt unsur d\u00fcnyay\u0131 ayakta tutan direklerin yekp\u00e2reli\u011fini te\u015fkil eder. Allah, bu heyeti te\u015fkil eden zevat\u0131n biriyle \u00eeman\u0131, biriyle vel\u00e2yeti, bir di\u011feriyle n\u00fcb\u00fcvveti, d\u00f6rd\u00fcnc\u00fcs\u00fcyle ris\u00e2leti ve t\u00fcm\u00fc m\u00e2rifetiyle dinin saffetini muh\u00e2faza eder. Kutup olan zat asla \u00f6lmeyecek, yani K\u0131y\u00e2met g\u00fcn\u00fcnde S\u00fbr&#8217;a \u00fcf\u00fcr\u00fcld\u00fc\u011f\u00fcnde t\u00fcm mahl\u00fbkat\u0131n u\u011frayaca\u011f\u0131 \u015fuur kayb\u0131ndan muh\u00e2faza olunacakt\u0131r. Bu heyette bulunan d\u00f6rt resulden her birine mukabil daima vakti geldi\u011finde yerine ge\u00e7mek \u00fczere ona n\u00e2ip olan ve eli bu resullerden birinin kalbi \u00fczerinde bulunan bir z\u00e2t bulunur. Tarikat ehli aras\u0131nda bulunan vel\u00eelerin ekseriyeti bu Kutup, iki imam ve d\u00f6rd\u00fcnc\u00fcleri olan vetedin makam\u0131na t\u00e2liptir. Lakin o makama v\u00e2s\u0131l olduklar\u0131nda kendilerinin sadece kutbun, iki imam\u0131n vs. na\u00eebi olduklar\u0131n\u0131 ve hak\u00eek\u00ee imam\u0131n bir ba\u015fkas\u0131 oldu\u011funu g\u00f6r\u00fcrler; vetedin makam\u0131 i\u00e7in de vaziyet b\u00f6yledir. Az \u00f6nce bahsettiklerimi hafife alma \u00e7\u00fcnk\u00fc bu tarikin s\u0131rlar\u0131ndan bahsedenlerden nakledilenler i\u00e7inde bunlar\u0131 hi\u00e7bir yerde bulamazs\u0131n.\u201d \u0130bn Arab\u00ee\u2019nin Ekber\u00ee \u00f6\u011fretisi \u00e7er\u00e7evesinde serdetti\u011fi bu d\u00fc\u015f\u00fcnceler as\u0131rlard\u0131r tasavvuf vadilerinde dola\u015fanlara rehberlik etmi\u015f ve d\u00fcnyan\u0131n manevi \u00e7ivileri mesabesindeki ulu velilerin dair b\u00fcy\u00fck bir anlat\u0131 olarak kabul edilmi\u015ftir. \u0130\u015fte Velayet M\u00fchr\u00fc ad\u0131yla Birol Bi\u00e7er \u00fcstad\u0131m\u0131z\u0131n yine b\u00fcy\u00fck bir yetkinlik ve maharetle \u00e7evirdi\u011fi, me\u015fhur ara\u015ft\u0131rmac\u0131 Michel Chodkiewicz\u2019e ait bu k\u0131ymetli eser \u0130bn Arab\u00ee d\u00fc\u015f\u00fcncesinin temel ta\u015flar\u0131n\u0131 ortaya koyuyor. Sufi Kitap, Ekber\u00ee liteat\u00fcr i\u00e7erisinde m\u00fcstesna bir yer i\u015fgal eden bu \u00f6nemli \u00e7al\u0131\u015fmay\u0131 T\u00fcrk okuruna takdim etmenin sevincini ya\u015f\u0131yor.<\/p>\n","protected":false},"excerpt":{"rendered":"<p>&#8220;\u0130sa, \u0130lyas, ldris ve H\u0131z\u0131r&#8217;dan (as) m\u00fcte\u015fekkil bu d\u00f6rt resulden biri Kutuptur. Kutup ise K\u00e2be&#8217;de bulunan Hacer\u00fc&#8217;l-Esved&#8217;in zaviyesine tek\u00e2b\u00fcl eden Beytullah\u2019\u0131n temel ta\u015flar\u0131ndan biridir. Di\u011fer ikisi<span class=\"excerpt-hellip\"> [\u2026]<\/span><\/p>\n","protected":false},"featured_media":0,"template":"","meta":{"_monsterinsights_skip_tracking":false,"_monsterinsights_sitenote_active":false,"_monsterinsights_sitenote_note":"","_monsterinsights_sitenote_category":0},"product_brand":[],"product_cat":[13072,12291],"product_tag":[],"class_list":{"0":"post-738039","1":"product","2":"type-product","3":"status-publish","5":"product_cat-arastirma-inceleme-referans","6":"product_cat-edebiyat","7":"pa_cilt-ciltsiz","8":"pa_tur-kitap","9":"pa_yayinevi-sufi-kitap","10":"pa_yazar-michel-chodkiewicz","12":"first","13":"instock","14":"sale","15":"shipping-taxable","16":"purchasable","17":"product-type-simple"},"_links":{"self":[{"href":"https:\/\/roveyayinevi.com.tr\/index.php\/wp-json\/wp\/v2\/product\/738039","targetHints":{"allow":["GET"]}}],"collection":[{"href":"https:\/\/roveyayinevi.com.tr\/index.php\/wp-json\/wp\/v2\/product"}],"about":[{"href":"https:\/\/roveyayinevi.com.tr\/index.php\/wp-json\/wp\/v2\/types\/product"}],"wp:attachment":[{"href":"https:\/\/roveyayinevi.com.tr\/index.php\/wp-json\/wp\/v2\/media?parent=738039"}],"wp:term":[{"taxonomy":"product_brand","embeddable":true,"href":"https:\/\/roveyayinevi.com.tr\/index.php\/wp-json\/wp\/v2\/product_brand?post=738039"},{"taxonomy":"product_cat","embeddable":true,"href":"https:\/\/roveyayinevi.com.tr\/index.php\/wp-json\/wp\/v2\/product_cat?post=738039"},{"taxonomy":"product_tag","embeddable":true,"href":"https:\/\/roveyayinevi.com.tr\/index.php\/wp-json\/wp\/v2\/product_tag?post=738039"}],"curies":[{"name":"wp","href":"https:\/\/api.w.org\/{rel}","templated":true}]}}