{"id":738038,"date":"2025-08-27T23:41:24","date_gmt":"2025-08-27T20:41:24","guid":{"rendered":"https:\/\/roveyayinevi.com.tr\/index.php\/urun\/sarayda-gorduklerim\/"},"modified":"2026-04-16T02:47:48","modified_gmt":"2026-04-15T23:47:48","slug":"sarayda-gorduklerim","status":"publish","type":"product","link":"https:\/\/roveyayinevi.com.tr\/index.php\/urun\/sarayda-gorduklerim\/","title":{"rendered":"Sarayda G\u00f6rd\u00fcklerim"},"content":{"rendered":"<p>Zaten me\u015frutiyet nas\u0131l geri al\u0131nm\u0131\u015ft\u0131? Di\u011fer memleketlerde milletin kan\u0131 pahas\u0131na al\u0131nan h\u00fcrriyet, bizde bir bl\u00f6f neticesi olarak elde edildi.Ba\u015fm\u00e2beynci L\u00fctfi Sim\u00e2v\u00ee Son Osmanl\u0131 padi\u015fahlar\u0131ndan Sultan V. Mehmed Re\u015fad ve Sultan Vahideddin\u2019in ba\u015fm\u00e2beyincisi L\u00fctfi Sim\u00e2v\u00ee&#8217;nin hat\u0131ralar\u0131, Osmanl\u0131 \u0130mparatorlu\u011fu\u2019nun son zamanlar\u0131yla; I. D\u00fcnya Sava\u015f\u0131 ba\u015fta olmak \u00fczere pek \u00e7ok badirelerle ge\u00e7en tarihimizin belki de en \u00e7alkant\u0131l\u0131 bir d\u00f6nemine \u0131\u015f\u0131k tutuyor. Yabanc\u0131 dile \u00e2\u015fina ve uzun s\u00fcre diplomatl\u0131k yapm\u0131\u015f olan L\u00fctfi Sim\u00e2v\u00ee, sadece siyasi olaylar\u0131 kavramas\u0131 ve bu alandaki problemlere y\u00f6nelik pratik \u00e7\u00f6z\u00fcmler bulmas\u0131 a\u00e7\u0131s\u0131ndan de\u011fil ayn\u0131 zamanda saray\u0131, personeli ve b\u00fcrokrasinin di\u011fer unsurlar\u0131n\u0131 dikkatle g\u00f6zlemlemesi, baz\u0131 saray \u00e2detlerini de\u011fi\u015ftirmeye d\u00f6n\u00fck olarak yapt\u0131\u011f\u0131 kayda de\u011fer giri\u015fimleri ve bu konudaki kronik sorunlara i\u015faret etmesi bak\u0131m\u0131ndan da \u00f6nemlidir.Bu kitapla okur, 1909\u2019da Sultan II. Abd\u00fclhamid\u2019in tahttan indirilmesi gibi kritik bir hadiseden sonra tahta ge\u00e7en Sultan V. Mehmed Re\u015fad ve Sultan Vahideddin d\u00f6nemlerinde Osmanl\u0131 saray\u0131n\u0131n b\u00fcrokraside ve asker\u00ee cihette meydana gelen geli\u015fmelere kar\u015f\u0131 nas\u0131l tepki verdi\u011fini, g\u00fcnden g\u00fcne g\u00fc\u00e7 kaybeden ve eski ihti\u015faml\u0131 g\u00fcnlerinden uzakla\u015fan saray\u0131n nas\u0131l bir yap\u0131ya d\u00f6n\u00fc\u015ft\u00fc\u011f\u00fcn\u00fc, ayn\u0131 d\u00f6nemde sarayda \u00e7ok kritik bir g\u00f6revde bulunan L\u00fctfi Sim\u00e2v\u00ee\u2019nin g\u00f6z\u00fcnden okuma f\u0131rsat\u0131 yakalayacak.Dr. Fatih Aky\u00fcz ve Dr. Fatih Tetik taraf\u0131ndan ilk defa tam ve eksiksiz bir \u015fekilde sadele\u015ftirilerek bug\u00fcnk\u00fc T\u00fcrk\u00e7eye aktar\u0131lan bu hat\u0131rat, hem ara\u015ft\u0131rmac\u0131lar hem de tarih merakl\u0131lar\u0131 i\u00e7in birinci elden \u00f6nemli bir kaynak niteli\u011findedir.<\/p>\n","protected":false},"excerpt":{"rendered":"<p>Zaten me\u015frutiyet nas\u0131l geri al\u0131nm\u0131\u015ft\u0131? Di\u011fer memleketlerde milletin kan\u0131 pahas\u0131na al\u0131nan h\u00fcrriyet, bizde bir bl\u00f6f neticesi olarak elde edildi.Ba\u015fm\u00e2beynci L\u00fctfi Sim\u00e2v\u00ee Son Osmanl\u0131 padi\u015fahlar\u0131ndan Sultan V.<span class=\"excerpt-hellip\"> [\u2026]<\/span><\/p>\n","protected":false},"featured_media":0,"template":"","meta":{"_monsterinsights_skip_tracking":false,"_monsterinsights_sitenote_active":false,"_monsterinsights_sitenote_note":"","_monsterinsights_sitenote_category":0},"product_brand":[],"product_cat":[13517,12304],"product_tag":[],"class_list":{"0":"post-738038","1":"product","2":"type-product","3":"status-publish","5":"product_cat-osmanli-tarihi","6":"product_cat-tarih","7":"pa_cilt-ciltsiz","8":"pa_tur-kitap","9":"pa_yayinevi-timas-yayinlari","10":"pa_yazar-lutfi-simavi","12":"first","13":"instock","14":"sale","15":"shipping-taxable","16":"purchasable","17":"product-type-simple"},"_links":{"self":[{"href":"https:\/\/roveyayinevi.com.tr\/index.php\/wp-json\/wp\/v2\/product\/738038","targetHints":{"allow":["GET"]}}],"collection":[{"href":"https:\/\/roveyayinevi.com.tr\/index.php\/wp-json\/wp\/v2\/product"}],"about":[{"href":"https:\/\/roveyayinevi.com.tr\/index.php\/wp-json\/wp\/v2\/types\/product"}],"wp:attachment":[{"href":"https:\/\/roveyayinevi.com.tr\/index.php\/wp-json\/wp\/v2\/media?parent=738038"}],"wp:term":[{"taxonomy":"product_brand","embeddable":true,"href":"https:\/\/roveyayinevi.com.tr\/index.php\/wp-json\/wp\/v2\/product_brand?post=738038"},{"taxonomy":"product_cat","embeddable":true,"href":"https:\/\/roveyayinevi.com.tr\/index.php\/wp-json\/wp\/v2\/product_cat?post=738038"},{"taxonomy":"product_tag","embeddable":true,"href":"https:\/\/roveyayinevi.com.tr\/index.php\/wp-json\/wp\/v2\/product_tag?post=738038"}],"curies":[{"name":"wp","href":"https:\/\/api.w.org\/{rel}","templated":true}]}}