{"id":738037,"date":"2025-08-27T23:41:23","date_gmt":"2025-08-27T20:41:23","guid":{"rendered":"https:\/\/roveyayinevi.com.tr\/index.php\/urun\/olmak-istedigim-ebeveyn-buyutmek-istedigim-cocuk\/"},"modified":"2026-04-16T02:47:48","modified_gmt":"2026-04-15T23:47:48","slug":"olmak-istedigim-ebeveyn-buyutmek-istedigim-cocuk","status":"publish","type":"product","link":"https:\/\/roveyayinevi.com.tr\/index.php\/urun\/olmak-istedigim-ebeveyn-buyutmek-istedigim-cocuk\/","title":{"rendered":"Olmak \u0130stedi\u011fim Ebeveyn B\u00fcy\u00fctmek \u0130stedi\u011fim \u00c7ocuk"},"content":{"rendered":"<p>\u201cEbeveyn olmak bungee-jumping yapmak gibidir. Korkutucu ama e\u011flencelidir,\u201d diyen Einat Nathan\u2019dan, anne baba olman\u0131n t\u00fcm zorluklar\u0131yla birlikte esas olana odaklanmaya, \u00e7ocuk ve ebeveyn aras\u0131ndaki en temel \u015feyin \u201cili\u015fki\u201d oldu\u011funa dair samimi, esprili ve empatik bir bak\u0131\u015f.Y\u0131llara dayanan ebeveyn dan\u0131\u015fmanl\u0131\u011f\u0131 tecr\u00fcbesinin \u00f6tesinde, farkl\u0131 ya\u015flarda ve biri &#8220;\u00f6zel \u00e7ocuk&#8221; olarak an\u0131lan evlatlar\u0131yla ya\u015fad\u0131klar\u0131yla, anne babalar\u0131n bebeklik, okul \u00e7a\u011f\u0131, ergenlik d\u00f6nemleri ve \u00f6zel gereksinimli \u00e7ocuklarla ili\u015fkilerine dair bak\u0131\u015f a\u00e7\u0131lar\u0131n\u0131 zenginle\u015ftirecek bir i\u00e7erik sunuyor. \u201cEbeveynlere, \u00f6zellikle de annelere, d\u00fcnyay\u0131 \u00e7ocuklar\u0131n\u0131n g\u00f6z\u00fcnden g\u00f6rerek ve kalplerinde hissederek g\u00fc\u00e7l\u00fc ve ba\u011f\u0131ms\u0131z olmay\u0131 nas\u0131l \u00f6\u011freteceklerini g\u00f6steren, \u015fefkatle tavsiyelerde bulunan bir \u00e7ok satan\u2026S\u00fcrekli korku salan bir \u00e7a\u011fda sakin kalmay\u0131, \u00e7ocuklar\u0131 bir birey olarak tan\u0131may\u0131, kabul ve takdir etmeyi hat\u0131rlatan g\u00fczel ve rahatlat\u0131c\u0131 bir hik\u00e2ye\u2026\u201d \u2015Hachette Go\u201cK\u0131sa ve e\u011flenceli b\u00f6l\u00fcmlerden olu\u015fan, ebeveyn olman\u0131n mikro ve makro anlamlar\u0131n\u0131 en g\u00fczel \u015fekilde ku\u015fatan bir kitap.\u201d \u2015The New York Times&#8221;Empatik, d\u00fc\u015f\u00fcnceli, zek\u00e2 ve duygu dolu. Pozitif ebeveynlik d\u00fcnyay\u0131 daha iyi bir yere d\u00f6n\u00fc\u015ft\u00fcrecek.&#8221; \u2015Gal Gadot&#8221;Ebeveynli\u011fin en zor ve rahats\u0131z edici taraflar\u0131na de\u011finmekten \u00e7ekinmiyor ama bunu yumu\u015fac\u0131k ve rahatlat\u0131c\u0131 bir tav\u0131rla yap\u0131yor.\u201d \u2015Makor Rishon<\/p>\n","protected":false},"excerpt":{"rendered":"<p>\u201cEbeveyn olmak bungee-jumping yapmak gibidir. Korkutucu ama e\u011flencelidir,\u201d diyen Einat Nathan\u2019dan, anne baba olman\u0131n t\u00fcm zorluklar\u0131yla birlikte esas olana odaklanmaya, \u00e7ocuk ve ebeveyn aras\u0131ndaki en temel<span class=\"excerpt-hellip\"> [\u2026]<\/span><\/p>\n","protected":false},"featured_media":0,"template":"","meta":{"_monsterinsights_skip_tracking":false,"_monsterinsights_sitenote_active":false,"_monsterinsights_sitenote_note":"","_monsterinsights_sitenote_category":0},"product_brand":[],"product_cat":[13072,12291],"product_tag":[],"class_list":{"0":"post-738037","1":"product","2":"type-product","3":"status-publish","5":"product_cat-arastirma-inceleme-referans","6":"product_cat-edebiyat","7":"pa_cilt-ciltsiz","8":"pa_tur-kitap","9":"pa_yayinevi-timas-yayinlari","10":"pa_yazar-einat-nathan","12":"first","13":"instock","14":"sale","15":"shipping-taxable","16":"purchasable","17":"product-type-simple"},"_links":{"self":[{"href":"https:\/\/roveyayinevi.com.tr\/index.php\/wp-json\/wp\/v2\/product\/738037","targetHints":{"allow":["GET"]}}],"collection":[{"href":"https:\/\/roveyayinevi.com.tr\/index.php\/wp-json\/wp\/v2\/product"}],"about":[{"href":"https:\/\/roveyayinevi.com.tr\/index.php\/wp-json\/wp\/v2\/types\/product"}],"wp:attachment":[{"href":"https:\/\/roveyayinevi.com.tr\/index.php\/wp-json\/wp\/v2\/media?parent=738037"}],"wp:term":[{"taxonomy":"product_brand","embeddable":true,"href":"https:\/\/roveyayinevi.com.tr\/index.php\/wp-json\/wp\/v2\/product_brand?post=738037"},{"taxonomy":"product_cat","embeddable":true,"href":"https:\/\/roveyayinevi.com.tr\/index.php\/wp-json\/wp\/v2\/product_cat?post=738037"},{"taxonomy":"product_tag","embeddable":true,"href":"https:\/\/roveyayinevi.com.tr\/index.php\/wp-json\/wp\/v2\/product_tag?post=738037"}],"curies":[{"name":"wp","href":"https:\/\/api.w.org\/{rel}","templated":true}]}}