{"id":738035,"date":"2025-08-27T23:41:21","date_gmt":"2025-08-27T20:41:21","guid":{"rendered":"https:\/\/roveyayinevi.com.tr\/index.php\/urun\/golge-kral\/"},"modified":"2026-03-06T03:10:34","modified_gmt":"2026-03-06T00:10:34","slug":"golge-kral","status":"publish","type":"product","link":"https:\/\/roveyayinevi.com.tr\/index.php\/urun\/golge-kral\/","title":{"rendered":"G\u00f6lge Kral"},"content":{"rendered":"<p>Mussolini ordusunun sava\u015f tehdidi yakla\u015f\u0131rken yetim kalan Hirut, Kidane ve kar\u0131s\u0131 Aster\u2019in evinde hizmet\u00e7i olarak yeni bir hayata ba\u015flar. \u0130mparator Haile Selassie\u2019nin ordusunda bir subay olan Kidane, i\u015fgal ba\u015flamadan \u00f6nce en g\u00fc\u00e7l\u00fc adamlar\u0131n\u0131 haz\u0131rlamak i\u00e7in harekete ge\u00e7er. Hirut\u2019a ba\u015fta g\u00f6sterdi\u011fi nezaket, zamanla ac\u0131mas\u0131z bir gaddarl\u0131\u011fa d\u00f6n\u00fc\u015f\u00fcr ve Hirut kendini \u015fiddet dolu, erkek egemen \u00f6fkenin d\u00fcnyas\u0131nda bulur. Bu arada, aralar\u0131nda Yahudi foto\u011fraf\u00e7\u0131 Ettore\u2019nin de bulundu\u011fu y\u00fcz binlerce \u0130talyan asker, macera aray\u0131\u015f\u0131yla Etiyopya\u2019ya h\u00fccuma haz\u0131rlanmaktad\u0131r. Sava\u015f ba\u015flay\u0131nca Hirut, Aster ve di\u011fer kad\u0131nlar yaral\u0131lara bakmaktan ve \u00f6l\u00fcleri g\u00f6mmekten fazlas\u0131n\u0131 yapmak isterler. \u0130mparator Haile Selassie \u00fclkeyi terk etti\u011finde Etiyopya h\u0131zla umudunu kaybederken, morali korumak i\u00e7in bir plan sunan Hirut; \u0130talyan ordusunun foto\u011fraf\u00e7\u0131s\u0131 Ettore\u2019yle yollar\u0131 ac\u0131mas\u0131z \u015fartlarda kesi\u015fince bir sava\u015f tutsa\u011f\u0131 olarak kendi sava\u015f\u0131n\u0131 vermek zorunda kal\u0131r.Mussolini\u2019nin 1935\u2019te Etiyopya\u2019y\u0131 i\u015fgali s\u0131ras\u0131nda ge\u00e7en G\u00f6lge Kral, okuru II. D\u00fcnya Sava\u015f\u0131\u2019n\u0131n ilk ger\u00e7ek \u00e7at\u0131\u015fmas\u0131na g\u00f6t\u00fcr\u00fcyor ve tarih\u00ee kay\u0131tlar\u0131n d\u0131\u015f\u0131nda kalan kad\u0131n askerlere \u0131\u015f\u0131k tutuyor. Hirut\u2019un kalbindeki ate\u015fi, i\u00e7ten \u00f6fkesi ve karanl\u0131klardan y\u00fckselen sesi; kad\u0131n olman\u0131n ger\u00e7ekli\u011fini bir halk\u0131n trajedisiyle bulu\u015fturuyor. Maaza Mengiste, b\u00fcy\u00fcleyici anlat\u0131m\u0131yla sava\u015f\u0131n iki kutbuna da ses verirken y\u00fcrek burkan, unutulmaz bir roman ortaya koyuyor.\u201cG\u00f6lge Kral g\u00fczel ve y\u0131k\u0131c\u0131 bir yap\u0131t; kendini par\u00e7alayan d\u00fcnyay\u0131 bir arada tutan kad\u0131nlar\u0131n hik\u00e2yesi. Hayallerinize s\u0131zacak ve an\u0131lar\u0131n\u0131z\u0131 ele ge\u00e7irecekler.\u201d \u2015 Marlon James\u201cLirik, dikkat \u00e7ekici&#8230; nefes kesici bir yetenek&#8230; Okur, tam anlam\u0131yla bir ustan\u0131n sa\u011flam ellerinde&#8230; Hirut, y\u0131llard\u0131r okuduklar\u0131m aras\u0131nda silinmez ve \u00e7ekici bir kahraman.\u201d \u2015 Namwali Serpell, New York Times Book Review\u201cRisk almaktan korkmayan son derece yetenekli bir yazardan, unutulmaz bir destan&#8230; Mengiste\u2019nin unutulmaz karakterler yaratma yetene\u011fi, her \u015feyi daha da y\u00fcceltiyor&#8230; Roman\u0131n y\u0131ld\u0131z\u0131 Mengiste\u2019nin muhte\u015fem \u00fcslubu, bu da G\u00f6lge Kral\u2019\u0131 elden b\u0131rakmay\u0131 neredeyse imk\u00e2ns\u0131z k\u0131l\u0131yor. Y\u0131l\u0131n en g\u00fczel romanlar\u0131ndan biri.\u201d \u2015 Michael Schaub, NPR\u201cG\u00f6lge Kral, s\u00f6m\u00fcrge fetihlerinin \u00e7aresiz kurbanlar\u0131 hakk\u0131nda bir hik\u00e2ye de\u011fil. Her \u015feye ra\u011fmen, sesinde bir gurur ve y\u00fcceltme var ve karakterleri, nihayetinde ulusal kahramanlar formunda v\u00fccut buluyor.\u201d \u2015 Sam Sacks, Wall Street Journal\u201cDestans\u0131 bak\u0131\u015f a\u00e7\u0131s\u0131 ve asaletiyle Mengiste, sava\u015fan kad\u0131nlar\u0131yla birlikte bu m\u00fccadeleyi bir efsaneye d\u00f6n\u00fc\u015ft\u00fcr\u00fcyor. G\u00fczel, \u00fcrk\u00fct\u00fcc\u00fc, zarif ve etkileyici. G\u00f6lge Kral bir modern klasik.\u201d \u2015 Andrew Sean Greer\u201cG\u00f6lge Kral, sava\u015f ve tarih hakk\u0131nda, hem kapsam a\u00e7\u0131s\u0131ndan destans\u0131, hem de ayr\u0131nt\u0131lar\u0131yla samimi bir roman\u2026 Maaza Mengiste, bu hik\u00e2yedeki herkesi, direni\u015f\u00e7iyi de istilac\u0131y\u0131 da, yarg\u0131larken kolaya ka\u00e7maya asla f\u0131rsat vermeyen bir n\u00fcansla yaz\u0131yor. Harika bir kitap\u201d \u2015 Laila Lalami <\/p>\n","protected":false},"excerpt":{"rendered":"<p>Mussolini ordusunun sava\u015f tehdidi yakla\u015f\u0131rken yetim kalan Hirut, Kidane ve kar\u0131s\u0131 Aster\u2019in evinde hizmet\u00e7i olarak yeni bir hayata ba\u015flar. \u0130mparator Haile Selassie\u2019nin ordusunda bir subay olan<span class=\"excerpt-hellip\"> [\u2026]<\/span><\/p>\n","protected":false},"featured_media":0,"template":"","meta":{"_monsterinsights_skip_tracking":false,"_monsterinsights_sitenote_active":false,"_monsterinsights_sitenote_note":"","_monsterinsights_sitenote_category":0},"product_brand":[],"product_cat":[12291,12711],"product_tag":[],"class_list":{"0":"post-738035","1":"product","2":"type-product","3":"status-publish","5":"product_cat-edebiyat","6":"product_cat-roman-oyku","7":"pa_cilt-ciltsiz","8":"pa_tur-kitap","9":"pa_yayinevi-timas-yayinlari","10":"pa_yazar-maaza-mengiste","12":"first","13":"instock","14":"sale","15":"shipping-taxable","16":"purchasable","17":"product-type-simple"},"_links":{"self":[{"href":"https:\/\/roveyayinevi.com.tr\/index.php\/wp-json\/wp\/v2\/product\/738035","targetHints":{"allow":["GET"]}}],"collection":[{"href":"https:\/\/roveyayinevi.com.tr\/index.php\/wp-json\/wp\/v2\/product"}],"about":[{"href":"https:\/\/roveyayinevi.com.tr\/index.php\/wp-json\/wp\/v2\/types\/product"}],"wp:attachment":[{"href":"https:\/\/roveyayinevi.com.tr\/index.php\/wp-json\/wp\/v2\/media?parent=738035"}],"wp:term":[{"taxonomy":"product_brand","embeddable":true,"href":"https:\/\/roveyayinevi.com.tr\/index.php\/wp-json\/wp\/v2\/product_brand?post=738035"},{"taxonomy":"product_cat","embeddable":true,"href":"https:\/\/roveyayinevi.com.tr\/index.php\/wp-json\/wp\/v2\/product_cat?post=738035"},{"taxonomy":"product_tag","embeddable":true,"href":"https:\/\/roveyayinevi.com.tr\/index.php\/wp-json\/wp\/v2\/product_tag?post=738035"}],"curies":[{"name":"wp","href":"https:\/\/api.w.org\/{rel}","templated":true}]}}