{"id":738027,"date":"2025-08-27T23:40:36","date_gmt":"2025-08-27T20:40:36","guid":{"rendered":"https:\/\/roveyayinevi.com.tr\/index.php\/urun\/fikoko-koci-ya-da-parktaki-adam\/"},"modified":"2026-04-16T02:47:48","modified_gmt":"2026-04-15T23:47:48","slug":"fikoko-koci-ya-da-parktaki-adam","status":"publish","type":"product","link":"https:\/\/roveyayinevi.com.tr\/index.php\/urun\/fikoko-koci-ya-da-parktaki-adam\/","title":{"rendered":"Fikoko Ko\u00e7i ya da Parktaki Adam"},"content":{"rendered":"<p>Mustafa Balel, Fikoko Ko\u00e7i\u2019de, e\u011flenceyi ba\u015fkalar\u0131n\u0131 komik durumlara d\u00fc\u015f\u00fcrmekte bulan bir \u00e7ocu\u011fun hik\u00e2yesini anlat\u0131yor. Fikoko Ko\u00e7i, ad\u0131 \u201cyaramaz\u201da \u00e7\u0131km\u0131\u015f hareketli bir \u00e7ocuktur. Her an k\u0131p\u0131r k\u0131p\u0131rd\u0131r. \u0130ki dakika bo\u015f duramaz. Yapacak bir \u015fey bulamad\u0131\u011f\u0131nda can\u0131 s\u0131k\u0131l\u0131r, oyalanacak \u015feyler arar. Buldu\u011fu u\u011fra\u015flar, ak\u0131ll\u0131ca \u015feyler olmaz \u00e7o\u011fu zaman. Bazen insanlar\u0131 rahats\u0131z eden, onlara zarar veren davran\u0131\u015flar da sergiler. Ancak ummad\u0131\u011f\u0131 bir g\u00fcn i\u015fler tersine d\u00f6ner.      Canl\u0131, k\u0131vrak bir dille yaz\u0131lm\u0131\u015f kitapta, hik\u00e2ye \u201cbasarken bas\u0131lmak\u201d ya da kendi kurdu\u011fu tuza\u011fa d\u00fc\u015fmek bi\u00e7iminde tan\u0131mlanabilecek bir sonuca do\u011fru ilerliyor. Tacettin \u015eim\u015fek<\/p>\n","protected":false},"excerpt":{"rendered":"<p>Mustafa Balel, Fikoko Ko\u00e7i\u2019de, e\u011flenceyi ba\u015fkalar\u0131n\u0131 komik durumlara d\u00fc\u015f\u00fcrmekte bulan bir \u00e7ocu\u011fun hik\u00e2yesini anlat\u0131yor. Fikoko Ko\u00e7i, ad\u0131 \u201cyaramaz\u201da \u00e7\u0131km\u0131\u015f hareketli bir \u00e7ocuktur. Her an k\u0131p\u0131r k\u0131p\u0131rd\u0131r.<span class=\"excerpt-hellip\"> [\u2026]<\/span><\/p>\n","protected":false},"featured_media":0,"template":"","meta":{"_monsterinsights_skip_tracking":false,"_monsterinsights_sitenote_active":false,"_monsterinsights_sitenote_note":"","_monsterinsights_sitenote_category":0},"product_brand":[],"product_cat":[12274,12284],"product_tag":[],"class_list":{"0":"post-738027","1":"product","2":"type-product","3":"status-publish","5":"product_cat-cocuk-ve-genclik-kitaplari","6":"product_cat-hikayeler","7":"pa_cilt-ciltsiz","8":"pa_tur-kitap","9":"pa_yayinevi-ucan-at","10":"pa_yazar-mustafa-balel","12":"first","13":"instock","14":"sale","15":"shipping-taxable","16":"purchasable","17":"product-type-simple"},"_links":{"self":[{"href":"https:\/\/roveyayinevi.com.tr\/index.php\/wp-json\/wp\/v2\/product\/738027","targetHints":{"allow":["GET"]}}],"collection":[{"href":"https:\/\/roveyayinevi.com.tr\/index.php\/wp-json\/wp\/v2\/product"}],"about":[{"href":"https:\/\/roveyayinevi.com.tr\/index.php\/wp-json\/wp\/v2\/types\/product"}],"wp:attachment":[{"href":"https:\/\/roveyayinevi.com.tr\/index.php\/wp-json\/wp\/v2\/media?parent=738027"}],"wp:term":[{"taxonomy":"product_brand","embeddable":true,"href":"https:\/\/roveyayinevi.com.tr\/index.php\/wp-json\/wp\/v2\/product_brand?post=738027"},{"taxonomy":"product_cat","embeddable":true,"href":"https:\/\/roveyayinevi.com.tr\/index.php\/wp-json\/wp\/v2\/product_cat?post=738027"},{"taxonomy":"product_tag","embeddable":true,"href":"https:\/\/roveyayinevi.com.tr\/index.php\/wp-json\/wp\/v2\/product_tag?post=738027"}],"curies":[{"name":"wp","href":"https:\/\/api.w.org\/{rel}","templated":true}]}}