{"id":738026,"date":"2025-08-27T23:40:35","date_gmt":"2025-08-27T20:40:35","guid":{"rendered":"https:\/\/roveyayinevi.com.tr\/index.php\/urun\/lola-ve-ben\/"},"modified":"2026-04-16T02:47:48","modified_gmt":"2026-04-15T23:47:48","slug":"lola-ve-ben","status":"publish","type":"product","link":"https:\/\/roveyayinevi.com.tr\/index.php\/urun\/lola-ve-ben\/","title":{"rendered":"Lola Ve Ben"},"content":{"rendered":"<p>Parkta gezintiler, b\u00fcy\u00fck at kestanesi a\u011fac\u0131, Mario\u2019nun k\u00f6fteleri, deniz k\u0131y\u0131s\u0131nda oyunlar\u2026 Ressam Michelangelo, da\u011fda donan s\u00fcm\u00fckler, divanda pizza yemeler, casus filmi izlemeler\u2026   T\u00fcm bunlar\u0131 birlikte yapt\u0131\u011f\u0131n bir dostun varsa, insan yeniden mutlu olabilir.   Lola ve Ben, i\u015fte b\u00f6yle bir dayan\u0131\u015fma ve dostluk hik\u00e2yesi\u2026   Chiara Valentina Segre taraf\u0131ndan yaz\u0131lan ve Paolo Domeniconi taraf\u0131nda resimlenen bu s\u0131cak hik\u00e2yeyi, Eren Cendey, \u0130talyancadan \u00e7evirerek dilimize kazand\u0131rd\u0131. <\/p>\n","protected":false},"excerpt":{"rendered":"<p>Parkta gezintiler, b\u00fcy\u00fck at kestanesi a\u011fac\u0131, Mario\u2019nun k\u00f6fteleri, deniz k\u0131y\u0131s\u0131nda oyunlar\u2026 Ressam Michelangelo, da\u011fda donan s\u00fcm\u00fckler, divanda pizza yemeler, casus filmi izlemeler\u2026 T\u00fcm bunlar\u0131 birlikte yapt\u0131\u011f\u0131n<span class=\"excerpt-hellip\"> [\u2026]<\/span><\/p>\n","protected":false},"featured_media":0,"template":"","meta":{"_monsterinsights_skip_tracking":false,"_monsterinsights_sitenote_active":false,"_monsterinsights_sitenote_note":"","_monsterinsights_sitenote_category":0},"product_brand":[],"product_cat":[12275,12274],"product_tag":[],"class_list":{"0":"post-738026","1":"product","2":"type-product","3":"status-publish","5":"product_cat-6-12-yas-kitaplari","6":"product_cat-cocuk-ve-genclik-kitaplari","7":"pa_cilt-ciltsiz","8":"pa_tur-kitap","9":"pa_yayinevi-potikare-yayincilik","10":"pa_yazar-chiara-valentina-segre","12":"first","13":"instock","14":"sale","15":"shipping-taxable","16":"purchasable","17":"product-type-simple"},"_links":{"self":[{"href":"https:\/\/roveyayinevi.com.tr\/index.php\/wp-json\/wp\/v2\/product\/738026","targetHints":{"allow":["GET"]}}],"collection":[{"href":"https:\/\/roveyayinevi.com.tr\/index.php\/wp-json\/wp\/v2\/product"}],"about":[{"href":"https:\/\/roveyayinevi.com.tr\/index.php\/wp-json\/wp\/v2\/types\/product"}],"wp:attachment":[{"href":"https:\/\/roveyayinevi.com.tr\/index.php\/wp-json\/wp\/v2\/media?parent=738026"}],"wp:term":[{"taxonomy":"product_brand","embeddable":true,"href":"https:\/\/roveyayinevi.com.tr\/index.php\/wp-json\/wp\/v2\/product_brand?post=738026"},{"taxonomy":"product_cat","embeddable":true,"href":"https:\/\/roveyayinevi.com.tr\/index.php\/wp-json\/wp\/v2\/product_cat?post=738026"},{"taxonomy":"product_tag","embeddable":true,"href":"https:\/\/roveyayinevi.com.tr\/index.php\/wp-json\/wp\/v2\/product_tag?post=738026"}],"curies":[{"name":"wp","href":"https:\/\/api.w.org\/{rel}","templated":true}]}}