{"id":738025,"date":"2025-08-27T23:40:34","date_gmt":"2025-08-27T20:40:34","guid":{"rendered":"https:\/\/roveyayinevi.com.tr\/index.php\/urun\/bir-nefes-bin-dilek\/"},"modified":"2026-04-16T02:47:48","modified_gmt":"2026-04-15T23:47:48","slug":"bir-nefes-bin-dilek","status":"publish","type":"product","link":"https:\/\/roveyayinevi.com.tr\/index.php\/urun\/bir-nefes-bin-dilek\/","title":{"rendered":"Bir Nefes Bin Dilek"},"content":{"rendered":"<p>Do\u011fada olmay\u0131 \u00e7ok seven Duru, bir g\u00fcn insanlar\u0131n do\u011faya verdikleri zararlar\u0131 fark etti ve bu zararlar\u0131n \u00f6nlenebilmesi i\u00e7in dilekler diledi. Bu \u00f6yk\u00fcy\u00fc okurken, Duru\u2019nun fark etti\u011fi zararlar\u0131 ve bunlarla ilgili neler yap\u0131labilece\u011fini sen de \u00f6\u011frenebilir; kendinin ve \u00e7evrendekilerin davran\u0131\u015flar\u0131n\u0131 yeni bir bak\u0131\u015f a\u00e7\u0131s\u0131yla de\u011ferlendirebilirsin. Yazar Hakk\u0131nda: D\u00f6nd\u00fc \u0130\u00e7\u00f6z\u00c7ocuklar i\u00e7in g\u00fczel bir d\u00fcnya b\u0131rakman\u0131n ve d\u00fcnya i\u00e7in iyi \u00e7ocuklar yeti\u015ftirmenin \u00f6nemine inan\u0131yorum. Uzun y\u0131llard\u0131r hemen hemen her ya\u015f grubu ile \u00e7al\u0131\u015fan bir \u00e7ocuk geli\u015fimci olarak hep bunun i\u00e7in emek verdim. K\u00e2\u011f\u0131tlar ve kitaplarla dolu bir d\u00fcnyam var; bir de \u00e7i\u00e7eklerim. En \u00e7ok kakt\u00fcs seviyorum. K\u00e2\u011f\u0131tlarla \u00e7al\u0131\u015fman\u0131n iyile\u015ftirici bir g\u00fcc\u00fc oldu\u011funa inan\u0131yorum.  Ana hammaddesi k\u00e2\u011f\u0131t olan quilling, kirigami ve kusudama \u00e7al\u0131\u015fmalar\u0131 yap\u0131yorum. \u0130\u00e7inde tasar\u0131m unsuru olan her \u015feyi \u00e7ok seviyorum, en \u00e7ok da tasar\u0131m kitaplar\u0131\u2026 Zaman bulduk\u00e7a, kendi tasar\u0131mlar\u0131m\u0131 yap\u0131yorum. \u0130ll\u00fcstrasyonlar\u0131n\u0131, 3 boyutlu kolaj tekni\u011fiyle kurgulayarak yapt\u0131\u011f\u0131m ilk kitab\u0131m \u00c7ernobil&#8217;in Son \u00c7ocuklar\u0131, 2021 y\u0131l\u0131nda Nesin Yay\u0131nevi&#8217;nden \u00e7\u0131kt\u0131. \u0130stanbul\u2019da e\u015fim Deniz ve o\u011flum \u0130lke Deniz\u2019le birlikte ya\u015f\u0131yorum. \u00c7izer Hakk\u0131nda: Bengi Gen\u00e7er Ankara\u2019da do\u011fdum, Mersin&#8217;de b\u00fcy\u00fcd\u00fcm. Hacettepe \u00dcniversitesi G\u00fczel Sanatlar Fak\u00fcltesi Grafik B\u00f6l\u00fcm\u00fc\u2019nden mezun oldum. Aralar\u0131nda okul \u00f6ncesi kaynak kitaplar\u0131 ve P\u00f6tikare Yay\u0131nc\u0131l\u0131k&#8217;tan \u00e7\u0131kan \u0130\u00e7imdeki Renkli Balonlar ile Bozk\u0131r\u0131n Renkleri kitaplar\u0131n\u0131n da oldu\u011fu \u00e7e\u015fitli \u00e7ocuk kitaplar\u0131n\u0131 resimledim. T\u00dcB\u0130TAK Merakl\u0131 Minik ve Bilim \u00c7ocuk dergileri i\u00e7in her ay yeni ill\u00fcstrasyonlar haz\u0131rl\u0131yorum. G\u00fcn\u00fcn erken saatlerini, do\u011fa y\u00fcr\u00fcy\u00fc\u015flerini, \u00e7ocuk kitaplar\u0131 okumay\u0131, Duru ile Mete&#8217;nin annesi olmay\u0131 ve onlarla birlikte b\u00fcy\u00fcmeyi \u00e7ok seviyorum. <\/p>\n","protected":false},"excerpt":{"rendered":"<p>Do\u011fada olmay\u0131 \u00e7ok seven Duru, bir g\u00fcn insanlar\u0131n do\u011faya verdikleri zararlar\u0131 fark etti ve bu zararlar\u0131n \u00f6nlenebilmesi i\u00e7in dilekler diledi. Bu \u00f6yk\u00fcy\u00fc okurken, Duru\u2019nun fark etti\u011fi<span class=\"excerpt-hellip\"> [\u2026]<\/span><\/p>\n","protected":false},"featured_media":0,"template":"","meta":{"_monsterinsights_skip_tracking":false,"_monsterinsights_sitenote_active":false,"_monsterinsights_sitenote_note":"","_monsterinsights_sitenote_category":0},"product_brand":[],"product_cat":[12913,12274],"product_tag":[],"class_list":{"0":"post-738025","1":"product","2":"type-product","3":"status-publish","5":"product_cat-3-6-yas-kitaplari","6":"product_cat-cocuk-ve-genclik-kitaplari","7":"pa_cilt-ciltsiz","8":"pa_tur-kitap","9":"pa_yayinevi-potikare-yayincilik","10":"pa_yazar-dondu-icoz","12":"first","13":"instock","14":"sale","15":"shipping-taxable","16":"purchasable","17":"product-type-simple"},"_links":{"self":[{"href":"https:\/\/roveyayinevi.com.tr\/index.php\/wp-json\/wp\/v2\/product\/738025","targetHints":{"allow":["GET"]}}],"collection":[{"href":"https:\/\/roveyayinevi.com.tr\/index.php\/wp-json\/wp\/v2\/product"}],"about":[{"href":"https:\/\/roveyayinevi.com.tr\/index.php\/wp-json\/wp\/v2\/types\/product"}],"wp:attachment":[{"href":"https:\/\/roveyayinevi.com.tr\/index.php\/wp-json\/wp\/v2\/media?parent=738025"}],"wp:term":[{"taxonomy":"product_brand","embeddable":true,"href":"https:\/\/roveyayinevi.com.tr\/index.php\/wp-json\/wp\/v2\/product_brand?post=738025"},{"taxonomy":"product_cat","embeddable":true,"href":"https:\/\/roveyayinevi.com.tr\/index.php\/wp-json\/wp\/v2\/product_cat?post=738025"},{"taxonomy":"product_tag","embeddable":true,"href":"https:\/\/roveyayinevi.com.tr\/index.php\/wp-json\/wp\/v2\/product_tag?post=738025"}],"curies":[{"name":"wp","href":"https:\/\/api.w.org\/{rel}","templated":true}]}}