{"id":738024,"date":"2025-08-27T23:40:33","date_gmt":"2025-08-27T20:40:33","guid":{"rendered":"https:\/\/roveyayinevi.com.tr\/index.php\/urun\/vakit-ve-ebediyet\/"},"modified":"2026-04-16T02:47:48","modified_gmt":"2026-04-15T23:47:48","slug":"vakit-ve-ebediyet","status":"publish","type":"product","link":"https:\/\/roveyayinevi.com.tr\/index.php\/urun\/vakit-ve-ebediyet\/","title":{"rendered":"Vakit ve Ebediyet"},"content":{"rendered":"<p>\u201cBugu\u0308n, yar\u0131n ve du\u0308n \u00dc\u00e7u\u0308 de ayn\u0131d\u0131r, ebed\u00ee bir \u00e2n\u201d *** \u201cVakit\u201d ge\u00e7mi\u015f ya da gelecekteki bir su\u0308renin devaml\u0131l\u0131\u011f\u0131n\u0131n herhangi bir \u00e2n\u0131 (nunc fluens) olup, iki farkl\u0131 mu\u0308ddeti birbirinden ay\u0131r\u0131r. \u201cEbediyet\u201d ise bizim zamana tab\u00ee bak\u0131\u015f a\u00e7\u0131m\u0131zdan, ba\u015f\u0131 ve sonu olmayand\u0131r ya da kendi i\u00e7inde bir \u015eimdi\u2019nin (nunc stans) uzat\u0131lm\u0131\u015f halidir. Zaman meselesi ve onun metafizi\u011fi hakk\u0131nda yaz\u0131lm\u0131\u015f en derin kaynaklardan birisi olan bu kitapta Coomaraswamy, zaman kavram\u0131n\u0131 Vedalar, Budizm, Yunan, Hristiyanl\u0131k ve \u0130slam\u00ee geleneklerdeki kar\u015f\u0131l\u0131klar\u0131yla ele al\u0131p, Geleneksel Okul perspektifi a\u00e7\u0131s\u0131ndan anlamaya ve ortak y\u00f6nleri bulmaya \u00e7al\u0131\u015f\u0131yor.<\/p>\n","protected":false},"excerpt":{"rendered":"<p>\u201cBugu\u0308n, yar\u0131n ve du\u0308n \u00dc\u00e7u\u0308 de ayn\u0131d\u0131r, ebed\u00ee bir \u00e2n\u201d *** \u201cVakit\u201d ge\u00e7mi\u015f ya da gelecekteki bir su\u0308renin devaml\u0131l\u0131\u011f\u0131n\u0131n herhangi bir \u00e2n\u0131 (nunc fluens) olup, iki<span class=\"excerpt-hellip\"> [\u2026]<\/span><\/p>\n","protected":false},"featured_media":0,"template":"","meta":{"_monsterinsights_skip_tracking":false,"_monsterinsights_sitenote_active":false,"_monsterinsights_sitenote_note":"","_monsterinsights_sitenote_category":0},"product_brand":[],"product_cat":[16382,12718],"product_tag":[],"class_list":{"0":"post-738024","1":"product","2":"type-product","3":"status-publish","5":"product_cat-diger-inanclar","6":"product_cat-din","7":"pa_cilt-ciltsiz","8":"pa_tur-kitap","9":"pa_yayinevi-ketebe-yayinlari","10":"pa_yazar-ananda-k-coomaraswamy","12":"first","13":"instock","14":"sale","15":"shipping-taxable","16":"purchasable","17":"product-type-simple"},"_links":{"self":[{"href":"https:\/\/roveyayinevi.com.tr\/index.php\/wp-json\/wp\/v2\/product\/738024","targetHints":{"allow":["GET"]}}],"collection":[{"href":"https:\/\/roveyayinevi.com.tr\/index.php\/wp-json\/wp\/v2\/product"}],"about":[{"href":"https:\/\/roveyayinevi.com.tr\/index.php\/wp-json\/wp\/v2\/types\/product"}],"wp:attachment":[{"href":"https:\/\/roveyayinevi.com.tr\/index.php\/wp-json\/wp\/v2\/media?parent=738024"}],"wp:term":[{"taxonomy":"product_brand","embeddable":true,"href":"https:\/\/roveyayinevi.com.tr\/index.php\/wp-json\/wp\/v2\/product_brand?post=738024"},{"taxonomy":"product_cat","embeddable":true,"href":"https:\/\/roveyayinevi.com.tr\/index.php\/wp-json\/wp\/v2\/product_cat?post=738024"},{"taxonomy":"product_tag","embeddable":true,"href":"https:\/\/roveyayinevi.com.tr\/index.php\/wp-json\/wp\/v2\/product_tag?post=738024"}],"curies":[{"name":"wp","href":"https:\/\/api.w.org\/{rel}","templated":true}]}}