{"id":738023,"date":"2025-08-27T23:40:33","date_gmt":"2025-08-27T20:40:33","guid":{"rendered":"https:\/\/roveyayinevi.com.tr\/index.php\/urun\/5s-is-yeri-organizasyonu-uygulayici-el-kitabi\/"},"modified":"2026-04-16T02:47:48","modified_gmt":"2026-04-15T23:47:48","slug":"5s-is-yeri-organizasyonu-uygulayici-el-kitabi","status":"publish","type":"product","link":"https:\/\/roveyayinevi.com.tr\/index.php\/urun\/5s-is-yeri-organizasyonu-uygulayici-el-kitabi\/","title":{"rendered":"5S \u0130\u015f Yeri Organizasyonu Uygulay\u0131c\u0131 El Kitab\u0131"},"content":{"rendered":"<p>Bu kitapta verilen bilgiler,Yal\u0131n Yakla\u015f\u0131mlar dikkate al\u0131narak, bir i\u015fyeri organizasyonu olarak adland\u0131r\u0131lan 5S\u2019in ad\u0131mlar\u0131na g\u00f6re haz\u0131rlanm\u0131\u015ft\u0131r.   5. Bas\u0131m&#8217;dan:Yapmak, ne yap\u0131laca\u011f\u0131n\u0131 bilmekten \u00e7ok daha zordur. Bu zorlu\u011fu a\u015fman\u0131n \u00f6n\u00fcndeki en b\u00fcy\u00fck engel ise al\u0131\u015fkanl\u0131klard\u0131r.Bu kitapta verilen bilgiler, Yal\u0131n Yakla\u015f\u0131mlar dikkate al\u0131narak, bir i\u015fyeri organizasyonu olarak adland\u0131r\u0131lan 5S&#8217; in ad\u0131mlar\u0131na g\u00f6re haz\u0131rlanm\u0131\u015ft\u0131r. \u0130lk olarak Japonya da kullan\u0131lmaya ba\u015flam\u0131\u015f olan 5S i\u015f yerindeki malzeme ve bilgi ak\u0131\u015f\u0131n\u0131n h\u0131zl\u0131 ve do\u011fru olmas\u0131n\u0131 sa\u011flamak i\u00e7in kullan\u0131lan basit ve kolay uygulanabilen bir y\u00f6ntem gibi g\u00f6r\u00fcnse de uygulanmas\u0131 ve s\u00fcrd\u00fcr\u00fclmesi emek isteyen bir s\u00fcre\u00e7tir. Kurulu\u015flarda iyi ba\u015flat\u0131lan &#8220;5S&#8221; uygulamalar\u0131n\u0131n s\u00fcrd\u00fcr\u00fclmesi ve geli\u015ftirilmesinde \u00e7o\u011funlukla sorunlar ya\u015fanmakta ve beklenen fayda sa\u011flanamamaktad\u0131r. Bu sorunlar\u0131n temel nedenleri aras\u0131nda 5S sisteminin y\u00f6neticiler ve\/veya \u00e7al\u0131\u015fanlar taraf\u0131ndan yanl\u0131\u015f ya da eksik alg\u0131lanmas\u0131 yer al\u0131r. Ayr\u0131ca, yeterince uygulama \u00f6rne\u011fi g\u00f6r\u00fclemedi\u011fi i\u00e7in y\u00f6neticilerin ve\/veya \u00e7al\u0131\u015fanlar\u0131n yarat\u0131c\u0131l\u0131klar\u0131n\u0131 ortaya koyamamas\u0131 5S uygulamalar\u0131n\u0131n temel sorunlar\u0131ndan bir ba\u015fkas\u0131d\u0131r. Bu nedenle bu kitap iki as\u0131l ama\u00e7 i\u00e7in haz\u0131rlanm\u0131\u015ft\u0131r: \u2022 Y\u00f6neticiler ve \u00e7al\u0131\u015fanlar aras\u0131nda 5S sisteminin do\u011fru \u015fekilde alg\u0131lanmas\u0131n\u0131 sa\u011flamak i\u00e7in ortak bir dil olu\u015fturmak ve\u2022 Farkl\u0131 ortamlardan derlenmi\u015f \u00e7e\u015fitli foto\u011fraflar, \u015fekiller ve \u00f6rnekler sunarak 5S uygulay\u0131c\u0131lar\u0131n\u0131n ufkunu geni\u015fletmek ve yarat\u0131c\u0131l\u0131\u011f\u0131n\u0131 art\u0131rmak.T\u00fcm &#8220;5S&#8221; uygulay\u0131c\u0131lar\u0131na de\u011fer katmas\u0131 dile\u011fiyle.<\/p>\n","protected":false},"excerpt":{"rendered":"<p>Bu kitapta verilen bilgiler,Yal\u0131n Yakla\u015f\u0131mlar dikkate al\u0131narak, bir i\u015fyeri organizasyonu olarak adland\u0131r\u0131lan 5S\u2019in ad\u0131mlar\u0131na g\u00f6re haz\u0131rlanm\u0131\u015ft\u0131r. 5. Bas\u0131m&#8217;dan:Yapmak, ne yap\u0131laca\u011f\u0131n\u0131 bilmekten \u00e7ok daha zordur. Bu zorlu\u011fu<span class=\"excerpt-hellip\"> [\u2026]<\/span><\/p>\n","protected":false},"featured_media":0,"template":"","meta":{"_monsterinsights_skip_tracking":false,"_monsterinsights_sitenote_active":false,"_monsterinsights_sitenote_note":"","_monsterinsights_sitenote_category":0},"product_brand":[],"product_cat":[13043,17647],"product_tag":[],"class_list":{"0":"post-738023","1":"product","2":"type-product","3":"status-publish","5":"product_cat-ekonomi","6":"product_cat-is-dunyasi","7":"pa_cilt-ciltsiz","8":"pa_tur-kitap","9":"pa_yayinevi-sigma-akademi-yayinevi","10":"pa_yazar-yilmaz-altas","12":"first","13":"instock","14":"sale","15":"shipping-taxable","16":"purchasable","17":"product-type-simple"},"_links":{"self":[{"href":"https:\/\/roveyayinevi.com.tr\/index.php\/wp-json\/wp\/v2\/product\/738023","targetHints":{"allow":["GET"]}}],"collection":[{"href":"https:\/\/roveyayinevi.com.tr\/index.php\/wp-json\/wp\/v2\/product"}],"about":[{"href":"https:\/\/roveyayinevi.com.tr\/index.php\/wp-json\/wp\/v2\/types\/product"}],"wp:attachment":[{"href":"https:\/\/roveyayinevi.com.tr\/index.php\/wp-json\/wp\/v2\/media?parent=738023"}],"wp:term":[{"taxonomy":"product_brand","embeddable":true,"href":"https:\/\/roveyayinevi.com.tr\/index.php\/wp-json\/wp\/v2\/product_brand?post=738023"},{"taxonomy":"product_cat","embeddable":true,"href":"https:\/\/roveyayinevi.com.tr\/index.php\/wp-json\/wp\/v2\/product_cat?post=738023"},{"taxonomy":"product_tag","embeddable":true,"href":"https:\/\/roveyayinevi.com.tr\/index.php\/wp-json\/wp\/v2\/product_tag?post=738023"}],"curies":[{"name":"wp","href":"https:\/\/api.w.org\/{rel}","templated":true}]}}