{"id":738021,"date":"2025-08-27T23:40:31","date_gmt":"2025-08-27T20:40:31","guid":{"rendered":"https:\/\/roveyayinevi.com.tr\/index.php\/urun\/fantastik-okuryazarligi\/"},"modified":"2026-04-16T02:47:48","modified_gmt":"2026-04-15T23:47:48","slug":"fantastik-okuryazarligi","status":"publish","type":"product","link":"https:\/\/roveyayinevi.com.tr\/index.php\/urun\/fantastik-okuryazarligi\/","title":{"rendered":"Fantastik Okuryazarl\u0131\u011f\u0131"},"content":{"rendered":"<p>\u201cFantastik, ger\u00e7eklikten ka\u00e7ma yolu de\u011fil, onu anlaman\u0131n bir yoludur.\u201d \u2013 Lloyd Alexander   \u0130\u00e7imizdeki \u00e7ocuk t\u00fcm safl\u0131\u011f\u0131yla b\u00fcy\u00fcn\u00fcn var olmas\u0131n\u0131, k\u00f6t\u00fc giden \u015feyleri bir \u00e7\u0131rp\u0131da d\u00fczeltecek o sihrin ger\u00e7ekle\u015fmesini bekler. Ama yeti\u015fkin taraf\u0131m\u0131z d\u00fcnyan\u0131n karanl\u0131k bir yer oldu\u011funu, k\u00f6t\u00fcl\u00fc\u011f\u00fcn s\u0131kl\u0131kla kazand\u0131\u011f\u0131n\u0131 f\u0131s\u0131ldar kula\u011f\u0131m\u0131za. Bu ikircikli anlar\u0131n yarat\u0131c\u0131 zek\u00e2yla birle\u015fip bir hik\u00e2yeye d\u00f6n\u00fc\u015fmesi bizi fantastik janras\u0131na g\u00f6t\u00fcr\u00fcr. Peki, fantastik t\u00fcr\u00fcn\u00fc ger\u00e7ekten anlayabiliyor muyuz? Yap\u0131lan g\u00f6ndermelerin, \u00fczerine kuruldu\u011fu metaforlar\u0131n fark\u0131na vard\u0131\u011f\u0131m\u0131z bir okuma yapabiliyor muyuz? Fantastik hik\u00e2ye nedir? Bir hik\u00e2yenin fantastik olmas\u0131 i\u00e7in ihtiya\u00e7 duydu\u011fu \u00f6zellikler neler? Ka\u00e7 \u00e7e\u015fit fantastik hik\u00e2ye t\u00fcr\u00fc var? Fantastik hik\u00e2yeler nas\u0131l yaz\u0131l\u0131r? Bu ve buna benzer y\u00fczlerce sorunun en \u00f6nemli eserlerden \u00f6rneklerle a\u00e7\u0131kland\u0131\u011f\u0131 bu kitap sadece fantezi tarihini de\u011fil felsefesini de anlat\u0131yor. Homeros\u2019tan Dante\u2019ye, Lovecraft\u2019tan Tolkien\u2019e ve Le Guin\u2019e kadar fantastik edebiyat \u00fczerine yap\u0131lan tan\u0131m ve tart\u0131\u015fmalar\u0131 da i\u00e7eriyor. Bu t\u00fcre g\u00f6n\u00fcl vermi\u015f, okumaya ve seyretmeye merakl\u0131 herkese hitap ediyor. <\/p>\n","protected":false},"excerpt":{"rendered":"<p>\u201cFantastik, ger\u00e7eklikten ka\u00e7ma yolu de\u011fil, onu anlaman\u0131n bir yoludur.\u201d \u2013 Lloyd Alexander \u0130\u00e7imizdeki \u00e7ocuk t\u00fcm safl\u0131\u011f\u0131yla b\u00fcy\u00fcn\u00fcn var olmas\u0131n\u0131, k\u00f6t\u00fc giden \u015feyleri bir \u00e7\u0131rp\u0131da d\u00fczeltecek o<span class=\"excerpt-hellip\"> [\u2026]<\/span><\/p>\n","protected":false},"featured_media":0,"template":"","meta":{"_monsterinsights_skip_tracking":false,"_monsterinsights_sitenote_active":false,"_monsterinsights_sitenote_note":"","_monsterinsights_sitenote_category":0},"product_brand":[],"product_cat":[13072,12291],"product_tag":[],"class_list":{"0":"post-738021","1":"product","2":"type-product","3":"status-publish","5":"product_cat-arastirma-inceleme-referans","6":"product_cat-edebiyat","7":"pa_cilt-ciltsiz","8":"pa_tur-kitap","9":"pa_yayinevi-destek-yayinlari","10":"pa_yazar-zumrut-biyiklioglu","12":"first","13":"instock","14":"sale","15":"shipping-taxable","16":"purchasable","17":"product-type-simple"},"_links":{"self":[{"href":"https:\/\/roveyayinevi.com.tr\/index.php\/wp-json\/wp\/v2\/product\/738021","targetHints":{"allow":["GET"]}}],"collection":[{"href":"https:\/\/roveyayinevi.com.tr\/index.php\/wp-json\/wp\/v2\/product"}],"about":[{"href":"https:\/\/roveyayinevi.com.tr\/index.php\/wp-json\/wp\/v2\/types\/product"}],"wp:attachment":[{"href":"https:\/\/roveyayinevi.com.tr\/index.php\/wp-json\/wp\/v2\/media?parent=738021"}],"wp:term":[{"taxonomy":"product_brand","embeddable":true,"href":"https:\/\/roveyayinevi.com.tr\/index.php\/wp-json\/wp\/v2\/product_brand?post=738021"},{"taxonomy":"product_cat","embeddable":true,"href":"https:\/\/roveyayinevi.com.tr\/index.php\/wp-json\/wp\/v2\/product_cat?post=738021"},{"taxonomy":"product_tag","embeddable":true,"href":"https:\/\/roveyayinevi.com.tr\/index.php\/wp-json\/wp\/v2\/product_tag?post=738021"}],"curies":[{"name":"wp","href":"https:\/\/api.w.org\/{rel}","templated":true}]}}