{"id":738020,"date":"2025-08-27T23:40:29","date_gmt":"2025-08-27T20:40:29","guid":{"rendered":"https:\/\/roveyayinevi.com.tr\/index.php\/urun\/kucuk-balik-suruleri\/"},"modified":"2026-04-16T02:47:48","modified_gmt":"2026-04-15T23:47:48","slug":"kucuk-balik-suruleri","status":"publish","type":"product","link":"https:\/\/roveyayinevi.com.tr\/index.php\/urun\/kucuk-balik-suruleri\/","title":{"rendered":"K\u00fc\u00e7\u00fck Bal\u0131k S\u00fcr\u00fcleri"},"content":{"rendered":"<p>Biz, milyarlarca insan, okyanusta gezinen \u00fc\u00e7 be\u015f k\u00f6pekbal\u0131\u011f\u0131n\u0131n keyfine g\u00f6re savrulan, da\u011f\u0131lan, yok olan k\u00fc\u00e7\u00fck bal\u0131k s\u00fcr\u00fcleri gibiyiz.\u00c7\u0131karlar\u0131m\u0131z k\u00f6pekbal\u0131klar\u0131n\u0131n \u00e7\u0131karlar\u0131yla \u00e7at\u0131\u015fmad\u0131\u011f\u0131 s\u00fcrece kendimizi g\u00fcvende ve \u00f6zg\u00fcr hissediyoruz, \u00e7at\u0131\u015ft\u0131\u011f\u0131 anda bozgun, s\u00fcrg\u00fcn, \u00f6l\u00fcm\u2026K\u00fc\u00e7\u00fck Bal\u0131k S\u00fcr\u00fcleri, me\u015fhur bir edebiyat\u00e7\u0131 olma hayaliyle ya\u015fama tutunurken bir sabah ans\u0131z\u0131n i\u00e7ine d\u00fc\u015ft\u00fc\u011f\u00fc k\u00f6r labirentin karmakar\u0131\u015f\u0131k koridorlar\u0131nda y\u0131llarca ko\u015fturup \u00e7\u0131k\u0131\u015f aramaya \u00e7al\u0131\u015fan Ali\u2019nin, her d\u00f6neme\u00e7te ba\u015fka bir hayat hik\u00e2yesiyle kesi\u015ferek \u015fekillenen h\u00fcz\u00fcnl\u00fc, umutlu, korkun\u00e7 ve g\u00fcl\u00fcn\u00e7 ser\u00fcvenini anlat\u0131yor.Ahmet Aslan, d\u00fcnyay\u0131 ku\u015fatan ekonomik, hukuksal ve sosyal sorunlar temelinde kurgulad\u0131\u011f\u0131 bu ilk roman\u0131nda, varolu\u015f amac\u0131ndan uzakla\u015fan birey-devlet ili\u015fkilerinin insan\u0131 nas\u0131l karanl\u0131k bir \u00e7\u0131kmaza s\u00fcr\u00fckleyebilece\u011fini g\u00f6zler \u00f6n\u00fcne seriyor.K\u00fc\u00e7\u00fck Bal\u0131k S\u00fcr\u00fcleri, yeni bir edebiyat\u00e7\u0131y\u0131 m\u00fcjdeleyen, s\u00fcr\u00fckleyici bir ilk roman.<\/p>\n","protected":false},"excerpt":{"rendered":"<p>Biz, milyarlarca insan, okyanusta gezinen \u00fc\u00e7 be\u015f k\u00f6pekbal\u0131\u011f\u0131n\u0131n keyfine g\u00f6re savrulan, da\u011f\u0131lan, yok olan k\u00fc\u00e7\u00fck bal\u0131k s\u00fcr\u00fcleri gibiyiz.\u00c7\u0131karlar\u0131m\u0131z k\u00f6pekbal\u0131klar\u0131n\u0131n \u00e7\u0131karlar\u0131yla \u00e7at\u0131\u015fmad\u0131\u011f\u0131 s\u00fcrece kendimizi g\u00fcvende ve \u00f6zg\u00fcr<span class=\"excerpt-hellip\"> [\u2026]<\/span><\/p>\n","protected":false},"featured_media":0,"template":"","meta":{"_monsterinsights_skip_tracking":false,"_monsterinsights_sitenote_active":false,"_monsterinsights_sitenote_note":"","_monsterinsights_sitenote_category":0},"product_brand":[],"product_cat":[12291,12711],"product_tag":[],"class_list":{"0":"post-738020","1":"product","2":"type-product","3":"status-publish","5":"product_cat-edebiyat","6":"product_cat-roman-oyku","7":"pa_cilt-ciltsiz","8":"pa_tur-kitap","9":"pa_yayinevi-sahi-kitap","10":"pa_yazar-ahmet-aslan","12":"first","13":"instock","14":"sale","15":"shipping-taxable","16":"purchasable","17":"product-type-simple"},"_links":{"self":[{"href":"https:\/\/roveyayinevi.com.tr\/index.php\/wp-json\/wp\/v2\/product\/738020","targetHints":{"allow":["GET"]}}],"collection":[{"href":"https:\/\/roveyayinevi.com.tr\/index.php\/wp-json\/wp\/v2\/product"}],"about":[{"href":"https:\/\/roveyayinevi.com.tr\/index.php\/wp-json\/wp\/v2\/types\/product"}],"wp:attachment":[{"href":"https:\/\/roveyayinevi.com.tr\/index.php\/wp-json\/wp\/v2\/media?parent=738020"}],"wp:term":[{"taxonomy":"product_brand","embeddable":true,"href":"https:\/\/roveyayinevi.com.tr\/index.php\/wp-json\/wp\/v2\/product_brand?post=738020"},{"taxonomy":"product_cat","embeddable":true,"href":"https:\/\/roveyayinevi.com.tr\/index.php\/wp-json\/wp\/v2\/product_cat?post=738020"},{"taxonomy":"product_tag","embeddable":true,"href":"https:\/\/roveyayinevi.com.tr\/index.php\/wp-json\/wp\/v2\/product_tag?post=738020"}],"curies":[{"name":"wp","href":"https:\/\/api.w.org\/{rel}","templated":true}]}}