{"id":738017,"date":"2025-08-27T23:40:27","date_gmt":"2025-08-27T20:40:27","guid":{"rendered":"https:\/\/roveyayinevi.com.tr\/index.php\/urun\/siradaki-hamle\/"},"modified":"2026-04-16T02:47:48","modified_gmt":"2026-04-15T23:47:48","slug":"siradaki-hamle","status":"publish","type":"product","link":"https:\/\/roveyayinevi.com.tr\/index.php\/urun\/siradaki-hamle\/","title":{"rendered":"SIRADAK\u0130 HAMLE"},"content":{"rendered":"<p>Liderlerin meslek ya\u015fam\u0131ndaki en zorlu d\u00f6nemler, yeni g\u00f6revler \u00fcstlendiklerinde ya\u015fad\u0131klar\u0131 ge\u00e7i\u015f s\u00fcre\u00e7leridir. \u00d6\u011frenme e\u011frinizi h\u0131zla y\u00fckseltebilir, \u00f6nemli ki\u015filerle sa\u011flam ili\u015fkiler kurabilir ve ilk andan itibaren kayda de\u011fer ba\u015far\u0131lara imza atabilirseniz, yeni g\u00f6revinizde ge\u00e7irece\u011finiz s\u00fcrede bu ivmeyle yolunuza tam gaz devam edebilirsiniz. Ancak, ilk g\u00fcnlerde ataca\u011f\u0131n\u0131z yanl\u0131\u015f ad\u0131mlar, insanlar \u00fczerinde olumsuz bir etki yaratabilir. \u00d6zetlemek gerekirse bu kitap, zirveye \u00e7\u0131kan basamaklar\u0131 t\u0131rmanan her liderin kar\u015f\u0131la\u015fabilece\u011fi klasik ge\u00e7i\u015f s\u00fcreci zorluklar\u0131yla ba\u015f etmenin yollar\u0131n\u0131 g\u00f6steriyor. Kitap, genel olarak yazar\u0131n \u0130lk 90 G\u00fcn adl\u0131 \u00e7al\u0131\u015fmas\u0131n\u0131 esas alsa da ya\u015fad\u0131\u011f\u0131n\u0131z ve ileride ya\u015fayaca\u011f\u0131n\u0131z spesifik ge\u00e7i\u015f s\u00fcreci zorluklar\u0131n\u0131 daha ayr\u0131nt\u0131l\u0131 olarak ele al\u0131yor. Kitap size, bir sonraki hamlenizde ve hatta ondan sonrakilerde \u00fcst\u00fcn ba\u015far\u0131lara imza atman\u0131z\u0131 sa\u011flayacak tavsiye ve ara\u00e7lar\u0131 sa\u011flamay\u0131 vaat ediyor. Sayg\u0131lar\u0131m\u0131zla,<\/p>\n","protected":false},"excerpt":{"rendered":"<p>Liderlerin meslek ya\u015fam\u0131ndaki en zorlu d\u00f6nemler, yeni g\u00f6revler \u00fcstlendiklerinde ya\u015fad\u0131klar\u0131 ge\u00e7i\u015f s\u00fcre\u00e7leridir. \u00d6\u011frenme e\u011frinizi h\u0131zla y\u00fckseltebilir, \u00f6nemli ki\u015filerle sa\u011flam ili\u015fkiler kurabilir ve ilk andan itibaren kayda<span class=\"excerpt-hellip\"> [\u2026]<\/span><\/p>\n","protected":false},"featured_media":0,"template":"","meta":{"_monsterinsights_skip_tracking":false,"_monsterinsights_sitenote_active":false,"_monsterinsights_sitenote_note":"","_monsterinsights_sitenote_category":0},"product_brand":[],"product_cat":[14787,13488],"product_tag":[],"class_list":{"0":"post-738017","1":"product","2":"type-product","3":"status-publish","5":"product_cat-diger-toplum-ve-insan","6":"product_cat-toplum-ve-insan","7":"pa_cilt-ciltsiz","8":"pa_tur-kitap","9":"pa_yayinevi-optimist-yayin-dagitim","10":"pa_yazar-michael-watkins","12":"first","13":"instock","14":"sale","15":"shipping-taxable","16":"purchasable","17":"product-type-simple"},"_links":{"self":[{"href":"https:\/\/roveyayinevi.com.tr\/index.php\/wp-json\/wp\/v2\/product\/738017","targetHints":{"allow":["GET"]}}],"collection":[{"href":"https:\/\/roveyayinevi.com.tr\/index.php\/wp-json\/wp\/v2\/product"}],"about":[{"href":"https:\/\/roveyayinevi.com.tr\/index.php\/wp-json\/wp\/v2\/types\/product"}],"wp:attachment":[{"href":"https:\/\/roveyayinevi.com.tr\/index.php\/wp-json\/wp\/v2\/media?parent=738017"}],"wp:term":[{"taxonomy":"product_brand","embeddable":true,"href":"https:\/\/roveyayinevi.com.tr\/index.php\/wp-json\/wp\/v2\/product_brand?post=738017"},{"taxonomy":"product_cat","embeddable":true,"href":"https:\/\/roveyayinevi.com.tr\/index.php\/wp-json\/wp\/v2\/product_cat?post=738017"},{"taxonomy":"product_tag","embeddable":true,"href":"https:\/\/roveyayinevi.com.tr\/index.php\/wp-json\/wp\/v2\/product_tag?post=738017"}],"curies":[{"name":"wp","href":"https:\/\/api.w.org\/{rel}","templated":true}]}}