{"id":738016,"date":"2025-08-27T23:40:26","date_gmt":"2025-08-27T20:40:26","guid":{"rendered":"https:\/\/roveyayinevi.com.tr\/index.php\/urun\/pazarlama-ve-urun-inovasyonunda-yapay-zeka\/"},"modified":"2026-04-16T02:47:48","modified_gmt":"2026-04-15T23:47:48","slug":"pazarlama-ve-urun-inovasyonunda-yapay-zeka","status":"publish","type":"product","link":"https:\/\/roveyayinevi.com.tr\/index.php\/urun\/pazarlama-ve-urun-inovasyonunda-yapay-zeka\/","title":{"rendered":"Pazarlama ve \u00dcr\u00fcn \u0130novasyonunda Yapay Zeka"},"content":{"rendered":"<p>Yapay zek\u00e2 ve B\u00fcy\u00fck Veri alanlar\u0131ndaki geli\u015fmeler, t\u00fcm sekt\u00f6rlerde etkisini hissettirmeye ba\u015flad\u0131. Son y\u0131llara damgas\u0131n\u0131 vuran iki kavram, inovasyon ve dijital d\u00f6n\u00fc\u015f\u00fcm oldu. \u00dcstelik herkesin hemfikir oldu\u011fu gibi, hen\u00fcz yolun ba\u015f\u0131nday\u0131z. Koronavir\u00fcsle birlikte hayat\u0131m\u0131z h\u0131zla dijitalle\u015fiyor, al\u0131\u015fkanl\u0131klar\u0131m\u0131z yeniden \u015fekilleniyor. Pek \u00e7ok olumsuzlu\u011fun yan\u0131nda i\u015fbirli\u011finin, dayan\u0131\u015fman\u0131n, yard\u0131mla\u015fman\u0131n ve duygusal dayan\u0131kl\u0131l\u0131\u011f\u0131n \u00f6ne \u00e7\u0131kt\u0131\u011f\u0131 g\u00fcnler ya\u015f\u0131yoruz. Pazarlama ve \u00fcr\u00fcn imalat\u0131nda da bir d\u00f6n\u00fc\u015f\u00fcm ya\u015fan\u0131yor. Geleneksel y\u00f6ntemler yeni ara\u00e7larla g\u00fc\u00e7 kazan\u0131yor, kimi zaman tamamen terk ediliyor. Trendleri \u00f6ng\u00f6rmek, m\u00fc\u015fterilerle g\u00fc\u00e7l\u00fc ba\u011flar kurmak hi\u00e7 olmad\u0131\u011f\u0131 kadar \u00f6nemli hale geliyor. Pazarlama ve \u00dcr\u00fcn \u0130novasyonunda Yapay Zek\u00e2, yeni d\u00f6nemin gerektirdi\u011fi becerileri kazanmam\u0131za yard\u0131mc\u0131 oluyor. Pradeep, Appel ve Sthanunathan okuyucu dostu bir dille, yapay zek\u00e2 ve makine \u00f6\u011frenmesini, B\u00fcy\u00fck Veri ve yeni algoritmalar\u0131 anlamam\u0131z\u0131 sa\u011fl\u0131yor.<\/p>\n","protected":false},"excerpt":{"rendered":"<p>Yapay zek\u00e2 ve B\u00fcy\u00fck Veri alanlar\u0131ndaki geli\u015fmeler, t\u00fcm sekt\u00f6rlerde etkisini hissettirmeye ba\u015flad\u0131. Son y\u0131llara damgas\u0131n\u0131 vuran iki kavram, inovasyon ve dijital d\u00f6n\u00fc\u015f\u00fcm oldu. \u00dcstelik herkesin hemfikir<span class=\"excerpt-hellip\"> [\u2026]<\/span><\/p>\n","protected":false},"featured_media":0,"template":"","meta":{"_monsterinsights_skip_tracking":false,"_monsterinsights_sitenote_active":false,"_monsterinsights_sitenote_note":"","_monsterinsights_sitenote_category":0},"product_brand":[],"product_cat":[13043,17492],"product_tag":[],"class_list":{"0":"post-738016","1":"product","2":"type-product","3":"status-publish","5":"product_cat-ekonomi","6":"product_cat-pazarlama-satis-reklam","7":"pa_cilt-ciltli","8":"pa_tur-kitap","9":"pa_yayinevi-optimist-yayin-dagitim","10":"pa_yazar-a-k-pradeep","12":"first","13":"instock","14":"sale","15":"shipping-taxable","16":"purchasable","17":"product-type-simple"},"_links":{"self":[{"href":"https:\/\/roveyayinevi.com.tr\/index.php\/wp-json\/wp\/v2\/product\/738016","targetHints":{"allow":["GET"]}}],"collection":[{"href":"https:\/\/roveyayinevi.com.tr\/index.php\/wp-json\/wp\/v2\/product"}],"about":[{"href":"https:\/\/roveyayinevi.com.tr\/index.php\/wp-json\/wp\/v2\/types\/product"}],"wp:attachment":[{"href":"https:\/\/roveyayinevi.com.tr\/index.php\/wp-json\/wp\/v2\/media?parent=738016"}],"wp:term":[{"taxonomy":"product_brand","embeddable":true,"href":"https:\/\/roveyayinevi.com.tr\/index.php\/wp-json\/wp\/v2\/product_brand?post=738016"},{"taxonomy":"product_cat","embeddable":true,"href":"https:\/\/roveyayinevi.com.tr\/index.php\/wp-json\/wp\/v2\/product_cat?post=738016"},{"taxonomy":"product_tag","embeddable":true,"href":"https:\/\/roveyayinevi.com.tr\/index.php\/wp-json\/wp\/v2\/product_tag?post=738016"}],"curies":[{"name":"wp","href":"https:\/\/api.w.org\/{rel}","templated":true}]}}