{"id":738013,"date":"2025-08-27T23:40:24","date_gmt":"2025-08-27T20:40:24","guid":{"rendered":"https:\/\/roveyayinevi.com.tr\/index.php\/urun\/yapay-zeka-devrimi\/"},"modified":"2026-04-16T02:47:47","modified_gmt":"2026-04-15T23:47:47","slug":"yapay-zeka-devrimi","status":"publish","type":"product","link":"https:\/\/roveyayinevi.com.tr\/index.php\/urun\/yapay-zeka-devrimi\/","title":{"rendered":"Yapay Zeka Devrimi"},"content":{"rendered":"<p>Dev \u00e7okuluslu firmalardan k\u00fc\u00e7\u00fck yerel i\u015fletmelere kadar her \u015firket yapay zek\u00e2 devrimine haz\u0131rlanmak zorundad\u0131r. Yapay Zek\u00e2 Devrimi, yapay zek\u00e2n\u0131n i\u015f ya\u015fam\u0131n\u0131 nas\u0131l etkileyece\u011fini a\u00e7\u0131kl\u0131yor ve i\u015finizi yapay zek\u00e2 kullanmaya nas\u0131l haz\u0131rlayaca\u011f\u0131n\u0131z\u0131 g\u00f6steriyor.Yapay zek\u00e2, m\u00fc\u015fterilerle ak\u0131ll\u0131 ba\u011flant\u0131lar kurmak, ak\u0131ll\u0131 \u00fcr\u00fcnler ve daha iyi d\u00fc\u015f\u00fcn\u00fclm\u00fc\u015f hizmetler geli\u015ftirmek, s\u00fcre\u00e7leri otomatikle\u015ftirmek, iyile\u015ftirmek ve sonunda daha ba\u015far\u0131l\u0131 bir i\u015f in\u015fa etmek i\u00e7in heyecan verici yeni olanaklar sunuyor.Yapay Zek\u00e2 Devrimi, size, i\u015finizi ba\u015far\u0131dan ba\u015far\u0131ya ta\u015f\u0131mak, performans\u0131 iyile\u015ftirmek ve daha g\u00fc\u00e7l\u00fc bir \u015firket yaratmak i\u00e7in gereken bilgi ve ara\u00e7lar\u0131 veriyor.\u201cYapay Zek\u00e2 Devrimi, faaliyetlerini yapay zek\u00e2yla t\u00fcm\u00fcyle d\u00f6n\u00fc\u015ft\u00fcrmek isteyen i\u015f liderleri i\u00e7in eksiksiz bir rehber. Kitap, yapay zek\u00e2y\u0131 hayata ge\u00e7irecek b\u00fct\u00fcnsel bir \u015firket stratejisi belirlemek ve uygulamak i\u00e7in kapsaml\u0131 bir \u00e7er\u00e7eve sunuyor.\u201dDavid Carmona, Microsoft Yapay Zek\u00e2 Genel M\u00fcd\u00fcr\u00fc\u201cBu ba\u015f d\u00f6nd\u00fcr\u00fcc\u00fc AI kullan\u0131m ve geli\u015ftirmeleri yelpazesi kar\u015f\u0131s\u0131nda, bu teknolojiyi bizlere tan\u0131tan ve i\u015fimizde nas\u0131l kullanabilece\u011fimizi g\u00f6steren b\u00f6yle dosdo\u011fru bir rehbere sahip olmak harika bir \u015fey. Yapay Zek\u00e2 Devrimi, AI gelece\u011finde yer almak isteyen her y\u00f6neticinin mutlaka okumas\u0131 gereken bir kitap.\u201dGary Shapiro, Consumer Technology Association Ba\u015fkan ve CEO\u2019suSayg\u0131lar\u0131m\u0131zla,<\/p>\n","protected":false},"excerpt":{"rendered":"<p>Dev \u00e7okuluslu firmalardan k\u00fc\u00e7\u00fck yerel i\u015fletmelere kadar her \u015firket yapay zek\u00e2 devrimine haz\u0131rlanmak zorundad\u0131r. Yapay Zek\u00e2 Devrimi, yapay zek\u00e2n\u0131n i\u015f ya\u015fam\u0131n\u0131 nas\u0131l etkileyece\u011fini a\u00e7\u0131kl\u0131yor ve i\u015finizi<span class=\"excerpt-hellip\"> [\u2026]<\/span><\/p>\n","protected":false},"featured_media":0,"template":"","meta":{"_monsterinsights_skip_tracking":false,"_monsterinsights_sitenote_active":false,"_monsterinsights_sitenote_note":"","_monsterinsights_sitenote_category":0},"product_brand":[],"product_cat":[13043,17647],"product_tag":[],"class_list":{"0":"post-738013","1":"product","2":"type-product","3":"status-publish","5":"product_cat-ekonomi","6":"product_cat-is-dunyasi","7":"pa_cilt-ciltsiz","8":"pa_tur-kitap","9":"pa_yayinevi-optimist-yayin-dagitim","10":"pa_yazar-bernard-marr","12":"first","13":"instock","14":"sale","15":"shipping-taxable","16":"purchasable","17":"product-type-simple"},"_links":{"self":[{"href":"https:\/\/roveyayinevi.com.tr\/index.php\/wp-json\/wp\/v2\/product\/738013","targetHints":{"allow":["GET"]}}],"collection":[{"href":"https:\/\/roveyayinevi.com.tr\/index.php\/wp-json\/wp\/v2\/product"}],"about":[{"href":"https:\/\/roveyayinevi.com.tr\/index.php\/wp-json\/wp\/v2\/types\/product"}],"wp:attachment":[{"href":"https:\/\/roveyayinevi.com.tr\/index.php\/wp-json\/wp\/v2\/media?parent=738013"}],"wp:term":[{"taxonomy":"product_brand","embeddable":true,"href":"https:\/\/roveyayinevi.com.tr\/index.php\/wp-json\/wp\/v2\/product_brand?post=738013"},{"taxonomy":"product_cat","embeddable":true,"href":"https:\/\/roveyayinevi.com.tr\/index.php\/wp-json\/wp\/v2\/product_cat?post=738013"},{"taxonomy":"product_tag","embeddable":true,"href":"https:\/\/roveyayinevi.com.tr\/index.php\/wp-json\/wp\/v2\/product_tag?post=738013"}],"curies":[{"name":"wp","href":"https:\/\/api.w.org\/{rel}","templated":true}]}}