{"id":738010,"date":"2025-08-27T23:40:22","date_gmt":"2025-08-27T20:40:22","guid":{"rendered":"https:\/\/roveyayinevi.com.tr\/index.php\/urun\/yeni-yonetici-hbrs\/"},"modified":"2026-04-16T02:47:47","modified_gmt":"2026-04-15T23:47:47","slug":"yeni-yonetici-hbrs","status":"publish","type":"product","link":"https:\/\/roveyayinevi.com.tr\/index.php\/urun\/yeni-yonetici-hbrs\/","title":{"rendered":"Yeni Y\u00f6netici &#8211; HBRS"},"content":{"rendered":"<p>\u0130\u015f d\u00fcnyas\u0131nda da de\u011fi\u015fmeyen tek \u015fey de\u011fi\u015fimdir. Ya kendimizi buna adapte etmeli ya da demode olmay\u0131, daha k\u00f6t\u00fcs\u00fc, yok olmay\u0131 g\u00f6ze almal\u0131y\u0131z. Lider olma s\u00fcreci heyecan verse de, s\u00fcrekli \u00f6\u011frenmeye ve kendini geli\u015ftirmeye dayal\u0131, zahmetli bir yolculuktur. Linda Hill, Michael Watkins ve Carol Walker gibi alan\u0131n\u0131n \u00f6nc\u00fc isimlerinden alaca\u011f\u0131n\u0131z y\u00f6netim fikirleriyle, b\u00fcy\u00fck yar\u0131\u015fta bir ad\u0131m \u00f6ne ge\u00e7eceksiniz. Y\u00f6netim alan\u0131n\u0131n en etkili uzmanlar\u0131n\u0131n Harvard Business Review\u2019den derlenen 10 makalesi, de\u011fi\u015fimle ba\u015fa \u00e7\u0131kmak zorunda olan her y\u00f6netici i\u00e7in alt\u0131n de\u011ferinde. Bu kitapta hem kendilerini hem de \u015firketlerini de\u011fi\u015fime haz\u0131rlamak isteyen y\u00f6neticilerin ihtiya\u00e7lar\u0131n\u0131 kar\u015f\u0131layacak fikirleri bulacaks\u0131n\u0131z.HBR\u2019s 10 Must Reads, hem yeni hem de deneyimli y\u00f6neticiler i\u00e7in muazzam bir kaynak niteli\u011finde. Kendilerinin ve \u015firketlerinin b\u00fcy\u00fcmesi i\u00e7in b\u00fcy\u00fck fikirler pe\u015finde ko\u015fan y\u00f6neticilerin daha fazla terlemesine gerek kalmad\u0131.HBR\u2019s 10 Must Reads, her y\u00f6neticinin bilmesi gereken en \u00f6nemli konulara odaklan\u0131yor. Harvard Business Review\u2019in y\u00fczlerce makalesi aras\u0131ndan se\u00e7ilen Yeni Y\u00f6netici, zamana meydan okuyan fikirlerle g\u00fcn\u00fcm\u00fcz i\u015f d\u00fcnyas\u0131n\u0131n yoluna \u0131\u015f\u0131k tutuyor.<\/p>\n","protected":false},"excerpt":{"rendered":"<p>\u0130\u015f d\u00fcnyas\u0131nda da de\u011fi\u015fmeyen tek \u015fey de\u011fi\u015fimdir. Ya kendimizi buna adapte etmeli ya da demode olmay\u0131, daha k\u00f6t\u00fcs\u00fc, yok olmay\u0131 g\u00f6ze almal\u0131y\u0131z. Lider olma s\u00fcreci heyecan<span class=\"excerpt-hellip\"> [\u2026]<\/span><\/p>\n","protected":false},"featured_media":0,"template":"","meta":{"_monsterinsights_skip_tracking":false,"_monsterinsights_sitenote_active":false,"_monsterinsights_sitenote_note":"","_monsterinsights_sitenote_category":0},"product_brand":[],"product_cat":[13043,19008],"product_tag":[],"class_list":{"0":"post-738010","1":"product","2":"type-product","3":"status-publish","5":"product_cat-ekonomi","6":"product_cat-yonetim","7":"pa_cilt-ciltsiz","8":"pa_tur-kitap","9":"pa_yayinevi-optimist-yayin-dagitim","10":"pa_yazar-optimist-kolektif","12":"first","13":"instock","14":"sale","15":"shipping-taxable","16":"purchasable","17":"product-type-simple"},"_links":{"self":[{"href":"https:\/\/roveyayinevi.com.tr\/index.php\/wp-json\/wp\/v2\/product\/738010","targetHints":{"allow":["GET"]}}],"collection":[{"href":"https:\/\/roveyayinevi.com.tr\/index.php\/wp-json\/wp\/v2\/product"}],"about":[{"href":"https:\/\/roveyayinevi.com.tr\/index.php\/wp-json\/wp\/v2\/types\/product"}],"wp:attachment":[{"href":"https:\/\/roveyayinevi.com.tr\/index.php\/wp-json\/wp\/v2\/media?parent=738010"}],"wp:term":[{"taxonomy":"product_brand","embeddable":true,"href":"https:\/\/roveyayinevi.com.tr\/index.php\/wp-json\/wp\/v2\/product_brand?post=738010"},{"taxonomy":"product_cat","embeddable":true,"href":"https:\/\/roveyayinevi.com.tr\/index.php\/wp-json\/wp\/v2\/product_cat?post=738010"},{"taxonomy":"product_tag","embeddable":true,"href":"https:\/\/roveyayinevi.com.tr\/index.php\/wp-json\/wp\/v2\/product_tag?post=738010"}],"curies":[{"name":"wp","href":"https:\/\/api.w.org\/{rel}","templated":true}]}}