{"id":738009,"date":"2025-08-27T23:40:21","date_gmt":"2025-08-27T20:40:21","guid":{"rendered":"https:\/\/roveyayinevi.com.tr\/index.php\/urun\/yoneticinin-el-kitabi\/"},"modified":"2026-04-16T02:47:47","modified_gmt":"2026-04-15T23:47:47","slug":"yoneticinin-el-kitabi","status":"publish","type":"product","link":"https:\/\/roveyayinevi.com.tr\/index.php\/urun\/yoneticinin-el-kitabi\/","title":{"rendered":"Y\u00f6neticinin El Kitab\u0131"},"content":{"rendered":"<p>Ba\u015far\u0131l\u0131 ve g\u00fc\u00e7l\u00fc bir lider olmak i\u00e7in her g\u00fcn \u00f6n\u00fcn\u00fcze dikilen problemleri \u00e7\u00f6zmeniz gerekir. Kurumsal s\u00fcre\u00e7leri g\u00f6zden ge\u00e7irmeli, b\u00fct\u00e7e olu\u015fturmal\u0131, g\u00f6revleri do\u011fru ki\u015filere payla\u015ft\u0131rmal\u0131s\u0131n\u0131z. \u0130\u015f dedi\u011fimiz \u015feyin ki\u015fisel boyutu da \u00e7ok g\u00fc\u00e7l\u00fcd\u00fcr. Yeri gelir bir \u00e7al\u0131\u015fana ko\u00e7luk yapars\u0131n\u0131z, yeri gelir \u00fcst\u00fcn\u00fczle bir meseleyi tart\u0131\u015f\u0131rs\u0131n\u0131z. Bu tip her t\u00fcrl\u00fc durumda g\u00f6reviniz, empati kurman\u0131z\u0131, g\u00fc\u00e7l\u00fckleri yenmenizi ve mutlaka ama mutlaka bir ama\u00e7 g\u00fctmenizi gerektirir. Ba\u015far\u0131l\u0131 olmak i\u00e7in pratik becerilerinizi geli\u015ftirmelisiniz. Bunu da i\u00e7inize d\u00f6nerek, ki\u015fisel geli\u015fiminize yat\u0131r\u0131m yaparak yapmal\u0131s\u0131n\u0131z.Elinizdeki kitap, size bu konularda pratik ipu\u00e7lar\u0131 ve y\u00f6ntemler sunuyor. Kitapta ayr\u0131ca, g\u00fcndelik ba\u015far\u0131n\u0131z ve mesleki geli\u015fiminiz a\u00e7\u0131s\u0131ndan \u00f6nemli konularda k\u0131sa a\u00e7\u0131klamalara da yer verdik. Harvard Business Review dergisi yazarlar\u0131n\u0131n uzmanl\u0131klar\u0131na dayan\u0131larak haz\u0131rlanan bu kitap, hem klasik makaleler hem de yeni fikir ve ara\u015ft\u0131rmalardan elde edilen temel kavramlar\u0131 ve en iyi uygulamalar\u0131 i\u00e7eriyor.Bir lider olarak kendi geli\u015fiminize yat\u0131r\u0131m yapt\u0131\u011f\u0131n\u0131zda, ba\u015fkalar\u0131n\u0131n hayat\u0131n\u0131 etkileme g\u00fcc\u00fcn\u00fcz\u00fcn ne kadar fazla oldu\u011funu anlamaya ba\u015flars\u0131n\u0131z. Ba\u015far\u0131 kriterleriniz art\u0131k \u015firketinizde imza att\u0131\u011f\u0131n\u0131z inovasyon, geli\u015fimindeki pay\u0131n\u0131z ve t\u00fcm sekt\u00f6r\u00fc etkileyen, alt\u0131nda imzan\u0131z bulunan yeniliklerdir. \u00d6d\u00fcl\u00fcn\u00fcz\u00fc aray\u0131p bulaca\u011f\u0131n\u0131z yer \u015firketinizin ba\u015far\u0131s\u0131 veya ba\u015far\u0131s\u0131zl\u0131\u011f\u0131 etraf\u0131ndaki ekosistemdir. O \u00f6d\u00fcllerse katk\u0131da bulundu\u011funuz ekonomik geli\u015fme, hizmet sundu\u011funuz m\u00fc\u015fteriler veya deste\u011finizi verdi\u011finiz insan topluluklar\u0131d\u0131r. Di\u011fer taraftan, liderli\u011finizin etkisini sizin i\u00e7in \u00e7al\u0131\u015fan ki\u015filerin mesleki ve \u00f6zel hayatlar\u0131nda ve elde ettikleri ba\u015far\u0131larda da g\u00f6rebilirsiniz.<\/p>\n","protected":false},"excerpt":{"rendered":"<p>Ba\u015far\u0131l\u0131 ve g\u00fc\u00e7l\u00fc bir lider olmak i\u00e7in her g\u00fcn \u00f6n\u00fcn\u00fcze dikilen problemleri \u00e7\u00f6zmeniz gerekir. Kurumsal s\u00fcre\u00e7leri g\u00f6zden ge\u00e7irmeli, b\u00fct\u00e7e olu\u015fturmal\u0131, g\u00f6revleri do\u011fru ki\u015filere payla\u015ft\u0131rmal\u0131s\u0131n\u0131z. \u0130\u015f dedi\u011fimiz<span class=\"excerpt-hellip\"> [\u2026]<\/span><\/p>\n","protected":false},"featured_media":0,"template":"","meta":{"_monsterinsights_skip_tracking":false,"_monsterinsights_sitenote_active":false,"_monsterinsights_sitenote_note":"","_monsterinsights_sitenote_category":0},"product_brand":[],"product_cat":[13043,17647],"product_tag":[],"class_list":{"0":"post-738009","1":"product","2":"type-product","3":"status-publish","5":"product_cat-ekonomi","6":"product_cat-is-dunyasi","7":"pa_cilt-ciltsiz","8":"pa_tur-kitap","9":"pa_yayinevi-optimist-yayin-dagitim","10":"pa_yazar-utku-umut-bulsun","12":"first","13":"instock","14":"sale","15":"shipping-taxable","16":"purchasable","17":"product-type-simple"},"_links":{"self":[{"href":"https:\/\/roveyayinevi.com.tr\/index.php\/wp-json\/wp\/v2\/product\/738009","targetHints":{"allow":["GET"]}}],"collection":[{"href":"https:\/\/roveyayinevi.com.tr\/index.php\/wp-json\/wp\/v2\/product"}],"about":[{"href":"https:\/\/roveyayinevi.com.tr\/index.php\/wp-json\/wp\/v2\/types\/product"}],"wp:attachment":[{"href":"https:\/\/roveyayinevi.com.tr\/index.php\/wp-json\/wp\/v2\/media?parent=738009"}],"wp:term":[{"taxonomy":"product_brand","embeddable":true,"href":"https:\/\/roveyayinevi.com.tr\/index.php\/wp-json\/wp\/v2\/product_brand?post=738009"},{"taxonomy":"product_cat","embeddable":true,"href":"https:\/\/roveyayinevi.com.tr\/index.php\/wp-json\/wp\/v2\/product_cat?post=738009"},{"taxonomy":"product_tag","embeddable":true,"href":"https:\/\/roveyayinevi.com.tr\/index.php\/wp-json\/wp\/v2\/product_tag?post=738009"}],"curies":[{"name":"wp","href":"https:\/\/api.w.org\/{rel}","templated":true}]}}