{"id":738008,"date":"2025-08-27T23:40:20","date_gmt":"2025-08-27T20:40:20","guid":{"rendered":"https:\/\/roveyayinevi.com.tr\/index.php\/urun\/resilience\/"},"modified":"2026-04-16T02:47:47","modified_gmt":"2026-04-15T23:47:47","slug":"resilience","status":"publish","type":"product","link":"https:\/\/roveyayinevi.com.tr\/index.php\/urun\/resilience\/","title":{"rendered":"Resilience"},"content":{"rendered":"<p>ResilienceHarvard Business ReviewDuygusal dayan\u0131kl\u0131l\u0131\u011f\u0131n\u0131z\u0131 art\u0131r\u0131nHarvard Business Review Duygusal Zeka Serisi\u2019nde yer alan Resilience; duygusal dayan\u0131kl\u0131l\u0131\u011f\u0131n\u0131z\u0131 art\u0131rmaya ve zorluklar kar\u015f\u0131s\u0131nda daha esnek olabilmenize, ald\u0131\u011f\u0131n\u0131z darbelerden daha az etkilenip yeniden aya\u011fa kalkabilmenize yard\u0131mc\u0131 olacak rehber niteli\u011finde bir kitap\u2026Alt\u0131 kitaptan olu\u015fan HBR Duygusal Zeka Serisi, okuyucuya profesyonel ya\u015fam\u0131n insani taraf\u0131 \u00fczerine ak\u0131ll\u0131 ve esasl\u0131 bir okuma se\u00e7kisi sunuyor.Dizide yer alan Resilience, Mindfulness, Mutluluk, Empati, \u0130kna ve \u00d6zg\u00fcn Liderlik gibi kitaplarla alan\u0131nda uzaman onlarca yazar, duygular\u0131m\u0131z\u0131n i\u015f hayat\u0131n\u0131 nas\u0131l etkiledi\u011fini \u00e7e\u015fitli ara\u015ft\u0131rmalara dayanarak anlat\u0131yor.Serinin, i\u015f ya\u015fam\u0131nda kar\u015f\u0131la\u015f\u0131lan zorluklara kar\u015f\u0131 duygusal dayan\u0131kl\u0131l\u0131\u011f\u0131 art\u0131rmaya y\u00f6nelik kitab\u0131 Resilience\u2019ta, alan\u0131nda uzman yazar ve ara\u015ft\u0131rmac\u0131lar\u0131n \u00e7e\u015fitli makaleleri derlendi. Baz\u0131 insanlar g\u00fcnl\u00fck aksakl\u0131klardan, profesyonel krizlerden ve hatta yo\u011fun ki\u015fisel travmalardan sonra nas\u0131l h\u0131zla aya\u011fa kalkar? Diane Cotu Duygusal Esneklik Nedir?ba\u015fl\u0131kl\u0131 makalesinde duygusal dayan\u0131kl\u0131l\u0131\u011f\u0131 tan\u0131mlarken, bu soruya cevap ar\u0131yor. Daniel Goleman, kitab\u0131n Herkes \u0130\u00e7in Duygusal Dayan\u0131kl\u0131l\u0131k b\u00f6l\u00fcm\u00fcnde dayan\u0131kl\u0131l\u0131\u011f\u0131n\u0131z\u0131 art\u0131rman\u0131n pratik yollar\u0131n\u0131 anlat\u0131yor. Shelia Heen ve Douglas Stone\u2019nun birlikte kaleme ald\u0131\u011f\u0131 Ele\u015ftiriden Ders Almak yaz\u0131s\u0131nda geli\u015fmenin yolunun geribildirimden ve ele\u015ftiriden ge\u00e7ti\u011fine, ele\u015ftiriyi y\u0131k\u0131c\u0131 de\u011fil g\u00fc\u00e7lendirici bir ara\u00e7 olarak d\u00fc\u015f\u00fcnmenin \u00f6nemine i\u015faret ediyor.B\u00fcy\u00fck Liderler Felaketleri Nas\u0131l Atlat\u0131r? isimli makalede Jeffrey A.Sonnenfeld ve Andrew J. Ward; Resilience\u2019\u0131n zorlu yolunda i\u015f d\u00fcnyas\u0131ndan ve politikadan ilham veren \u00f6rnekler sunuyor.Bu kitap size, m\u00fccadeleden daha g\u00fc\u00e7l\u00fc \u00e7\u0131kmak ve g\u00fcnl\u00fck hayat\u0131n stresine dayanmak i\u00e7in beyninizi e\u011fitmenize, b\u00fcy\u00fck krizlerin ard\u0131ndan kariyerinizi yeniden yap\u0131land\u0131rabilmenize yard\u0131mc\u0131 olacak ipu\u00e7lar\u0131n\u0131 anlat\u0131yor.<\/p>\n","protected":false},"excerpt":{"rendered":"<p>ResilienceHarvard Business ReviewDuygusal dayan\u0131kl\u0131l\u0131\u011f\u0131n\u0131z\u0131 art\u0131r\u0131nHarvard Business Review Duygusal Zeka Serisi\u2019nde yer alan Resilience; duygusal dayan\u0131kl\u0131l\u0131\u011f\u0131n\u0131z\u0131 art\u0131rmaya ve zorluklar kar\u015f\u0131s\u0131nda daha esnek olabilmenize, ald\u0131\u011f\u0131n\u0131z darbelerden daha az<span class=\"excerpt-hellip\"> [\u2026]<\/span><\/p>\n","protected":false},"featured_media":0,"template":"","meta":{"_monsterinsights_skip_tracking":false,"_monsterinsights_sitenote_active":false,"_monsterinsights_sitenote_note":"","_monsterinsights_sitenote_category":0},"product_brand":[],"product_cat":[13043,17647],"product_tag":[],"class_list":{"0":"post-738008","1":"product","2":"type-product","3":"status-publish","5":"product_cat-ekonomi","6":"product_cat-is-dunyasi","7":"pa_cilt-ciltsiz","8":"pa_tur-kitap","9":"pa_yayinevi-optimist-yayin-dagitim","10":"pa_yazar-optimist-kolektif","12":"first","13":"instock","14":"sale","15":"shipping-taxable","16":"purchasable","17":"product-type-simple"},"_links":{"self":[{"href":"https:\/\/roveyayinevi.com.tr\/index.php\/wp-json\/wp\/v2\/product\/738008","targetHints":{"allow":["GET"]}}],"collection":[{"href":"https:\/\/roveyayinevi.com.tr\/index.php\/wp-json\/wp\/v2\/product"}],"about":[{"href":"https:\/\/roveyayinevi.com.tr\/index.php\/wp-json\/wp\/v2\/types\/product"}],"wp:attachment":[{"href":"https:\/\/roveyayinevi.com.tr\/index.php\/wp-json\/wp\/v2\/media?parent=738008"}],"wp:term":[{"taxonomy":"product_brand","embeddable":true,"href":"https:\/\/roveyayinevi.com.tr\/index.php\/wp-json\/wp\/v2\/product_brand?post=738008"},{"taxonomy":"product_cat","embeddable":true,"href":"https:\/\/roveyayinevi.com.tr\/index.php\/wp-json\/wp\/v2\/product_cat?post=738008"},{"taxonomy":"product_tag","embeddable":true,"href":"https:\/\/roveyayinevi.com.tr\/index.php\/wp-json\/wp\/v2\/product_tag?post=738008"}],"curies":[{"name":"wp","href":"https:\/\/api.w.org\/{rel}","templated":true}]}}