{"id":738007,"date":"2025-08-27T23:40:19","date_gmt":"2025-08-27T20:40:19","guid":{"rendered":"https:\/\/roveyayinevi.com.tr\/index.php\/urun\/verimlilik-savaslari\/"},"modified":"2026-04-13T02:55:40","modified_gmt":"2026-04-12T23:55:40","slug":"verimlilik-savaslari","status":"publish","type":"product","link":"https:\/\/roveyayinevi.com.tr\/index.php\/urun\/verimlilik-savaslari\/","title":{"rendered":"Verimlilik Sava\u015flar\u0131"},"content":{"rendered":"<p>\u201cSahada sonu\u00e7 odakl\u0131 ve fabrika \u00e7al\u0131\u015fanlar\u0131 ile birlikte yap\u0131lan Kaizen \u00e7al\u0131\u015fmalar\u0131 sayesinde verimlili\u011fimizin artmas\u0131na ilave olarak yeni bir \u00fcretim k\u00fclt\u00fcr\u00fcne ad\u0131m att\u0131k. Kaizen \u00e7al\u0131\u015fmalar\u0131n\u0131n ba\u015flang\u0131c\u0131nda de\u011fi\u015fime direnen \u00e7al\u0131\u015fanlar\u0131n Kaizen kapsam\u0131nda teklif yapma a\u015famas\u0131na gelmesi mayan\u0131n tuttu\u011funu g\u00f6steriyor. Bu \u00e7al\u0131\u015fmalar kapsam\u0131nda fabrikam\u0131z\u0131n \u00e7ok az bir maliyetle d\u00fcnyadaki en yeni sistemlerle donat\u0131lm\u0131\u015f \u00fcretim tesisleri seviyesine getirilmi\u015f olmas\u0131 tesis modernizasyonu i\u00e7in de \u00e7ok g\u00fczel bir \u00f6rnek oldu.\u201c- T\u00dcMOSAN Genel M\u00fcd\u00fcr\u00fc Kurtulu\u015f \u00d6\u011f\u00fcn\u201cBeraberce kendi i\u00e7imizde tasarlayarak \u00fcretip kurdu\u011fumuz ve hayata ge\u00e7irdi\u011fimiz ergonomi, el becerisi ve e\u011fitim stantlar\u0131, sekt\u00f6r\u00fcnde bu konuda da \u00f6nc\u00fc olarak Anadolu Isuzu\u2019nun ba\u015far\u0131s\u0131n\u0131n kayna\u011f\u0131n\u0131n her konuda \u00f6nc\u00fc olmak oldu\u011funu bir kez daha g\u00f6stermi\u015ftir. Hayata ge\u00e7irmi\u015f oldu\u011fumuz mavi yaka e\u011fitim ve geli\u015fim merkezi ve sistemi d\u00fcnyadaki di\u011fer ISUZU fabrikalar\u0131na rol modeli olmu\u015ftur ve bu da \u00fclkemiz ve firmam\u0131z ad\u0131na bizler i\u00e7in de bir gurur kayna\u011f\u0131 olmu\u015ftur.\u201d- Anadolu ISUZU Teknik Direkt\u00f6r\u00fc Hakan \u00d6zen\u00e7Bu biraz farkl\u0131 bir kitap. Her \u015feyden \u00f6nce normal bir kitap ak\u0131\u015f\u0131na sahip de\u011fil. S\u0131k\u00e7a ald\u0131\u011f\u0131m \u00f6neriler ve hatta bazen zorlamalar \u00fczerine, \u00e7al\u0131\u015fmalarda ya\u015fad\u0131\u011f\u0131m tecr\u00fcbeleri payla\u015fmaya karar verdim. B\u00f6ylece benzer \u00e7al\u0131\u015fmalarda bulunanlara bir fikir verebilir, onlar\u0131n i\u015flerini kolayla\u015ft\u0131rabilir, sanayiye ve topluma bir katk\u0131 sa\u011flayabilirim diye d\u00fc\u015f\u00fcnd\u00fcm.Kaizen, k\u0131sa vadede bizim \u00fclke ve toplum olarak refah\u0131m\u0131z\u0131 art\u0131rabilmemiz i\u00e7in elimizde olan yeg\u00e2ne silaht\u0131r. Bu silah\u0131 kullanmay\u0131 \u00e7ok iyi \u00f6\u011frenmeliyiz ve de \u00e7ok ama \u00e7ok iyi kullanmal\u0131y\u0131z. Kaizen, bug\u00fcn firmalar\u0131m\u0131z\u0131n hayat\u0131n\u0131 kurtarabilecek derecede \u00f6nemli bir ara\u00e7t\u0131r. Kaizen, i\u015fsizlik sorunumuzu \u00e7\u00f6zebilece\u011fimiz, \u00e7al\u0131\u015fanlar\u0131m\u0131za daha fazla kazan\u00e7lar sunabilece\u011fimiz tek silah\u0131m\u0131zd\u0131r.D\u00fcnyan\u0131n ba\u015fka yerlerindeki uygulamalar\u0131 T\u00fcrk firmalar\u0131na ve \u00e7al\u0131\u015fanlar\u0131na ayn\u0131 \u015fekilde adapte etmeye \u00e7al\u0131\u015fmak ba\u015far\u0131s\u0131z olmay\u0131 tamamen garanti alt\u0131na almak demektir. T\u00fcrk \u00e7al\u0131\u015fanlar neden farkl\u0131d\u0131r, neyi farkl\u0131 yapmaktad\u0131rlar? Onlara nas\u0131l yakla\u015f\u0131lmal\u0131d\u0131r?Ba\u015far\u0131s\u0131z \u00e7al\u0131\u015fmalar yap\u0131lm\u0131\u015f ve \u00fcmidini kaybetmi\u015f firmalarda neyi farkl\u0131 yap\u0131nca bir anda radikal ve kal\u0131c\u0131 ba\u015far\u0131lar elde edilmeye ba\u015fland\u0131?<\/p>\n","protected":false},"excerpt":{"rendered":"<p>\u201cSahada sonu\u00e7 odakl\u0131 ve fabrika \u00e7al\u0131\u015fanlar\u0131 ile birlikte yap\u0131lan Kaizen \u00e7al\u0131\u015fmalar\u0131 sayesinde verimlili\u011fimizin artmas\u0131na ilave olarak yeni bir \u00fcretim k\u00fclt\u00fcr\u00fcne ad\u0131m att\u0131k. Kaizen \u00e7al\u0131\u015fmalar\u0131n\u0131n ba\u015flang\u0131c\u0131nda de\u011fi\u015fime<span class=\"excerpt-hellip\"> [\u2026]<\/span><\/p>\n","protected":false},"featured_media":0,"template":"","meta":{"_monsterinsights_skip_tracking":false,"_monsterinsights_sitenote_active":false,"_monsterinsights_sitenote_note":"","_monsterinsights_sitenote_category":0},"product_brand":[],"product_cat":[13043,17647],"product_tag":[],"class_list":{"0":"post-738007","1":"product","2":"type-product","3":"status-publish","5":"product_cat-ekonomi","6":"product_cat-is-dunyasi","7":"pa_cilt-ciltsiz","8":"pa_tur-kitap","9":"pa_yayinevi-optimist-yayin-dagitim","10":"pa_yazar-hakan-cengiz","12":"first","13":"instock","14":"sale","15":"shipping-taxable","16":"purchasable","17":"product-type-simple"},"_links":{"self":[{"href":"https:\/\/roveyayinevi.com.tr\/index.php\/wp-json\/wp\/v2\/product\/738007","targetHints":{"allow":["GET"]}}],"collection":[{"href":"https:\/\/roveyayinevi.com.tr\/index.php\/wp-json\/wp\/v2\/product"}],"about":[{"href":"https:\/\/roveyayinevi.com.tr\/index.php\/wp-json\/wp\/v2\/types\/product"}],"wp:attachment":[{"href":"https:\/\/roveyayinevi.com.tr\/index.php\/wp-json\/wp\/v2\/media?parent=738007"}],"wp:term":[{"taxonomy":"product_brand","embeddable":true,"href":"https:\/\/roveyayinevi.com.tr\/index.php\/wp-json\/wp\/v2\/product_brand?post=738007"},{"taxonomy":"product_cat","embeddable":true,"href":"https:\/\/roveyayinevi.com.tr\/index.php\/wp-json\/wp\/v2\/product_cat?post=738007"},{"taxonomy":"product_tag","embeddable":true,"href":"https:\/\/roveyayinevi.com.tr\/index.php\/wp-json\/wp\/v2\/product_tag?post=738007"}],"curies":[{"name":"wp","href":"https:\/\/api.w.org\/{rel}","templated":true}]}}